{"id":1665,"date":"2017-03-15T09:55:19","date_gmt":"2017-03-15T08:55:19","guid":{"rendered":"https:\/\/www.cheminees-seguin.com\/?page_id=1665\/"},"modified":"2025-11-28T10:38:23","modified_gmt":"2025-11-28T09:38:23","slug":"home","status":"publish","type":"page","link":"https:\/\/www.cheminees-seguin.com\/en\/","title":{"rendered":"Home"},"content":{"rendered":"","protected":false},"excerpt":{"rendered":"","protected":false},"author":3,"featured_media":0,"parent":0,"menu_order":-1,"comment_status":"closed","ping_status":"closed","template":"page-home.php","meta":[],"acf":[],"yoast_head":"<!-- This site is optimized with the Yoast SEO plugin v21.0 - https:\/\/yoast.com\/wordpress\/plugins\/seo\/ -->\n<title>Fireplaces, wood stoves, fireboxes and inserts - Seguin<\/title>\n<meta name=\"description\" content=\"Seguin wood stoves and fireplaces : designer and manufacturer of design, contemporary and authentic fireplaces, fireboxes and inserts.\" \/>\n<meta name=\"robots\" content=\"index, follow, max-snippet:-1, max-image-preview:large, max-video-preview:-1\" \/>\n<link rel=\"canonical\" href=\"https:\/\/www.cheminees-seguin.com\/en\/\" \/>\n<meta property=\"og:locale\" content=\"en_GB\" \/>\n<meta property=\"og:type\" content=\"article\" \/>\n<meta property=\"og:title\" content=\"Fireplaces, wood stoves, fireboxes and inserts - Seguin\" \/>\n<meta property=\"og:description\" content=\"Seguin wood stoves and fireplaces : designer and manufacturer of design, contemporary and authentic fireplaces, fireboxes and inserts.\" \/>\n<meta property=\"og:url\" content=\"https:\/\/www.cheminees-seguin.com\/en\/\" \/>\n<meta property=\"og:site_name\" content=\"PO\u00caLE \u00c0 BOIS, GRANUL\u00c9S, CHEMIN\u00c9E, FOYER, INSERT\" \/>\n<meta property=\"article:publisher\" content=\"https:\/\/fr-fr.facebook.com\/GroupeSeguin\" \/>\n<meta property=\"article:modified_time\" content=\"2025-11-28T09:38:23+00:00\" \/>\n<meta name=\"twitter:card\" content=\"summary_large_image\" \/>\n<script type=\"application\/ld+json\" class=\"yoast-schema-graph\">{\"@context\":\"https:\/\/schema.org\",\"@graph\":[{\"@type\":\"WebPage\",\"@id\":\"https:\/\/www.cheminees-seguin.com\/en\/\",\"url\":\"https:\/\/www.cheminees-seguin.com\/en\/\",\"name\":\"Fireplaces, wood stoves, fireboxes and inserts - Seguin\",\"isPartOf\":{\"@id\":\"https:\/\/www.cheminees-seguin.com\/#website\"},\"datePublished\":\"2017-03-15T08:55:19+00:00\",\"dateModified\":\"2025-11-28T09:38:23+00:00\",\"description\":\"Seguin wood stoves and fireplaces : designer and manufacturer of design, contemporary and authentic fireplaces, fireboxes and inserts.\",\"breadcrumb\":{\"@id\":\"https:\/\/www.cheminees-seguin.com\/en\/#breadcrumb\"},\"inLanguage\":\"en-GB\",\"potentialAction\":[{\"@type\":\"ReadAction\",\"target\":[\"https:\/\/www.cheminees-seguin.com\/en\/\"]}]},{\"@type\":\"BreadcrumbList\",\"@id\":\"https:\/\/www.cheminees-seguin.com\/en\/#breadcrumb\",\"itemListElement\":[{\"@type\":\"ListItem\",\"position\":1,\"name\":\"Home\",\"item\":\"https:\/\/www.cheminees-seguin.com\/en\/\"},{\"@type\":\"ListItem\",\"position\":2,\"name\":\"Home\"}]},{\"@type\":\"WebSite\",\"@id\":\"https:\/\/www.cheminees-seguin.com\/#website\",\"url\":\"https:\/\/www.cheminees-seguin.com\/\",\"name\":\"PO\u00caLE \u00c0 BOIS, GRANUL\u00c9S, CHEMIN\u00c9E, FOYER, INSERT\",\"description\":\"Faire de votre foyer le coeur de votre maison\",\"publisher\":{\"@id\":\"https:\/\/www.cheminees-seguin.com\/#organization\"},\"potentialAction\":[{\"@type\":\"SearchAction\",\"target\":{\"@type\":\"EntryPoint\",\"urlTemplate\":\"https:\/\/www.cheminees-seguin.com\/?s={search_term_string}\"},\"query-input\":\"required name=search_term_string\"}],\"inLanguage\":\"en-GB\"},{\"@type\":\"Organization\",\"@id\":\"https:\/\/www.cheminees-seguin.com\/#organization\",\"name\":\"SEGUIN\",\"url\":\"https:\/\/www.cheminees-seguin.com\/\",\"logo\":{\"@type\":\"ImageObject\",\"inLanguage\":\"en-GB\",\"@id\":\"https:\/\/www.cheminees-seguin.com\/#\/schema\/logo\/image\/\",\"url\":\"https:\/\/www.cheminees-seguin.com\/wp-content\/uploads\/2025\/09\/SEGUIN-RESEAU-DEPUIS-1976-fd-noir.png\",\"contentUrl\":\"https:\/\/www.cheminees-seguin.com\/wp-content\/uploads\/2025\/09\/SEGUIN-RESEAU-DEPUIS-1976-fd-noir.png\",\"width\":1181,\"height\":590,\"caption\":\"SEGUIN\"},\"image\":{\"@id\":\"https:\/\/www.cheminees-seguin.com\/#\/schema\/logo\/image\/\"},\"sameAs\":[\"https:\/\/fr-fr.facebook.com\/GroupeSeguin\",\"https:\/\/www.instagram.com\/seguinunehistoiredeflamme\/\",\"https:\/\/www.youtube.com\/user\/SeguinDuteriez\"]}]}<\/script>\n<!-- \/ Yoast SEO plugin. -->","yoast_head_json":{"title":"Fireplaces, wood stoves, fireboxes and inserts - Seguin","description":"Seguin wood stoves and fireplaces : designer and manufacturer of design, contemporary and authentic fireplaces, fireboxes and inserts.","robots":{"index":"index","follow":"follow","max-snippet":"max-snippet:-1","max-image-preview":"max-image-preview:large","max-video-preview":"max-video-preview:-1"},"canonical":"https:\/\/www.cheminees-seguin.com\/en\/","og_locale":"en_GB","og_type":"article","og_title":"Fireplaces, wood stoves, fireboxes and inserts - Seguin","og_description":"Seguin wood stoves and fireplaces : designer and manufacturer of design, contemporary and authentic fireplaces, fireboxes and inserts.","og_url":"https:\/\/www.cheminees-seguin.com\/en\/","og_site_name":"PO\u00caLE \u00c0 BOIS, GRANUL\u00c9S, CHEMIN\u00c9E, FOYER, INSERT","article_publisher":"https:\/\/fr-fr.facebook.com\/GroupeSeguin","article_modified_time":"2025-11-28T09:38:23+00:00","twitter_card":"summary_large_image","schema":{"@context":"https:\/\/schema.org","@graph":[{"@type":"WebPage","@id":"https:\/\/www.cheminees-seguin.com\/en\/","url":"https:\/\/www.cheminees-seguin.com\/en\/","name":"Fireplaces, wood stoves, fireboxes and inserts - Seguin","isPartOf":{"@id":"https:\/\/www.cheminees-seguin.com\/#website"},"datePublished":"2017-03-15T08:55:19+00:00","dateModified":"2025-11-28T09:38:23+00:00","description":"Seguin wood stoves and fireplaces : designer and manufacturer of design, contemporary and authentic fireplaces, fireboxes and inserts.","breadcrumb":{"@id":"https:\/\/www.cheminees-seguin.com\/en\/#breadcrumb"},"inLanguage":"en-GB","potentialAction":[{"@type":"ReadAction","target":["https:\/\/www.cheminees-seguin.com\/en\/"]}]},{"@type":"BreadcrumbList","@id":"https:\/\/www.cheminees-seguin.com\/en\/#breadcrumb","itemListElement":[{"@type":"ListItem","position":1,"name":"Home","item":"https:\/\/www.cheminees-seguin.com\/en\/"},{"@type":"ListItem","position":2,"name":"Home"}]},{"@type":"WebSite","@id":"https:\/\/www.cheminees-seguin.com\/#website","url":"https:\/\/www.cheminees-seguin.com\/","name":"PO\u00caLE \u00c0 BOIS, GRANUL\u00c9S, CHEMIN\u00c9E, FOYER, INSERT","description":"Faire de votre foyer le coeur de votre maison","publisher":{"@id":"https:\/\/www.cheminees-seguin.com\/#organization"},"potentialAction":[{"@type":"SearchAction","target":{"@type":"EntryPoint","urlTemplate":"https:\/\/www.cheminees-seguin.com\/?s={search_term_string}"},"query-input":"required name=search_term_string"}],"inLanguage":"en-GB"},{"@type":"Organization","@id":"https:\/\/www.cheminees-seguin.com\/#organization","name":"SEGUIN","url":"https:\/\/www.cheminees-seguin.com\/","logo":{"@type":"ImageObject","inLanguage":"en-GB","@id":"https:\/\/www.cheminees-seguin.com\/#\/schema\/logo\/image\/","url":"https:\/\/www.cheminees-seguin.com\/wp-content\/uploads\/2025\/09\/SEGUIN-RESEAU-DEPUIS-1976-fd-noir.png","contentUrl":"https:\/\/www.cheminees-seguin.com\/wp-content\/uploads\/2025\/09\/SEGUIN-RESEAU-DEPUIS-1976-fd-noir.png","width":1181,"height":590,"caption":"SEGUIN"},"image":{"@id":"https:\/\/www.cheminees-seguin.com\/#\/schema\/logo\/image\/"},"sameAs":["https:\/\/fr-fr.facebook.com\/GroupeSeguin","https:\/\/www.instagram.com\/seguinunehistoiredeflamme\/","https:\/\/www.youtube.com\/user\/SeguinDuteriez"]}]}},"brizy_media":[],"_links":{"self":[{"href":"https:\/\/www.cheminees-seguin.com\/en\/wp-json\/wp\/v2\/pages\/1665"}],"collection":[{"href":"https:\/\/www.cheminees-seguin.com\/en\/wp-json\/wp\/v2\/pages"}],"about":[{"href":"https:\/\/www.cheminees-seguin.com\/en\/wp-json\/wp\/v2\/types\/page"}],"author":[{"embeddable":true,"href":"https:\/\/www.cheminees-seguin.com\/en\/wp-json\/wp\/v2\/users\/3"}],"replies":[{"embeddable":true,"href":"https:\/\/www.cheminees-seguin.com\/en\/wp-json\/wp\/v2\/comments?post=1665"}],"version-history":[{"count":3,"href":"https:\/\/www.cheminees-seguin.com\/en\/wp-json\/wp\/v2\/pages\/1665\/revisions"}],"predecessor-version":[{"id":23016,"href":"https:\/\/www.cheminees-seguin.com\/en\/wp-json\/wp\/v2\/pages\/1665\/revisions\/23016"}],"wp:attachment":[{"href":"https:\/\/www.cheminees-seguin.com\/en\/wp-json\/wp\/v2\/media?parent=1665"}],"curies":[{"name":"wp","href":"https:\/\/api.w.org\/{rel}","templated":true}]}}