{"id":16679,"date":"2023-02-01T16:26:43","date_gmt":"2023-02-01T15:26:43","guid":{"rendered":"https:\/\/www.cheminees-seguin.com\/?page_id=16679"},"modified":"2023-02-01T16:26:45","modified_gmt":"2023-02-01T15:26:45","slug":"our-commitments","status":"publish","type":"page","link":"https:\/\/www.cheminees-seguin.com\/en\/our-commitments\/","title":{"rendered":"Our commitments"},"content":{"rendered":"\n<p style=\"border: 1px solid #cf2e2e; width: 14%; color: #ffffff; background: #cf2e2e; padding: 5px; text-align: center;\">Plantons pour l&#8217;avenir<\/p>\n\n\n\n<div style=\"height:20px\" aria-hidden=\"true\" class=\"wp-block-spacer\"><\/div>\n\n\n\n<h2>The Seguin Group has placed sustainable development at the heart of its activities<\/h2>\n\n\n\n<div style=\"height:20px\" aria-hidden=\"true\" class=\"wp-block-spacer\"><\/div>\n\n\n\n<div class=\"is-layout-flex wp-container-3 wp-block-columns\">\n<div class=\"is-layout-flow wp-block-column\" style=\"flex-basis:33.33%\">\n<figure class=\"wp-block-image size-large\"><img decoding=\"async\" loading=\"lazy\" width=\"450\" height=\"500\" src=\"https:\/\/www.cheminees-seguin.com\/wp-content\/uploads\/2023\/01\/test-1-6.jpg\" alt=\"\" class=\"wp-image-16192\" srcset=\"https:\/\/www.cheminees-seguin.com\/wp-content\/uploads\/2023\/01\/test-1-6.jpg 450w, https:\/\/www.cheminees-seguin.com\/wp-content\/uploads\/2023\/01\/test-1-6-380x422.jpg 380w\" sizes=\"(max-width: 450px) 100vw, 450px\" \/><\/figure>\n<\/div>\n\n\n\n<div class=\"is-layout-flow wp-block-column is-vertically-aligned-center\" style=\"flex-basis:66.66%\">\n<p>France has an exceptional forest heritage, but it is not sufficiently renewed. Our forests are ageing and are fragmented: many plots are not maintained due to a lack of resources.<\/p>\n\n\n\n<p>As a benefactor partner of <a href=\"https:\/\/www.plantonspourlavenir.fr\/\" target=\"_blank\" rel=\"noreferrer noopener\">Planting for the Future<\/a>, the Seguin Group has been supporting tree planting since 2016. This ambitious and innovative endowment fund, created to provide a concrete response to the current and future challenges of reforestation in France, contributes in particular to the achievement of 5 structural objectives:<\/p>\n\n\n\n<p>Planting and replanting, by directly supporting reforestation operations, particularly on poorly-used plots.<\/p>\n\n\n\n<p>Encourage sustainable forest management, by promoting dynamic forest management that maintains a balance between production, biodiversity and respect for users.<\/p>\n\n\n\n<p>Support an economic and social sector by promoting dynamic forest management that maintains a balance between production, biodiversity and respect for users.<\/p>\n\n\n\n<p>Mobilise public opinion, by working to raise awareness among all generations of the vital role of forests and the importance of conserving this exceptional heritage.<\/p>\n\n\n\n<p>Encourage innovation, by supporting the development of innovative forest management techniques and practices, adapted to the environmental challenges of tomorrow. You too can participate in the reforestation of France: in order to renew our forests, make a donation <a href=\"https:\/\/www.plantonspourlavenir.fr\/faire-un-don\/?MECENE=SAS%20SEGUIN%20DUTERIEZ&amp;LOGO_MECENE=\" target=\"_blank\" rel=\"noreferrer noopener\">to Plant for the Future<\/a><\/p>\n<\/div>\n<\/div>\n\n\n\n<div style=\"height:20px\" aria-hidden=\"true\" class=\"wp-block-spacer\"><\/div>\n\n\n\n<p style=\"border: 1px solid #cf2e2e; width: 21%; color: #ffffff; background: #cf2e2e; padding: 5px; text-align: center;\">Sailing partnership<\/p>\n\n\n\n<div style=\"height:20px\" aria-hidden=\"true\" class=\"wp-block-spacer\"><\/div>\n\n\n\n<h2>The Seguin Group supports the values of sailing<\/h2>\n\n\n\n<div style=\"height:20px\" aria-hidden=\"true\" class=\"wp-block-spacer\"><\/div>\n\n\n\n<div class=\"is-layout-flex wp-container-6 wp-block-columns\">\n<div class=\"is-layout-flow wp-block-column is-vertically-aligned-center\" style=\"flex-basis:66.66%\">\n<p>We have chosen to support the sports team of Damien Seguin, French skipper and double Paralympic champion, by becoming a member of the APICIL Group Sailing Team partners&#8217; club.<\/p>\n\n\n\n<p>The Group is pleased to support an ambitious ocean sailing project and to embark on a new common goal, the Vend\u00e9e Globe 2024.<\/p>\n\n\n\n<p>By embarking on sponsorship for the first time, the Seguin Group is opting for a powerful, unifying and promising sport. This commitment seems obvious since the values of sailing are in line with our own and the image of our network: a human and engaging adventure.<\/p>\n\n\n\n<div style=\"height:20px\" aria-hidden=\"true\" class=\"wp-block-spacer\"><\/div>\n\n\n\n<blockquote class=\"wp-block-quote\"><p>&#8220;Our Group is proud to support Damien in his ambitious project of offshore sailing races over the next three years. The namesake of the talented skipper is a wink and the values of this sport embody the spirit of passion that drives our employees and our entire network of dealers and partners.&#8221; Aymeric De Galembert, President of the Seguin Group.<\/p><\/blockquote>\n\n\n\n<div style=\"height:20px\" aria-hidden=\"true\" class=\"wp-block-spacer\"><\/div>\n\n\n\n<h3>About Damien Seguin<\/h3>\n\n\n\n<p>Damien Seguin is the only disabled skipper to have completed the Vend\u00e9e Globe, finishing 7th in the 2020 edition. A multiple world champion and three-time Paralympic medallist, he strives to combine his sporting ambition with a message of inclusion.<\/p>\n\n\n\n<p>For his second campaign, he is getting ready to take on the biggest challenge of his career by committing himself to a dense and ambitious three-year programme of mythical events:<\/p>\n\n\n\n<p>The Route du Rhum 2022<\/p>\n\n\n\n<p>The Transat Jacques Vabre 2023<\/p>\n\n\n\n<p>The Vend\u00e9e Globe 2024<\/p>\n<\/div>\n\n\n\n<div class=\"is-layout-flow wp-block-column\" style=\"flex-basis:33.33%\">\n<figure class=\"wp-block-image size-large is-resized\"><img decoding=\"async\" loading=\"lazy\" src=\"https:\/\/www.cheminees-seguin.com\/wp-content\/uploads\/2023\/01\/Photo-VOILE.jpg\" alt=\"inclusion\" class=\"wp-image-16517\" width=\"450\" height=\"500\" srcset=\"https:\/\/www.cheminees-seguin.com\/wp-content\/uploads\/2023\/01\/Photo-VOILE.jpg 450w, https:\/\/www.cheminees-seguin.com\/wp-content\/uploads\/2023\/01\/Photo-VOILE-380x422.jpg 380w\" sizes=\"(max-width: 450px) 100vw, 450px\" \/><\/figure>\n<\/div>\n<\/div>\n","protected":false},"excerpt":{"rendered":"<p>Plantons pour l&#8217;avenir The Seguin Group has placed sustainable development at the heart of its activities France has an exceptional&#8230;<span class=\"read-more\"><a href=\"https:\/\/www.cheminees-seguin.com\/en\/our-commitments\/\">Read more<\/a><\/span><\/p>\n","protected":false},"author":1,"featured_media":16193,"parent":0,"menu_order":0,"comment_status":"closed","ping_status":"closed","template":"","meta":[],"acf":[],"yoast_head":"<!-- This site is optimized with the Yoast SEO plugin v21.0 - https:\/\/yoast.com\/wordpress\/plugins\/seo\/ -->\n<title>Our commitments - PO\u00caLE \u00c0 BOIS, GRANUL\u00c9S, CHEMIN\u00c9E, FOYER, INSERT<\/title>\n<meta name=\"description\" content=\"At Seguin, it is important for us to reduce our environmental impact, so we have made commitments to move forward.\" \/>\n<meta name=\"robots\" content=\"index, follow, max-snippet:-1, max-image-preview:large, max-video-preview:-1\" \/>\n<link rel=\"canonical\" href=\"https:\/\/www.cheminees-seguin.com\/en\/our-commitments\/\" \/>\n<meta property=\"og:locale\" content=\"en_GB\" \/>\n<meta property=\"og:type\" content=\"article\" \/>\n<meta property=\"og:title\" content=\"Our commitments - PO\u00caLE \u00c0 BOIS, GRANUL\u00c9S, CHEMIN\u00c9E, FOYER, INSERT\" \/>\n<meta property=\"og:description\" content=\"At Seguin, it is important for us to reduce our environmental impact, so we have made commitments to move forward.\" \/>\n<meta property=\"og:url\" content=\"https:\/\/www.cheminees-seguin.com\/en\/our-commitments\/\" \/>\n<meta property=\"og:site_name\" content=\"PO\u00caLE \u00c0 BOIS, GRANUL\u00c9S, CHEMIN\u00c9E, FOYER, INSERT\" \/>\n<meta property=\"article:publisher\" content=\"https:\/\/fr-fr.facebook.com\/GroupeSeguin\" \/>\n<meta property=\"article:modified_time\" content=\"2023-02-01T15:26:45+00:00\" \/>\n<meta property=\"og:image\" content=\"https:\/\/www.cheminees-seguin.com\/wp-content\/uploads\/2023\/01\/test-1-6.jpg\" \/>\n\t<meta property=\"og:image:width\" content=\"450\" \/>\n\t<meta property=\"og:image:height\" content=\"500\" \/>\n\t<meta property=\"og:image:type\" content=\"image\/jpeg\" \/>\n<meta name=\"twitter:card\" content=\"summary_large_image\" \/>\n<meta name=\"twitter:label1\" content=\"Est. reading time\" \/>\n\t<meta name=\"twitter:data1\" content=\"2 minutes\" \/>\n<script type=\"application\/ld+json\" class=\"yoast-schema-graph\">{\"@context\":\"https:\/\/schema.org\",\"@graph\":[{\"@type\":\"WebPage\",\"@id\":\"https:\/\/www.cheminees-seguin.com\/en\/our-commitments\/\",\"url\":\"https:\/\/www.cheminees-seguin.com\/en\/our-commitments\/\",\"name\":\"Our commitments - PO\u00caLE \u00c0 BOIS, GRANUL\u00c9S, CHEMIN\u00c9E, FOYER, INSERT\",\"isPartOf\":{\"@id\":\"https:\/\/www.cheminees-seguin.com\/#website\"},\"datePublished\":\"2023-02-01T15:26:43+00:00\",\"dateModified\":\"2023-02-01T15:26:45+00:00\",\"description\":\"At Seguin, it is important for us to reduce our environmental impact, so we have made commitments to move forward.\",\"breadcrumb\":{\"@id\":\"https:\/\/www.cheminees-seguin.com\/en\/our-commitments\/#breadcrumb\"},\"inLanguage\":\"en-GB\",\"potentialAction\":[{\"@type\":\"ReadAction\",\"target\":[\"https:\/\/www.cheminees-seguin.com\/en\/our-commitments\/\"]}]},{\"@type\":\"BreadcrumbList\",\"@id\":\"https:\/\/www.cheminees-seguin.com\/en\/our-commitments\/#breadcrumb\",\"itemListElement\":[{\"@type\":\"ListItem\",\"position\":1,\"name\":\"Home\",\"item\":\"https:\/\/www.cheminees-seguin.com\/en\/\"},{\"@type\":\"ListItem\",\"position\":2,\"name\":\"Our commitments\"}]},{\"@type\":\"WebSite\",\"@id\":\"https:\/\/www.cheminees-seguin.com\/#website\",\"url\":\"https:\/\/www.cheminees-seguin.com\/\",\"name\":\"PO\u00caLE \u00c0 BOIS, GRANUL\u00c9S, CHEMIN\u00c9E, FOYER, INSERT\",\"description\":\"Faire de votre foyer le coeur de votre maison\",\"publisher\":{\"@id\":\"https:\/\/www.cheminees-seguin.com\/#organization\"},\"potentialAction\":[{\"@type\":\"SearchAction\",\"target\":{\"@type\":\"EntryPoint\",\"urlTemplate\":\"https:\/\/www.cheminees-seguin.com\/?s={search_term_string}\"},\"query-input\":\"required name=search_term_string\"}],\"inLanguage\":\"en-GB\"},{\"@type\":\"Organization\",\"@id\":\"https:\/\/www.cheminees-seguin.com\/#organization\",\"name\":\"SEGUIN\",\"url\":\"https:\/\/www.cheminees-seguin.com\/\",\"logo\":{\"@type\":\"ImageObject\",\"inLanguage\":\"en-GB\",\"@id\":\"https:\/\/www.cheminees-seguin.com\/#\/schema\/logo\/image\/\",\"url\":\"https:\/\/www.cheminees-seguin.com\/wp-content\/uploads\/2025\/09\/SEGUIN-RESEAU-DEPUIS-1976-fd-noir.png\",\"contentUrl\":\"https:\/\/www.cheminees-seguin.com\/wp-content\/uploads\/2025\/09\/SEGUIN-RESEAU-DEPUIS-1976-fd-noir.png\",\"width\":1181,\"height\":590,\"caption\":\"SEGUIN\"},\"image\":{\"@id\":\"https:\/\/www.cheminees-seguin.com\/#\/schema\/logo\/image\/\"},\"sameAs\":[\"https:\/\/fr-fr.facebook.com\/GroupeSeguin\",\"https:\/\/www.instagram.com\/seguinunehistoiredeflamme\/\",\"https:\/\/www.youtube.com\/user\/SeguinDuteriez\"]}]}<\/script>\n<!-- \/ Yoast SEO plugin. -->","yoast_head_json":{"title":"Our commitments - PO\u00caLE \u00c0 BOIS, GRANUL\u00c9S, CHEMIN\u00c9E, FOYER, INSERT","description":"At Seguin, it is important for us to reduce our environmental impact, so we have made commitments to move forward.","robots":{"index":"index","follow":"follow","max-snippet":"max-snippet:-1","max-image-preview":"max-image-preview:large","max-video-preview":"max-video-preview:-1"},"canonical":"https:\/\/www.cheminees-seguin.com\/en\/our-commitments\/","og_locale":"en_GB","og_type":"article","og_title":"Our commitments - PO\u00caLE \u00c0 BOIS, GRANUL\u00c9S, CHEMIN\u00c9E, FOYER, INSERT","og_description":"At Seguin, it is important for us to reduce our environmental impact, so we have made commitments to move forward.","og_url":"https:\/\/www.cheminees-seguin.com\/en\/our-commitments\/","og_site_name":"PO\u00caLE \u00c0 BOIS, GRANUL\u00c9S, CHEMIN\u00c9E, FOYER, INSERT","article_publisher":"https:\/\/fr-fr.facebook.com\/GroupeSeguin","article_modified_time":"2023-02-01T15:26:45+00:00","og_image":[{"width":450,"height":500,"url":"https:\/\/www.cheminees-seguin.com\/wp-content\/uploads\/2023\/01\/test-1-6.jpg","type":"image\/jpeg"}],"twitter_card":"summary_large_image","twitter_misc":{"Est. reading time":"2 minutes"},"schema":{"@context":"https:\/\/schema.org","@graph":[{"@type":"WebPage","@id":"https:\/\/www.cheminees-seguin.com\/en\/our-commitments\/","url":"https:\/\/www.cheminees-seguin.com\/en\/our-commitments\/","name":"Our commitments - PO\u00caLE \u00c0 BOIS, GRANUL\u00c9S, CHEMIN\u00c9E, FOYER, INSERT","isPartOf":{"@id":"https:\/\/www.cheminees-seguin.com\/#website"},"datePublished":"2023-02-01T15:26:43+00:00","dateModified":"2023-02-01T15:26:45+00:00","description":"At Seguin, it is important for us to reduce our environmental impact, so we have made commitments to move forward.","breadcrumb":{"@id":"https:\/\/www.cheminees-seguin.com\/en\/our-commitments\/#breadcrumb"},"inLanguage":"en-GB","potentialAction":[{"@type":"ReadAction","target":["https:\/\/www.cheminees-seguin.com\/en\/our-commitments\/"]}]},{"@type":"BreadcrumbList","@id":"https:\/\/www.cheminees-seguin.com\/en\/our-commitments\/#breadcrumb","itemListElement":[{"@type":"ListItem","position":1,"name":"Home","item":"https:\/\/www.cheminees-seguin.com\/en\/"},{"@type":"ListItem","position":2,"name":"Our commitments"}]},{"@type":"WebSite","@id":"https:\/\/www.cheminees-seguin.com\/#website","url":"https:\/\/www.cheminees-seguin.com\/","name":"PO\u00caLE \u00c0 BOIS, GRANUL\u00c9S, CHEMIN\u00c9E, FOYER, INSERT","description":"Faire de votre foyer le coeur de votre maison","publisher":{"@id":"https:\/\/www.cheminees-seguin.com\/#organization"},"potentialAction":[{"@type":"SearchAction","target":{"@type":"EntryPoint","urlTemplate":"https:\/\/www.cheminees-seguin.com\/?s={search_term_string}"},"query-input":"required name=search_term_string"}],"inLanguage":"en-GB"},{"@type":"Organization","@id":"https:\/\/www.cheminees-seguin.com\/#organization","name":"SEGUIN","url":"https:\/\/www.cheminees-seguin.com\/","logo":{"@type":"ImageObject","inLanguage":"en-GB","@id":"https:\/\/www.cheminees-seguin.com\/#\/schema\/logo\/image\/","url":"https:\/\/www.cheminees-seguin.com\/wp-content\/uploads\/2025\/09\/SEGUIN-RESEAU-DEPUIS-1976-fd-noir.png","contentUrl":"https:\/\/www.cheminees-seguin.com\/wp-content\/uploads\/2025\/09\/SEGUIN-RESEAU-DEPUIS-1976-fd-noir.png","width":1181,"height":590,"caption":"SEGUIN"},"image":{"@id":"https:\/\/www.cheminees-seguin.com\/#\/schema\/logo\/image\/"},"sameAs":["https:\/\/fr-fr.facebook.com\/GroupeSeguin","https:\/\/www.instagram.com\/seguinunehistoiredeflamme\/","https:\/\/www.youtube.com\/user\/SeguinDuteriez"]}]}},"brizy_media":[],"_links":{"self":[{"href":"https:\/\/www.cheminees-seguin.com\/en\/wp-json\/wp\/v2\/pages\/16679"}],"collection":[{"href":"https:\/\/www.cheminees-seguin.com\/en\/wp-json\/wp\/v2\/pages"}],"about":[{"href":"https:\/\/www.cheminees-seguin.com\/en\/wp-json\/wp\/v2\/types\/page"}],"author":[{"embeddable":true,"href":"https:\/\/www.cheminees-seguin.com\/en\/wp-json\/wp\/v2\/users\/1"}],"replies":[{"embeddable":true,"href":"https:\/\/www.cheminees-seguin.com\/en\/wp-json\/wp\/v2\/comments?post=16679"}],"version-history":[{"count":0,"href":"https:\/\/www.cheminees-seguin.com\/en\/wp-json\/wp\/v2\/pages\/16679\/revisions"}],"wp:featuredmedia":[{"embeddable":true,"href":"https:\/\/www.cheminees-seguin.com\/en\/wp-json\/wp\/v2\/media\/16193"}],"wp:attachment":[{"href":"https:\/\/www.cheminees-seguin.com\/en\/wp-json\/wp\/v2\/media?parent=16679"}],"curies":[{"name":"wp","href":"https:\/\/api.w.org\/{rel}","templated":true}]}}