{"id":23197,"date":"2026-02-24T16:13:12","date_gmt":"2026-02-24T15:13:12","guid":{"rendered":"https:\/\/www.cheminees-seguin.com\/vulx\/"},"modified":"2026-04-21T15:48:09","modified_gmt":"2026-04-21T13:48:09","slug":"vulx","status":"publish","type":"page","link":"https:\/\/www.cheminees-seguin.com\/en\/brands\/vulx\/","title":{"rendered":"VULX"},"content":{"rendered":"\n<section id=\"hero-carrefour-gutenberg-4c0341b8-6f84-442a-a812-9e82f95d66fa\" class=\"hero-carrefour\">\n\n\t<!-- Section Hero (Image + Logo mobile + Titre desktop) -->\n\t<div class=\"hero-carrefour__hero\">\n\t\t\t\t\t<div class=\"hero-carrefour__image-wrapper\">\n\t\t\t\t<img\n\t\t\t\t\tsrc=\"https:\/\/www.cheminees-seguin.com\/wp-content\/uploads\/2026\/04\/VULX.jpg\"\n\t\t\t\t\talt=\"VULX\"\n\t\t\t\t\tclass=\"hero-carrefour__image\"\n\t\t\t\t\tloading=\"eager\"\n\t\t\t\t\tfetchpriority=\"high\"\n\t\t\t\t\/>\n\t\t\t<\/div>\n\t\t\n\t\t<!-- Shadow gradient (mobile only) -->\n\t\t<div class=\"hero-carrefour__shadow\"><\/div>\n\n\t\t<!-- Logo (mobile only) -->\n\t\t\n\t\t<!-- Titre (desktop only) -->\n\t\t\t\t\t\t\t\t<div class=\"hero-carrefour__title-desktop\">\n\t\t\t\t<h1>VULX<\/h1>\n\t\t\t<\/div>\n\t\t\t<\/div>\n\n\t<!-- Bandeau message (WYSIWYG) -->\n\t\n\t<!-- Section Content (mobile only - titre + description) -->\n\t<div class=\"hero-carrefour__content\">\n\t\t\t\t\t<span class=\"hero-carrefour__title-mobile\" aria-hidden=\"true\">VULX<\/span>\n\t\t\n\t\t\t<\/div>\n\n<\/section>\n\n\n\n<p>VULX is the outdoor brand of the SEGUIN Group, specialising in braziers, planchas and outdoor fire solutions.<br><br>Designed to extend the outdoor fire experience, VULX offers design, robust and functional equipment that transform terraces and gardens into real living spaces.<br><br>With VULX, SEGUIN asserts its know-how around fire by developing a range of outdoor products combining contemporary aesthetics, quality of materials and performance of use.<\/p>\n\n\n\n<div style=\"height:20px\" aria-hidden=\"true\" class=\"wp-block-spacer\"><\/div>\n\n\n\n<section class=\"bloc-texte-img bloc-texte-img--img-50\" data-component=\"11-bloc-texte-img\">\n\t<div class=\"bloc-texte-img__layout bloc-texte-img__layout--img-right\">\n\n\t\t<!-- Content bloc (text + button) -->\n\t\t<div class=\"bloc-texte-img__content bloc-texte-img__content--black\">\n\t\t\t<div class=\"bloc-texte-img__text\">\n\n\t\t\t\t\t\t\t\t\t<h2 class=\"bloc-texte-img__title\">\n\t\t\t\t\t\tVULX: fire expertise in outdoor version\t\t\t\t\t<\/h2>\n\t\t\t\t\n\t\t\t\t\t\t\t\t\t<div class=\"bloc-texte-img__description\">\n\t\t\t\t\t\t<p>With its historical expertise in the world of heating and fire, SEGUIN created VULX to respond to a new way of living in outdoor spaces.<br>The VULX brand is aimed at individuals and professionals looking for:<br>Outdoor design equipment Robust<br>and durable solutions<br>A friendly experience around the fire<br>Outdoor furniture with a strong identity<br>Each VULX product is designed to withstand outdoor conditions while delivering a modern, timeless aesthetic.<\/p>\t\t\t\t\t<\/div>\n\t\t\t\t\n\t\t\t<\/div>\n\n\t\t\t\t\t\t\t\t\t\t\t<div class=\"bloc-texte-img__cta\">\n\t\t\t\t\t<a href=\"https:\/\/www.my-vulx.com\/\"\n\t\t\t\t\t\tclass=\"btn btn-primary\"\n\t\t\t\t\t\t>\n\t\t\t\t\t\tDiscover the products\t\t\t\t\t<\/a>\n\t\t\t\t<\/div>\n\t\t\t\t\t<\/div>\n\n\t\t<!-- Image bloc -->\n\t\t<div class=\"bloc-texte-img__image\">\n\t\t\t\t\t\t\t<img decoding=\"async\" src=\"https:\/\/www.cheminees-seguin.com\/wp-content\/uploads\/2026\/02\/Visuel-5.jpg\"\n\t\t\t\t\talt=\"Produit outdoor VULX Table brasero plancha\" \/>\n\t\t\t\n\t\t\t\t\t<\/div>\n\n\t<\/div>\n<\/section>\n\n\n\n<section class=\"coup-de-coeur\" data-component=\"32-coup-de-coeur\">\n\t<!-- Background noir -->\n\t<div class=\"coup-de-coeur__bg\"><\/div>\n\n\t<div class=\"container\">\n\t\t<!-- Header -->\n\t\t<div class=\"coup-de-coeur__header\">\n\t\t\t<div class=\"row\">\n\t\t\t\t<div class=\"col-lg-8 offset-lg-2\">\n\t\t\t\t\t\t\t\t\t\t\t<h2 class=\"coup-de-coeur__title\">\n\t\t\t\t\t\t\tA complete range to enhance your exteriors\t\t\t\t\t\t<\/h2>\n\t\t\t\t\t\n\t\t\t\t\t\t\t\t\t\t\t<div class=\"coup-de-coeur__description\">\n\t\t\t\t\t\t\tThe VULX range meets the new expectations for premium outdoor design, including:\t\t\t\t\t\t<\/div>\n\t\t\t\t\t\t\t\t\t<\/div>\n\t\t\t<\/div>\n\t\t<\/div>\n\n\t\t<!-- Grid \/ Slider -->\n\t\t\t\t\t<div class=\"coup-de-coeur__carousel splide\">\n\t\t\t\t<div class=\"splide__track\">\n\t\t\t\t\t<ul class=\"splide__list\">\n\t\t\t\t\t\t\t\t\t\t\t\t\t<li class=\"splide__slide\">\n\t\t\t\t\t\t\t\t<div class=\"coup-de-coeur__card\">\n\t\t\t\t\t\t\t\t\t<!-- Image avec badge -->\n\t\t\t\t\t\t\t\t\t<div class=\"coup-de-coeur__card-image\">\n\t\t\t\t\t\t\t\t\t\t\t\t\t\t\t\t\t\t\t\t\t<img decoding=\"async\" src=\"https:\/\/www.cheminees-seguin.com\/wp-content\/uploads\/2026\/02\/Table-brasero-plancha-1024x1024.jpg\"\n\t\t\t\t\t\t\t\t\t\t\t\talt=\"Table brasero plancha VULX\" \/>\n\t\t\t\t\t\t\t\t\t\t\t\t\t\t\t\t\t\t\t\t<span class=\"coup-de-coeur__badge\">Favorite<\/span>\n\t\t\t\t\t\t\t\t\t<\/div>\n\n\t\t\t\t\t\t\t\t\t<!-- Infos produit -->\n\t\t\t\t\t\t\t\t\t<div class=\"coup-de-coeur__card-infos\">\n\t\t\t\t\t\t\t\t\t\t<div class=\"coup-de-coeur__card-content\">\n\n\t\t\t\t\t\t\t\t\t\t\t<!-- Tiret ou drapeau -->\n\t\t\t\t\t\t\t\t\t\t\t\t\t\t\t\t\t\t\t\t\t\t\t<div class=\"coup-de-coeur__tiret\"><\/div>\n\t\t\t\t\t\t\t\t\t\t\t\n\t\t\t\t\t\t\t\t\t\t\t<div class=\"coup-de-coeur__card-texte\">\n\t\t\t\t\t\t\t\t\t\t\t\t\t\t\t\t\t\t\t\t\t\t\t\t\t<h3 class=\"coup-de-coeur__card-name\">\n\t\t\t\t\t\t\t\t\t\t\t\t\t\tPlancha brazier table\t\t\t\t\t\t\t\t\t\t\t\t\t<\/h3>\n\t\t\t\t\t\t\t\t\t\t\t\t\n\t\t\t\t\t\t\t\t\t\t\t\t\t\t\t\t\t\t\t\t\t\t\t\t\t<p class=\"coup-de-coeur__card-desc\">\n\t\t\t\t\t\t\t\t\t\t\t\t\t\tDiscover our 2-in-1 tables perfect for enjoying your exteriors\t\t\t\t\t\t\t\t\t\t\t\t\t<\/p>\n\t\t\t\t\t\t\t\t\t\t\t\t\t\t\t\t\t\t\t\t\t\t\t<\/div>\n\t\t\t\t\t\t\t\t\t\t<\/div>\n\n\t\t\t\t\t\t\t\t\t\t\t\t\t\t\t\t\t\t\t\t\t\t\t\t\t\t\t\t\t\t\t<div class=\"coup-de-coeur__card-cta\">\n\t\t\t\t\t\t\t\t\t\t\t<a href=\"https:\/\/www.my-vulx.com\/categorie-produit\/cuisson\/table-barbecue-plancha\/\"\n\t\t\t\t\t\t\t\t\t\t\t\t\tclass=\"btn btn-primary\"\n\t\t\t\t\t\t\t\t\t\t\t\t\t\t\t\t\t\t\t\t\t\t\t\t\t\t\ttarget=\"_blank\">\n\t\t\t\t\t\t\t\t\t\t\t\t\tFind out more\t\t\t\t\t\t\t\t\t\t\t\t<\/a>\n\t\t\t\t\t\t\t\t\t\t\t<\/div>\n\t\t\t\t\t\t\t\t\t\t\t\t\t\t\t\t\t\t\t<\/div>\n\t\t\t\t\t\t\t\t<\/div>\n\t\t\t\t\t\t\t<\/li>\n\t\t\t\t\t\t\t\t\t\t\t\t\t<li class=\"splide__slide\">\n\t\t\t\t\t\t\t\t<div class=\"coup-de-coeur__card\">\n\t\t\t\t\t\t\t\t\t<!-- Image avec badge -->\n\t\t\t\t\t\t\t\t\t<div class=\"coup-de-coeur__card-image\">\n\t\t\t\t\t\t\t\t\t\t\t\t\t\t\t\t\t\t\t\t\t<img decoding=\"async\" src=\"https:\/\/www.cheminees-seguin.com\/wp-content\/uploads\/2026\/02\/Brasero-dexterieur-1024x1024.jpg\"\n\t\t\t\t\t\t\t\t\t\t\t\talt=\"Brasero d&#039;ext\u00e9rieur VULX\" \/>\n\t\t\t\t\t\t\t\t\t\t\t\t\t\t\t\t\t\t\t\t<span class=\"coup-de-coeur__badge\">Favorite<\/span>\n\t\t\t\t\t\t\t\t\t<\/div>\n\n\t\t\t\t\t\t\t\t\t<!-- Infos produit -->\n\t\t\t\t\t\t\t\t\t<div class=\"coup-de-coeur__card-infos\">\n\t\t\t\t\t\t\t\t\t\t<div class=\"coup-de-coeur__card-content\">\n\n\t\t\t\t\t\t\t\t\t\t\t<!-- Tiret ou drapeau -->\n\t\t\t\t\t\t\t\t\t\t\t\t\t\t\t\t\t\t\t\t\t\t\t<div class=\"coup-de-coeur__tiret\"><\/div>\n\t\t\t\t\t\t\t\t\t\t\t\n\t\t\t\t\t\t\t\t\t\t\t<div class=\"coup-de-coeur__card-texte\">\n\t\t\t\t\t\t\t\t\t\t\t\t\t\t\t\t\t\t\t\t\t\t\t\t\t<h3 class=\"coup-de-coeur__card-name\">\n\t\t\t\t\t\t\t\t\t\t\t\t\t\tOutdoor Brasero\t\t\t\t\t\t\t\t\t\t\t\t\t<\/h3>\n\t\t\t\t\t\t\t\t\t\t\t\t\n\t\t\t\t\t\t\t\t\t\t\t\t\t\t\t\t\t\t\t\t\t\t\t\t\t<p class=\"coup-de-coeur__card-desc\">\n\t\t\t\t\t\t\t\t\t\t\t\t\t\tTurn your outdoor space into a haven of warmth and friendliness with VULX outdoor braziers.\t\t\t\t\t\t\t\t\t\t\t\t\t<\/p>\n\t\t\t\t\t\t\t\t\t\t\t\t\t\t\t\t\t\t\t\t\t\t\t<\/div>\n\t\t\t\t\t\t\t\t\t\t<\/div>\n\n\t\t\t\t\t\t\t\t\t\t\t\t\t\t\t\t\t\t\t\t\t\t\t\t\t\t\t\t\t\t\t<div class=\"coup-de-coeur__card-cta\">\n\t\t\t\t\t\t\t\t\t\t\t<a href=\"https:\/\/www.my-vulx.com\/categorie-produit\/chauffage\/brasero\/\"\n\t\t\t\t\t\t\t\t\t\t\t\t\tclass=\"btn btn-primary\"\n\t\t\t\t\t\t\t\t\t\t\t\t\t\t\t\t\t\t\t\t\t\t\t\t\t\t\ttarget=\"_blank\">\n\t\t\t\t\t\t\t\t\t\t\t\t\tFind out more\t\t\t\t\t\t\t\t\t\t\t\t<\/a>\n\t\t\t\t\t\t\t\t\t\t\t<\/div>\n\t\t\t\t\t\t\t\t\t\t\t\t\t\t\t\t\t\t\t<\/div>\n\t\t\t\t\t\t\t\t<\/div>\n\t\t\t\t\t\t\t<\/li>\n\t\t\t\t\t\t\t\t\t\t\t\t\t<li class=\"splide__slide\">\n\t\t\t\t\t\t\t\t<div class=\"coup-de-coeur__card\">\n\t\t\t\t\t\t\t\t\t<!-- Image avec badge -->\n\t\t\t\t\t\t\t\t\t<div class=\"coup-de-coeur__card-image\">\n\t\t\t\t\t\t\t\t\t\t\t\t\t\t\t\t\t\t\t\t\t<img decoding=\"async\" src=\"https:\/\/www.cheminees-seguin.com\/wp-content\/uploads\/2026\/02\/Cubis-1024x1024.jpg\"\n\t\t\t\t\t\t\t\t\t\t\t\talt=\"Outdoor fireplace\" \/>\n\t\t\t\t\t\t\t\t\t\t\t\t\t\t\t\t\t\t\t\t<span class=\"coup-de-coeur__badge\">Favorite<\/span>\n\t\t\t\t\t\t\t\t\t<\/div>\n\n\t\t\t\t\t\t\t\t\t<!-- Infos produit -->\n\t\t\t\t\t\t\t\t\t<div class=\"coup-de-coeur__card-infos\">\n\t\t\t\t\t\t\t\t\t\t<div class=\"coup-de-coeur__card-content\">\n\n\t\t\t\t\t\t\t\t\t\t\t<!-- Tiret ou drapeau -->\n\t\t\t\t\t\t\t\t\t\t\t\t\t\t\t\t\t\t\t\t\t\t\t<div class=\"coup-de-coeur__tiret\"><\/div>\n\t\t\t\t\t\t\t\t\t\t\t\n\t\t\t\t\t\t\t\t\t\t\t<div class=\"coup-de-coeur__card-texte\">\n\t\t\t\t\t\t\t\t\t\t\t\t\t\t\t\t\t\t\t\t\t\t\t\t\t<h3 class=\"coup-de-coeur__card-name\">\n\t\t\t\t\t\t\t\t\t\t\t\t\t\tOutdoor fireplace\t\t\t\t\t\t\t\t\t\t\t\t\t<\/h3>\n\t\t\t\t\t\t\t\t\t\t\t\t\n\t\t\t\t\t\t\t\t\t\t\t\t\t\t\t\t\t\t\t\t\t\t\t\t\t<p class=\"coup-de-coeur__card-desc\">\n\t\t\t\t\t\t\t\t\t\t\t\t\t\tTurn your outdoor space into a friendly place with outdoor fireplacesvulx wood.\t\t\t\t\t\t\t\t\t\t\t\t\t<\/p>\n\t\t\t\t\t\t\t\t\t\t\t\t\t\t\t\t\t\t\t\t\t\t\t<\/div>\n\t\t\t\t\t\t\t\t\t\t<\/div>\n\n\t\t\t\t\t\t\t\t\t\t\t\t\t\t\t\t\t\t\t\t\t\t\t\t\t\t\t\t\t\t\t<div class=\"coup-de-coeur__card-cta\">\n\t\t\t\t\t\t\t\t\t\t\t<a href=\"https:\/\/www.my-vulx.com\/categorie-produit\/chauffage\/cheminee-exterieur\/\"\n\t\t\t\t\t\t\t\t\t\t\t\t\tclass=\"btn btn-primary\"\n\t\t\t\t\t\t\t\t\t\t\t\t\t\t\t\t\t\t\t\t\t\t\t\t\t\t\ttarget=\"_blank\">\n\t\t\t\t\t\t\t\t\t\t\t\t\tFind out more\t\t\t\t\t\t\t\t\t\t\t\t<\/a>\n\t\t\t\t\t\t\t\t\t\t\t<\/div>\n\t\t\t\t\t\t\t\t\t\t\t\t\t\t\t\t\t\t\t<\/div>\n\t\t\t\t\t\t\t\t<\/div>\n\t\t\t\t\t\t\t<\/li>\n\t\t\t\t\t\t\t\t\t\t\t<\/ul>\n\t\t\t\t<\/div>\n\t\t\t<\/div>\n\n\t\t\t<!-- Navigation carrousel (prev + dots + next) -->\n\t\t\t<div class=\"coup-de-coeur__carousel-nav\">\n\t\t\t\t<button class=\"coup-de-coeur__carousel-btn coup-de-coeur__carousel-btn--prev\" type=\"button\" aria-label=\"Previous\">\n\t\t\t\t\t<svg width=\"12\" height=\"12\" viewBox=\"0 0 12 12\" fill=\"none\" xmlns=\"http:\/\/www.w3.org\/2000\/svg\"><path d=\"M7.5 10L3.5 6L7.5 2\" stroke=\"currentColor\" stroke-width=\"1.5\" stroke-linecap=\"round\" stroke-linejoin=\"round\"\/><\/svg>\t\t\t\t<\/button>\n\t\t\t\t<div class=\"coup-de-coeur__carousel-pagination\"><\/div>\n\t\t\t\t<button class=\"coup-de-coeur__carousel-btn coup-de-coeur__carousel-btn--next\" type=\"button\" aria-label=\"Next\">\n\t\t\t\t\t<svg width=\"12\" height=\"12\" viewBox=\"0 0 12 12\" fill=\"none\" xmlns=\"http:\/\/www.w3.org\/2000\/svg\"><path d=\"M4.5 2L8.5 6L4.5 10\" stroke=\"currentColor\" stroke-width=\"1.5\" stroke-linecap=\"round\" stroke-linejoin=\"round\"\/><\/svg>\t\t\t\t<\/button>\n\t\t\t<\/div>\n\t\t\t<\/div>\n<\/section>\n\n\n\n<section class=\"bloc-texte-img bloc-texte-img--img-50\" data-component=\"11-bloc-texte-img\">\n\t<div class=\"bloc-texte-img__layout bloc-texte-img__layout--img-left\">\n\n\t\t<!-- Content bloc (text + button) -->\n\t\t<div class=\"bloc-texte-img__content bloc-texte-img__content--white\">\n\t\t\t<div class=\"bloc-texte-img__text\">\n\n\t\t\t\t\t\t\t\t\t<h2 class=\"bloc-texte-img__title\">\n\t\t\t\t\t\tMaterials and design: robustness and aesthetics\t\t\t\t\t<\/h2>\n\t\t\t\t\n\t\t\t\t\t\t\t\t\t<div class=\"bloc-texte-img__description\">\n\t\t\t\t\t\t<p>VULX devices are made of high-strength steel, and according to corten steel models.<br>This choice of materials offers:<br>&#8211; Excellent resistance over time<br>&#8211; High resistance to climatic conditions<br>&#8211; A natural evolutionary aesthetic (especially for corten steel which develops a protective patina)<\/p><p><br>This design ensures durable equipment, suitable for intensive outdoor use throughout the year.<\/p>\t\t\t\t\t<\/div>\n\t\t\t\t\n\t\t\t<\/div>\n\n\t\t\t\t\t\t\t\t\t\t\t<div class=\"bloc-texte-img__cta\">\n\t\t\t\t\t<a href=\"https:\/\/www.my-vulx.com\/\"\n\t\t\t\t\t\tclass=\"btn btn-primary\"\n\t\t\t\t\t\t>\n\t\t\t\t\t\tDiscover the products\t\t\t\t\t<\/a>\n\t\t\t\t<\/div>\n\t\t\t\t\t<\/div>\n\n\t\t<!-- Image bloc -->\n\t\t<div class=\"bloc-texte-img__image\">\n\t\t\t\t\t\t\t<img decoding=\"async\" src=\"https:\/\/www.cheminees-seguin.com\/wp-content\/uploads\/2026\/02\/VULX-1.jpg\"\n\t\t\t\t\talt=\"Materials and design: robustness and aesthetics\" \/>\n\t\t\t\n\t\t\t\t\t<\/div>\n\n\t<\/div>\n<\/section>\n\n\n\n<h2 class=\"wp-block-heading has-text-align-center\">Where are VULX products made?<\/h2>\n\n\n\n<p>VULX is part of the SEGUIN Group&#8217;s demanding industrial approach.<\/p>\n\n\n\n<p>Our devices are manufactured in our French factories as well as in Europe, with particular attention to:<\/p>\n\n\n\n<ul class=\"wp-block-list\">\n<li>Manufacturing quality<\/li>\n\n\n\n<li>Material durability<\/li>\n\n\n\n<li>Performance in use<\/li>\n\n\n\n<li>Control of production standards<\/li>\n<\/ul>\n\n\n\n<p>This positioning guarantees reliable products, designed to last and support the long-term development of your exteriors.<\/p>\n\n\n\n<section id=\"img-homothetique-gutenberg-9cc7cd5f-de0f-457f-ab0d-25c2c0bfd065\" class=\"img-homothetique\" data-component=\"23 - Img homoth\u00e9tique\">\n\t<img\n\t\tsrc=\"https:\/\/www.cheminees-seguin.com\/wp-content\/uploads\/2026\/02\/Image-slider.jpg\"\n\t\talt=\"\"\n\t\tclass=\"img-homothetique__image\"\n\t\tloading=\"lazy\"\n\t\/>\n<\/section>\n\n\n\n<div style=\"height:20px\" aria-hidden=\"true\" class=\"wp-block-spacer\"><\/div>\n\n\n\n<h2 class=\"wp-block-heading\">Why choose VULX?<\/h2>\n\n\n\n<p>Choosing VULX means investing in:<\/p>\n\n\n\n<p>\u2714 Designed and structuring exterior equipment<br>\u2714 A user-friendly 2-in-1 solution (fire and cooking)<br>\u2714 A robust and durable product<br>\u2714 The know-how of the SEGUIN GROUP<br>\u2714 A brand specializing in premium outdoor<\/p>\n\n\n\n<p>VULX is not limited to a simple device: it is an experience around the fire, an outdoor lifestyle and a strong aesthetic signature.<\/p>\n\n\n\n<section id=\"lanceurs-reassurance-block_ac78c910e132dc3982d366a42c9f09da\" class=\"lanceurs-reassurance\" data-component=\"35-lanceurs-reassurance\">\n\t\t\t<div class=\"lanceurs-reassurance__grid\">\n\t\t\t\t\t\t\t<div class=\"lanceurs-reassurance__card\">\n\t\t\t\t\t\t\t\t\t\t\t<div class=\"lanceurs-reassurance__image\">\n\t\t\t\t\t\t\t<img decoding=\"async\" src=\"https:\/\/www.cheminees-seguin.com\/wp-content\/uploads\/2026\/01\/9bf2083d45b08e8da9e10dfe34ba9d647e22d541.jpg\"\n\t\t\t\t\t\t\t\talt=\"parlez nous de votre projet d&#039;installation\" \/>\n\t\t\t\t\t\t<\/div>\n\t\t\t\t\t\n\t\t\t\t\t<div class=\"lanceurs-reassurance__content\">\n\t\t\t\t\t\t\t\t\t\t\t\t\t<h3 class=\"lanceurs-reassurance__title\">\n\t\t\t\t\t\t\t\tTell us about your project\t\t\t\t\t\t\t<\/h3>\n\t\t\t\t\t\t\n\t\t\t\t\t\t\t\t\t\t\t\t\t<div class=\"lanceurs-reassurance__description\">\n\t\t\t\t\t\t\t\tA SEGUIN expert will contact you to provide a personalized quote, with no obligation\t\t\t\t\t\t\t<\/div>\n\t\t\t\t\t\t\n\t\t\t\t\t\t\t\t\t\t\t\t\t\t\t\t\t\t\t\t<div class=\"lanceurs-reassurance__cta\">\n\t\t\t\t\t\t\t\t<a href=\"https:\/\/www.cheminees-seguin.com\/en\/request-a-quote\/\"\n\t\t\t\t\t\t\t\t\tclass=\"btn btn-secondary btn-sm\"\n\t\t\t\t\t\t\t\t\t>\n\t\t\t\t\t\t\t\t\tI would like to request a quote\t\t\t\t\t\t\t\t<\/a>\n\t\t\t\t\t\t\t<\/div>\n\t\t\t\t\t\t\t\t\t\t\t<\/div>\n\t\t\t\t<\/div>\n\t\t\t\t\t\t\t<div class=\"lanceurs-reassurance__card\">\n\t\t\t\t\t\t\t\t\t\t\t<div class=\"lanceurs-reassurance__image\">\n\t\t\t\t\t\t\t<img decoding=\"async\" src=\"https:\/\/www.cheminees-seguin.com\/wp-content\/uploads\/2026\/03\/Call-Center.jpg\"\n\t\t\t\t\t\t\t\talt=\"Nos \u00e9quipes \u00e0 votre \u00e9coute\" \/>\n\t\t\t\t\t\t<\/div>\n\t\t\t\t\t\n\t\t\t\t\t<div class=\"lanceurs-reassurance__content\">\n\t\t\t\t\t\t\t\t\t\t\t\t\t<h3 class=\"lanceurs-reassurance__title\">\n\t\t\t\t\t\t\t\tOur team is here to help\t\t\t\t\t\t\t<\/h3>\n\t\t\t\t\t\t\n\t\t\t\t\t\t\t\t\t\t\t\t\t<div class=\"lanceurs-reassurance__description\">\n\t\t\t\t\t\t\t\tWould you like to discuss your project and get advice from our team? Schedule an appointment with one of our advisors.\t\t\t\t\t\t\t<\/div>\n\t\t\t\t\t\t\n\t\t\t\t\t\t\t\t\t\t\t\t\t\t\t\t\t\t\t\t<div class=\"lanceurs-reassurance__cta\">\n\t\t\t\t\t\t\t\t<a href=\"https:\/\/www.cheminees-seguin.com\/en\/contact-us\/\"\n\t\t\t\t\t\t\t\t\tclass=\"btn btn-secondary btn-sm\"\n\t\t\t\t\t\t\t\t\t>\n\t\t\t\t\t\t\t\t\tMake an appointment\t\t\t\t\t\t\t\t<\/a>\n\t\t\t\t\t\t\t<\/div>\n\t\t\t\t\t\t\t\t\t\t\t<\/div>\n\t\t\t\t<\/div>\n\t\t\t\t\t\t\t<div class=\"lanceurs-reassurance__card\">\n\t\t\t\t\t\t\t\t\t\t\t<div class=\"lanceurs-reassurance__image\">\n\t\t\t\t\t\t\t<img decoding=\"async\" src=\"https:\/\/www.cheminees-seguin.com\/wp-content\/uploads\/2026\/03\/Visuel-Catalogue.png\"\n\t\t\t\t\t\t\t\talt=\"Demande de catalogue\" \/>\n\t\t\t\t\t\t<\/div>\n\t\t\t\t\t\n\t\t\t\t\t<div class=\"lanceurs-reassurance__content\">\n\t\t\t\t\t\t\t\t\t\t\t\t\t<h3 class=\"lanceurs-reassurance__title\">\n\t\t\t\t\t\t\t\tOur Catalogs\t\t\t\t\t\t\t<\/h3>\n\t\t\t\t\t\t\n\t\t\t\t\t\t\t\t\t\t\t\t\t<div class=\"lanceurs-reassurance__description\">\n\t\t\t\t\t\t\t\tExplore our various product lines and receive our catalogs\t\t\t\t\t\t\t<\/div>\n\t\t\t\t\t\t\n\t\t\t\t\t\t\t\t\t\t\t\t\t\t\t\t\t\t\t\t<div class=\"lanceurs-reassurance__cta\">\n\t\t\t\t\t\t\t\t<a href=\"https:\/\/www.cheminees-seguin.com\/en\/catalog\/\"\n\t\t\t\t\t\t\t\t\tclass=\"btn btn-secondary btn-sm\"\n\t\t\t\t\t\t\t\t\t>\n\t\t\t\t\t\t\t\t\tBrowse our catalogs\t\t\t\t\t\t\t\t<\/a>\n\t\t\t\t\t\t\t<\/div>\n\t\t\t\t\t\t\t\t\t\t\t<\/div>\n\t\t\t\t<\/div>\n\t\t\t\t\t<\/div>\n\t<\/section>\n","protected":false},"excerpt":{"rendered":"VULX is the outdoor brand of the SEGUIN Group, specialising in braziers, planchas and outdoor fire solutions.Designed to extend the outdoor fire experience, VULX offers design, robust and functional equipment that transform terraces and gardens into real living spaces.With VULX, SEGUIN asserts its know-how around fire by developing a range of outdoor products combining contemporary [&hellip;]","protected":false},"author":2,"featured_media":0,"parent":27496,"menu_order":0,"comment_status":"closed","ping_status":"closed","template":"","meta":{"_acf_changed":false,"ep_exclude_from_search":false,"footnotes":""},"class_list":["post-23197","page","type-page","status-publish","hentry"],"acf":[],"yoast_head":"<!-- This site is optimized with the Yoast SEO plugin v27.4 - https:\/\/yoast.com\/product\/yoast-seo-wordpress\/ -->\n<title>VULX - Seguin<\/title>\n<meta name=\"description\" content=\"Discover VULX, the premium outdoor brand of the SEGUIN Group: designer fire pits, fire pit tables, and robust, durable plancha models.\" \/>\n<meta name=\"robots\" content=\"index, follow, max-snippet:-1, max-image-preview:large, max-video-preview:-1\" \/>\n<link rel=\"canonical\" href=\"https:\/\/www.cheminees-seguin.com\/en\/brands\/vulx\/\" \/>\n<meta property=\"og:locale\" content=\"en_US\" \/>\n<meta property=\"og:type\" content=\"article\" \/>\n<meta property=\"og:title\" content=\"VULX - Seguin\" \/>\n<meta property=\"og:description\" content=\"Discover VULX, the premium outdoor brand of the SEGUIN Group: designer fire pits, fire pit tables, and robust, durable plancha models.\" \/>\n<meta property=\"og:url\" content=\"https:\/\/www.cheminees-seguin.com\/en\/brands\/vulx\/\" \/>\n<meta property=\"og:site_name\" content=\"Seguin\" \/>\n<meta property=\"article:modified_time\" content=\"2026-04-21T13:48:09+00:00\" \/>\n<meta name=\"twitter:card\" content=\"summary_large_image\" \/>\n<meta name=\"twitter:label1\" content=\"Est. reading time\" \/>\n\t<meta name=\"twitter:data1\" content=\"1 minute\" \/>\n<script type=\"application\/ld+json\" class=\"yoast-schema-graph\">{\"@context\":\"https:\\\/\\\/schema.org\",\"@graph\":[{\"@type\":\"WebPage\",\"@id\":\"https:\\\/\\\/www.cheminees-seguin.com\\\/en\\\/brands\\\/vulx\\\/\",\"url\":\"https:\\\/\\\/www.cheminees-seguin.com\\\/en\\\/brands\\\/vulx\\\/\",\"name\":\"VULX - Seguin\",\"isPartOf\":{\"@id\":\"https:\\\/\\\/www.cheminees-seguin.com\\\/en\\\/#website\"},\"datePublished\":\"2026-02-24T15:13:12+00:00\",\"dateModified\":\"2026-04-21T13:48:09+00:00\",\"description\":\"Discover VULX, the premium outdoor brand of the SEGUIN Group: designer fire pits, fire pit tables, and robust, durable plancha models.\",\"breadcrumb\":{\"@id\":\"https:\\\/\\\/www.cheminees-seguin.com\\\/en\\\/brands\\\/vulx\\\/#breadcrumb\"},\"inLanguage\":\"en-US\",\"potentialAction\":[{\"@type\":\"ReadAction\",\"target\":[\"https:\\\/\\\/www.cheminees-seguin.com\\\/en\\\/brands\\\/vulx\\\/\"]}]},{\"@type\":\"BreadcrumbList\",\"@id\":\"https:\\\/\\\/www.cheminees-seguin.com\\\/en\\\/brands\\\/vulx\\\/#breadcrumb\",\"itemListElement\":[{\"@type\":\"ListItem\",\"position\":1,\"name\":\"Home\",\"item\":\"https:\\\/\\\/www.cheminees-seguin.com\\\/en\\\/\"},{\"@type\":\"ListItem\",\"position\":2,\"name\":\"Brands\",\"item\":\"https:\\\/\\\/www.cheminees-seguin.com\\\/en\\\/brands\\\/\"},{\"@type\":\"ListItem\",\"position\":3,\"name\":\"VULX\"}]},{\"@type\":\"WebSite\",\"@id\":\"https:\\\/\\\/www.cheminees-seguin.com\\\/en\\\/#website\",\"url\":\"https:\\\/\\\/www.cheminees-seguin.com\\\/en\\\/\",\"name\":\"SEGUIN\",\"description\":\"\",\"potentialAction\":[{\"@type\":\"SearchAction\",\"target\":{\"@type\":\"EntryPoint\",\"urlTemplate\":\"https:\\\/\\\/www.cheminees-seguin.com\\\/en\\\/?s={search_term_string}\"},\"query-input\":{\"@type\":\"PropertyValueSpecification\",\"valueRequired\":true,\"valueName\":\"search_term_string\"}}],\"inLanguage\":\"en-US\"}]}<\/script>\n<!-- \/ Yoast SEO plugin. -->","yoast_head_json":{"title":"VULX - Seguin","description":"Discover VULX, the premium outdoor brand of the SEGUIN Group: designer fire pits, fire pit tables, and robust, durable plancha models.","robots":{"index":"index","follow":"follow","max-snippet":"max-snippet:-1","max-image-preview":"max-image-preview:large","max-video-preview":"max-video-preview:-1"},"canonical":"https:\/\/www.cheminees-seguin.com\/en\/brands\/vulx\/","og_locale":"en_US","og_type":"article","og_title":"VULX - Seguin","og_description":"Discover VULX, the premium outdoor brand of the SEGUIN Group: designer fire pits, fire pit tables, and robust, durable plancha models.","og_url":"https:\/\/www.cheminees-seguin.com\/en\/brands\/vulx\/","og_site_name":"Seguin","article_modified_time":"2026-04-21T13:48:09+00:00","twitter_card":"summary_large_image","twitter_misc":{"Est. reading time":"1 minute"},"schema":{"@context":"https:\/\/schema.org","@graph":[{"@type":"WebPage","@id":"https:\/\/www.cheminees-seguin.com\/en\/brands\/vulx\/","url":"https:\/\/www.cheminees-seguin.com\/en\/brands\/vulx\/","name":"VULX - Seguin","isPartOf":{"@id":"https:\/\/www.cheminees-seguin.com\/en\/#website"},"datePublished":"2026-02-24T15:13:12+00:00","dateModified":"2026-04-21T13:48:09+00:00","description":"Discover VULX, the premium outdoor brand of the SEGUIN Group: designer fire pits, fire pit tables, and robust, durable plancha models.","breadcrumb":{"@id":"https:\/\/www.cheminees-seguin.com\/en\/brands\/vulx\/#breadcrumb"},"inLanguage":"en-US","potentialAction":[{"@type":"ReadAction","target":["https:\/\/www.cheminees-seguin.com\/en\/brands\/vulx\/"]}]},{"@type":"BreadcrumbList","@id":"https:\/\/www.cheminees-seguin.com\/en\/brands\/vulx\/#breadcrumb","itemListElement":[{"@type":"ListItem","position":1,"name":"Home","item":"https:\/\/www.cheminees-seguin.com\/en\/"},{"@type":"ListItem","position":2,"name":"Brands","item":"https:\/\/www.cheminees-seguin.com\/en\/brands\/"},{"@type":"ListItem","position":3,"name":"VULX"}]},{"@type":"WebSite","@id":"https:\/\/www.cheminees-seguin.com\/en\/#website","url":"https:\/\/www.cheminees-seguin.com\/en\/","name":"SEGUIN","description":"","potentialAction":[{"@type":"SearchAction","target":{"@type":"EntryPoint","urlTemplate":"https:\/\/www.cheminees-seguin.com\/en\/?s={search_term_string}"},"query-input":{"@type":"PropertyValueSpecification","valueRequired":true,"valueName":"search_term_string"}}],"inLanguage":"en-US"}]}},"_links":{"self":[{"href":"https:\/\/www.cheminees-seguin.com\/en\/wp-json\/wp\/v2\/pages\/23197","targetHints":{"allow":["GET"]}}],"collection":[{"href":"https:\/\/www.cheminees-seguin.com\/en\/wp-json\/wp\/v2\/pages"}],"about":[{"href":"https:\/\/www.cheminees-seguin.com\/en\/wp-json\/wp\/v2\/types\/page"}],"author":[{"embeddable":true,"href":"https:\/\/www.cheminees-seguin.com\/en\/wp-json\/wp\/v2\/users\/2"}],"replies":[{"embeddable":true,"href":"https:\/\/www.cheminees-seguin.com\/en\/wp-json\/wp\/v2\/comments?post=23197"}],"version-history":[{"count":0,"href":"https:\/\/www.cheminees-seguin.com\/en\/wp-json\/wp\/v2\/pages\/23197\/revisions"}],"up":[{"embeddable":true,"href":"https:\/\/www.cheminees-seguin.com\/en\/wp-json\/wp\/v2\/pages\/27496"}],"wp:attachment":[{"href":"https:\/\/www.cheminees-seguin.com\/en\/wp-json\/wp\/v2\/media?parent=23197"}],"curies":[{"name":"wp","href":"https:\/\/api.w.org\/{rel}","templated":true}]}}