{"id":23218,"date":"2026-02-25T09:26:14","date_gmt":"2026-02-25T08:26:14","guid":{"rendered":"https:\/\/www.cheminees-seguin.com\/thermolab\/"},"modified":"2026-04-21T17:01:25","modified_gmt":"2026-04-21T15:01:25","slug":"thermolab","status":"publish","type":"page","link":"https:\/\/www.cheminees-seguin.com\/en\/thermolab\/","title":{"rendered":"Thermolab"},"content":{"rendered":"\n<section id=\"hero-carrefour-gutenberg-63d14e5b-1a3a-4e30-a2de-ced0467d94aa\" class=\"hero-carrefour\">\n\n\t<!-- Section Hero (Image + Logo mobile + Titre desktop) -->\n\t<div class=\"hero-carrefour__hero\">\n\t\t\t\t\t<div class=\"hero-carrefour__image-wrapper\">\n\t\t\t\t<img\n\t\t\t\t\tsrc=\"https:\/\/www.cheminees-seguin.com\/wp-content\/uploads\/2026\/02\/Image-categorie-4.jpg\"\n\t\t\t\t\talt=\"THERMOLAB\"\n\t\t\t\t\tclass=\"hero-carrefour__image\"\n\t\t\t\t\tloading=\"eager\"\n\t\t\t\t\tfetchpriority=\"high\"\n\t\t\t\t\/>\n\t\t\t<\/div>\n\t\t\n\t\t<!-- Shadow gradient (mobile only) -->\n\t\t<div class=\"hero-carrefour__shadow\"><\/div>\n\n\t\t<!-- Logo (mobile only) -->\n\t\t\n\t\t<!-- Titre (desktop only) -->\n\t\t\t\t\t\t\t\t<div class=\"hero-carrefour__title-desktop\">\n\t\t\t\t<h1>Thermolab<\/h1>\n\t\t\t<\/div>\n\t\t\t<\/div>\n\n\t<!-- Bandeau message (WYSIWYG) -->\n\t\n\t<!-- Section Content (mobile only - titre + description) -->\n\t<div class=\"hero-carrefour__content\">\n\t\t\t\t\t<span class=\"hero-carrefour__title-mobile\" aria-hidden=\"true\">Thermolab<\/span>\n\t\t\n\t\t\t<\/div>\n\n<\/section>\n\n\n\n<section class=\"bloc-texte-img bloc-texte-img--img-50\" data-component=\"11-bloc-texte-img\">\n\t<div class=\"bloc-texte-img__layout bloc-texte-img__layout--img-right\">\n\n\t\t<!-- Content bloc (text + button) -->\n\t\t<div class=\"bloc-texte-img__content bloc-texte-img__content--black\">\n\t\t\t<div class=\"bloc-texte-img__text\">\n\n\t\t\t\t\t\t\t\t\t<h2 class=\"bloc-texte-img__title\">\n\t\t\t\t\t\tThe high-performance biomass heating solution\t\t\t\t\t<\/h2>\n\t\t\t\t\n\t\t\t\t\t\t\t\t\t<div class=\"bloc-texte-img__description\">\n\t\t\t\t\t\t<p>THERMOLAB is the SEGUIN Group brand specialising in <strong>wood pellet boilers<\/strong>.<\/p><p><br>It embodies a modern vision of central heating: economical, ecological and technologically controlled.<br>Designed to meet current energy performance requirements, THERMOLAB pellet boilers offer a sustainable solution for heating both individual homes and larger buildings.<\/p>\t\t\t\t\t<\/div>\n\t\t\t\t\n\t\t\t<\/div>\n\n\t\t\t\t\t<\/div>\n\n\t\t<!-- Image bloc -->\n\t\t<div class=\"bloc-texte-img__image\">\n\t\t\t\t\t\t\t<img decoding=\"async\" src=\"https:\/\/www.cheminees-seguin.com\/wp-content\/uploads\/2026\/02\/Visuel-produit.jpg\"\n\t\t\t\t\talt=\"Chaudi\u00e8re \u00e0 granul\u00e9s Thermolab\" \/>\n\t\t\t\n\t\t\t\t\t\t\t<div class=\"bloc-texte-img__logo\">\n\t\t\t\t\t<img decoding=\"async\" src=\"https:\/\/www.cheminees-seguin.com\/wp-content\/uploads\/2026\/02\/THERMOLAB-LOGO.png\"\n\t\t\t\t\t\talt=\"Logo Thermolab\" \/>\n\t\t\t\t<\/div>\n\t\t\t\t\t<\/div>\n\n\t<\/div>\n<\/section>\n\n\n\n<section class=\"bloc-texte-img bloc-texte-img--img-50\" data-component=\"11-bloc-texte-img\">\n\t<div class=\"bloc-texte-img__layout bloc-texte-img__layout--img-left\">\n\n\t\t<!-- Content bloc (text + button) -->\n\t\t<div class=\"bloc-texte-img__content bloc-texte-img__content--white\">\n\t\t\t<div class=\"bloc-texte-img__text\">\n\n\t\t\t\t\t\t\t\t\t<h2 class=\"bloc-texte-img__title\">\n\t\t\t\t\t\tTHERMOLAB pellet boilers\t\t\t\t\t<\/h2>\n\t\t\t\t\n\t\t\t\t\t\t\t\t\t<div class=\"bloc-texte-img__description\">\n\t\t\t\t\t\t<p>THERMOLAB pellet boilers are designed to provide <strong>complete central heating of the dwelling<\/strong>, as a replacement or in new installation. Genuine heat generators, they diffuse a homogeneous and constant energy throughout the home.<br>They allow:<br>&#8211; <strong>Integral heating of the housing<\/strong>, regardless of the surface to be heated<\/p><p>&#8211;<strong>Powering an existing network of radiators<\/strong><br><\/p><p> &#8211; <strong>Compatibility with a hydraulic heated floor<\/strong><br><\/p><p>&#8211; <strong>The production of domestic hot water<\/strong>, depending on the configuration chosen (integrated or coupled tank)<br>Thanks to their precise control system and their automated pellet supply, THERMOLAB boilers guarantee <strong>optimal thermal comfort<\/strong> throughout the year.<\/p>\t\t\t\t\t<\/div>\n\t\t\t\t\n\t\t\t<\/div>\n\n\t\t\t\t\t\t\t\t\t\t\t<div class=\"bloc-texte-img__cta\">\n\t\t\t\t\t<a href=\"https:\/\/thermo-lab.fr\/\"\n\t\t\t\t\t\tclass=\"btn btn-primary\"\n\t\t\t\t\t\t\t\t\t\t\t\t\ttarget=\"_blank\">\n\t\t\t\t\t\tDiscover Thermolab boilers\t\t\t\t\t<\/a>\n\t\t\t\t<\/div>\n\t\t\t\t\t<\/div>\n\n\t\t<!-- Image bloc -->\n\t\t<div class=\"bloc-texte-img__image\">\n\t\t\t\t\t\t\t<img decoding=\"async\" src=\"https:\/\/www.cheminees-seguin.com\/wp-content\/uploads\/2026\/02\/Visuel-produit-2.jpg\"\n\t\t\t\t\talt=\"Chaudi\u00e8re \u00e0 granul\u00e9s Thermolab\" \/>\n\t\t\t\n\t\t\t\t\t<\/div>\n\n\t<\/div>\n<\/section>\n\n\n\n<section class=\"coup-de-coeur\" data-component=\"32-coup-de-coeur\">\n\t<!-- Background noir -->\n\t<div class=\"coup-de-coeur__bg\"><\/div>\n\n\t<div class=\"container\">\n\t\t<!-- Header -->\n\t\t<div class=\"coup-de-coeur__header\">\n\t\t\t<div class=\"row\">\n\t\t\t\t<div class=\"col-lg-8 offset-lg-2\">\n\t\t\t\t\t\t\t\t\t\t\t<h2 class=\"coup-de-coeur__title\">\n\t\t\t\t\t\t\tRELIABLE and EFFICIENT pellet boilers!\t\t\t\t\t\t<\/h2>\n\t\t\t\t\t\n\t\t\t\t\t\t\t\t\t<\/div>\n\t\t\t<\/div>\n\t\t<\/div>\n\n\t\t<!-- Grid \/ Slider -->\n\t\t\t\t\t<div class=\"coup-de-coeur__carousel splide\">\n\t\t\t\t<div class=\"splide__track\">\n\t\t\t\t\t<ul class=\"splide__list\">\n\t\t\t\t\t\t\t\t\t\t\t\t\t<li class=\"splide__slide\">\n\t\t\t\t\t\t\t\t<div class=\"coup-de-coeur__card\">\n\t\t\t\t\t\t\t\t\t<!-- Image avec badge -->\n\t\t\t\t\t\t\t\t\t<div class=\"coup-de-coeur__card-image\">\n\t\t\t\t\t\t\t\t\t\t\t\t\t\t\t\t\t\t\t\t\t<img decoding=\"async\" src=\"https:\/\/www.cheminees-seguin.com\/wp-content\/uploads\/2026\/02\/Chaudiere-ERA-14-1024x1024.png\"\n\t\t\t\t\t\t\t\t\t\t\t\talt=\"Era Pellet Boiler\" \/>\n\t\t\t\t\t\t\t\t\t\t\t\t\t\t\t\t\t\t\t\t<span class=\"coup-de-coeur__badge\">Favorite<\/span>\n\t\t\t\t\t\t\t\t\t<\/div>\n\n\t\t\t\t\t\t\t\t\t<!-- Infos produit -->\n\t\t\t\t\t\t\t\t\t<div class=\"coup-de-coeur__card-infos\">\n\t\t\t\t\t\t\t\t\t\t<div class=\"coup-de-coeur__card-content\">\n\n\t\t\t\t\t\t\t\t\t\t\t<!-- Tiret ou drapeau -->\n\t\t\t\t\t\t\t\t\t\t\t\t\t\t\t\t\t\t\t\t\t\t\t<div class=\"coup-de-coeur__tiret\"><\/div>\n\t\t\t\t\t\t\t\t\t\t\t\n\t\t\t\t\t\t\t\t\t\t\t<div class=\"coup-de-coeur__card-texte\">\n\t\t\t\t\t\t\t\t\t\t\t\t\t\t\t\t\t\t\t\t\t\t\t\t\t<h3 class=\"coup-de-coeur__card-name\">\n\t\t\t\t\t\t\t\t\t\t\t\t\t\tEra Pellet Boiler\t\t\t\t\t\t\t\t\t\t\t\t\t<\/h3>\n\t\t\t\t\t\t\t\t\t\t\t\t\n\t\t\t\t\t\t\t\t\t\t\t\t\t\t\t\t\t\t\t\t\t\t\t<\/div>\n\t\t\t\t\t\t\t\t\t\t<\/div>\n\n\t\t\t\t\t\t\t\t\t\t\t\t\t\t\t\t\t\t\t\t\t\t\t\t\t\t\t\t\t\t\t<div class=\"coup-de-coeur__card-cta\">\n\t\t\t\t\t\t\t\t\t\t\t<a href=\"https:\/\/thermo-lab.fr\/produit\/era14\/\"\n\t\t\t\t\t\t\t\t\t\t\t\t\tclass=\"btn btn-primary\"\n\t\t\t\t\t\t\t\t\t\t\t\t\t\t\t\t\t\t\t\t\t\t\t\t\t\t\ttarget=\"_blank\">\n\t\t\t\t\t\t\t\t\t\t\t\t\tFind out more\t\t\t\t\t\t\t\t\t\t\t\t<\/a>\n\t\t\t\t\t\t\t\t\t\t\t<\/div>\n\t\t\t\t\t\t\t\t\t\t\t\t\t\t\t\t\t\t\t<\/div>\n\t\t\t\t\t\t\t\t<\/div>\n\t\t\t\t\t\t\t<\/li>\n\t\t\t\t\t\t\t\t\t\t\t\t\t<li class=\"splide__slide\">\n\t\t\t\t\t\t\t\t<div class=\"coup-de-coeur__card\">\n\t\t\t\t\t\t\t\t\t<!-- Image avec badge -->\n\t\t\t\t\t\t\t\t\t<div class=\"coup-de-coeur__card-image\">\n\t\t\t\t\t\t\t\t\t\t\t\t\t\t\t\t\t\t\t\t\t<img decoding=\"async\" src=\"https:\/\/www.cheminees-seguin.com\/wp-content\/uploads\/2026\/02\/Chaudiere-EDA-1024x1024.png\"\n\t\t\t\t\t\t\t\t\t\t\t\talt=\"Chaudi\u00e8re \u00e0 granul\u00e9s EDA\" \/>\n\t\t\t\t\t\t\t\t\t\t\t\t\t\t\t\t\t\t\t\t<span class=\"coup-de-coeur__badge\">Favorite<\/span>\n\t\t\t\t\t\t\t\t\t<\/div>\n\n\t\t\t\t\t\t\t\t\t<!-- Infos produit -->\n\t\t\t\t\t\t\t\t\t<div class=\"coup-de-coeur__card-infos\">\n\t\t\t\t\t\t\t\t\t\t<div class=\"coup-de-coeur__card-content\">\n\n\t\t\t\t\t\t\t\t\t\t\t<!-- Tiret ou drapeau -->\n\t\t\t\t\t\t\t\t\t\t\t\t\t\t\t\t\t\t\t\t\t\t\t<div class=\"coup-de-coeur__tiret\"><\/div>\n\t\t\t\t\t\t\t\t\t\t\t\n\t\t\t\t\t\t\t\t\t\t\t<div class=\"coup-de-coeur__card-texte\">\n\t\t\t\t\t\t\t\t\t\t\t\t\t\t\t\t\t\t\t\t\t\t\t\t\t<h3 class=\"coup-de-coeur__card-name\">\n\t\t\t\t\t\t\t\t\t\t\t\t\t\tEDA Pellet Boiler\t\t\t\t\t\t\t\t\t\t\t\t\t<\/h3>\n\t\t\t\t\t\t\t\t\t\t\t\t\n\t\t\t\t\t\t\t\t\t\t\t\t\t\t\t\t\t\t\t\t\t\t\t<\/div>\n\t\t\t\t\t\t\t\t\t\t<\/div>\n\n\t\t\t\t\t\t\t\t\t\t\t\t\t\t\t\t\t\t\t\t\t\t\t\t\t\t\t\t\t\t\t<div class=\"coup-de-coeur__card-cta\">\n\t\t\t\t\t\t\t\t\t\t\t<a href=\"https:\/\/thermo-lab.fr\/produit\/eda10\/\"\n\t\t\t\t\t\t\t\t\t\t\t\t\tclass=\"btn btn-primary\"\n\t\t\t\t\t\t\t\t\t\t\t\t\t\t\t\t\t\t\t\t\t\t\t\t\t\t\ttarget=\"_blank\">\n\t\t\t\t\t\t\t\t\t\t\t\t\tFind out more\t\t\t\t\t\t\t\t\t\t\t\t<\/a>\n\t\t\t\t\t\t\t\t\t\t\t<\/div>\n\t\t\t\t\t\t\t\t\t\t\t\t\t\t\t\t\t\t\t<\/div>\n\t\t\t\t\t\t\t\t<\/div>\n\t\t\t\t\t\t\t<\/li>\n\t\t\t\t\t\t\t\t\t\t\t\t\t<li class=\"splide__slide\">\n\t\t\t\t\t\t\t\t<div class=\"coup-de-coeur__card\">\n\t\t\t\t\t\t\t\t\t<!-- Image avec badge -->\n\t\t\t\t\t\t\t\t\t<div class=\"coup-de-coeur__card-image\">\n\t\t\t\t\t\t\t\t\t\t\t\t\t\t\t\t\t\t\t\t\t<img decoding=\"async\" src=\"https:\/\/www.cheminees-seguin.com\/wp-content\/uploads\/2026\/02\/Chaudiere-ORUS-1024x1024.png\"\n\t\t\t\t\t\t\t\t\t\t\t\talt=\"Chaudi\u00e8re \u00e0 granul\u00e9s ORUS\" \/>\n\t\t\t\t\t\t\t\t\t\t\t\t\t\t\t\t\t\t\t\t<span class=\"coup-de-coeur__badge\">Favorite<\/span>\n\t\t\t\t\t\t\t\t\t<\/div>\n\n\t\t\t\t\t\t\t\t\t<!-- Infos produit -->\n\t\t\t\t\t\t\t\t\t<div class=\"coup-de-coeur__card-infos\">\n\t\t\t\t\t\t\t\t\t\t<div class=\"coup-de-coeur__card-content\">\n\n\t\t\t\t\t\t\t\t\t\t\t<!-- Tiret ou drapeau -->\n\t\t\t\t\t\t\t\t\t\t\t\t\t\t\t\t\t\t\t\t\t\t\t<div class=\"coup-de-coeur__tiret\"><\/div>\n\t\t\t\t\t\t\t\t\t\t\t\n\t\t\t\t\t\t\t\t\t\t\t<div class=\"coup-de-coeur__card-texte\">\n\t\t\t\t\t\t\t\t\t\t\t\t\t\t\t\t\t\t\t\t\t\t\t\t\t<h3 class=\"coup-de-coeur__card-name\">\n\t\t\t\t\t\t\t\t\t\t\t\t\t\tORUS Pellet Boiler\t\t\t\t\t\t\t\t\t\t\t\t\t<\/h3>\n\t\t\t\t\t\t\t\t\t\t\t\t\n\t\t\t\t\t\t\t\t\t\t\t\t\t\t\t\t\t\t\t\t\t\t\t<\/div>\n\t\t\t\t\t\t\t\t\t\t<\/div>\n\n\t\t\t\t\t\t\t\t\t\t\t\t\t\t\t\t\t\t\t\t\t\t\t\t\t\t\t\t\t\t\t<div class=\"coup-de-coeur__card-cta\">\n\t\t\t\t\t\t\t\t\t\t\t<a href=\"https:\/\/thermo-lab.fr\/produit\/prest15\/\"\n\t\t\t\t\t\t\t\t\t\t\t\t\tclass=\"btn btn-primary\"\n\t\t\t\t\t\t\t\t\t\t\t\t\t\t\t\t\t\t\t\t\t\t\t\t\t\t\ttarget=\"_blank\">\n\t\t\t\t\t\t\t\t\t\t\t\t\tFind out more\t\t\t\t\t\t\t\t\t\t\t\t<\/a>\n\t\t\t\t\t\t\t\t\t\t\t<\/div>\n\t\t\t\t\t\t\t\t\t\t\t\t\t\t\t\t\t\t\t<\/div>\n\t\t\t\t\t\t\t\t<\/div>\n\t\t\t\t\t\t\t<\/li>\n\t\t\t\t\t\t\t\t\t\t\t<\/ul>\n\t\t\t\t<\/div>\n\t\t\t<\/div>\n\n\t\t\t<!-- Navigation carrousel (prev + dots + next) -->\n\t\t\t<div class=\"coup-de-coeur__carousel-nav\">\n\t\t\t\t<button class=\"coup-de-coeur__carousel-btn coup-de-coeur__carousel-btn--prev\" type=\"button\" aria-label=\"Previous\">\n\t\t\t\t\t<svg width=\"12\" height=\"12\" viewBox=\"0 0 12 12\" fill=\"none\" xmlns=\"http:\/\/www.w3.org\/2000\/svg\"><path d=\"M7.5 10L3.5 6L7.5 2\" stroke=\"currentColor\" stroke-width=\"1.5\" stroke-linecap=\"round\" stroke-linejoin=\"round\"\/><\/svg>\t\t\t\t<\/button>\n\t\t\t\t<div class=\"coup-de-coeur__carousel-pagination\"><\/div>\n\t\t\t\t<button class=\"coup-de-coeur__carousel-btn coup-de-coeur__carousel-btn--next\" type=\"button\" aria-label=\"Next\">\n\t\t\t\t\t<svg width=\"12\" height=\"12\" viewBox=\"0 0 12 12\" fill=\"none\" xmlns=\"http:\/\/www.w3.org\/2000\/svg\"><path d=\"M4.5 2L8.5 6L4.5 10\" stroke=\"currentColor\" stroke-width=\"1.5\" stroke-linecap=\"round\" stroke-linejoin=\"round\"\/><\/svg>\t\t\t\t<\/button>\n\t\t\t<\/div>\n\t\t\t<\/div>\n<\/section>\n\n\n\n<section class=\"bloc-texte-img bloc-texte-img--img-50\" data-component=\"11-bloc-texte-img\">\n\t<div class=\"bloc-texte-img__layout bloc-texte-img__layout--img-right\">\n\n\t\t<!-- Content bloc (text + button) -->\n\t\t<div class=\"bloc-texte-img__content bloc-texte-img__content--white\">\n\t\t\t<div class=\"bloc-texte-img__text\">\n\n\t\t\t\t\t\t\t\t\t<h2 class=\"bloc-texte-img__title\">\n\t\t\t\t\t\tDesign and reliability: The SEGUIN Group&#8217;s industrial requirement\t\t\t\t\t<\/h2>\n\t\t\t\t\n\t\t\t\t\t\t\t\t\t<div class=\"bloc-texte-img__description\">\n\t\t\t\t\t\t<p>THERMOLAB is fully in line with the industrial and qualitative approach of the SEGUIN Group. Each pellet boiler is designed to exacting standards, where performance, safety and durability are at the heart of product development.<\/p><p>This approach is based on:<br>&#8211; <strong>Rigorous design<\/strong>, designed to guarantee optimal operation over time<br>&#8211; <strong>Components selected for their robustness<\/strong>, capable of withstanding thermal and mechanical stresses<br>&#8211; <strong>Particular attention paid to the longevity of the devices<\/strong>, in order to ensure a lasting investment<br>Every technical detail is studied to offer a reliable boiler,stable and suitable for intensive use in central heating.<\/p>\t\t\t\t\t<\/div>\n\t\t\t\t\n\t\t\t<\/div>\n\n\t\t\t\t\t\t\t\t\t\t\t<div class=\"bloc-texte-img__cta\">\n\t\t\t\t\t<a href=\"https:\/\/thermo-lab.fr\/\"\n\t\t\t\t\t\tclass=\"btn btn-primary\"\n\t\t\t\t\t\t\t\t\t\t\t\t\ttarget=\"_blank\">\n\t\t\t\t\t\tDiscover Thermolab boilers\t\t\t\t\t<\/a>\n\t\t\t\t<\/div>\n\t\t\t\t\t<\/div>\n\n\t\t<!-- Image bloc -->\n\t\t<div class=\"bloc-texte-img__image\">\n\t\t\t\t\t\t\t<img decoding=\"async\" src=\"https:\/\/www.cheminees-seguin.com\/wp-content\/uploads\/2026\/02\/Eracles.png\"\n\t\t\t\t\talt=\"Chaudi\u00e8re \u00e0 granul\u00e9s Eracles\" \/>\n\t\t\t\n\t\t\t\t\t<\/div>\n\n\t<\/div>\n<\/section>\n\n\n\n<section class=\"bloc-texte-img bloc-texte-img--img-50\" data-component=\"11-bloc-texte-img\">\n\t<div class=\"bloc-texte-img__layout bloc-texte-img__layout--img-left\">\n\n\t\t<!-- Content bloc (text + button) -->\n\t\t<div class=\"bloc-texte-img__content bloc-texte-img__content--black\">\n\t\t\t<div class=\"bloc-texte-img__text\">\n\n\t\t\t\t\t\t\t\t\t<h2 class=\"bloc-texte-img__title\">\n\t\t\t\t\t\tA pellet boiler adapted to each project\t\t\t\t\t<\/h2>\n\t\t\t\t\n\t\t\t\t\t\t\t\t\t<div class=\"bloc-texte-img__description\">\n\t\t\t\t\t\t<p>THERMOLAB offers a complete range of pellet boilers and mixed boilers designed to meet a wide variety of configurations and energy needs. Thanks to several available power levels, THERMOLAB solutions adapt to both residential projects and more demanding applications.<\/p><p>THERMOLAB pellet boilers are thus suitable for:<br>&#8211; <strong>Individual houses<\/strong>, under new construction or under renovation<br>&#8211; <strong>Large surface dwellings<\/strong>, requiring adapted power and optimized domestic hot water production<br>&#8211; <strong>Tertiary or collective buildings<\/strong>, where heating needs are greater and continuous<\/p>\t\t\t\t\t<\/div>\n\t\t\t\t\n\t\t\t<\/div>\n\n\t\t\t\t\t\t\t\t\t\t\t<div class=\"bloc-texte-img__cta\">\n\t\t\t\t\t<a href=\"https:\/\/thermo-lab.fr\/produit\/\"\n\t\t\t\t\t\tclass=\"btn btn-primary\"\n\t\t\t\t\t\t\t\t\t\t\t\t\ttarget=\"_blank\">\n\t\t\t\t\t\tDiscover Thermolab Pellet Boilers\t\t\t\t\t<\/a>\n\t\t\t\t<\/div>\n\t\t\t\t\t<\/div>\n\n\t\t<!-- Image bloc -->\n\t\t<div class=\"bloc-texte-img__image\">\n\t\t\t\t\t\t\t<img decoding=\"async\" src=\"https:\/\/www.cheminees-seguin.com\/wp-content\/uploads\/2026\/02\/maison.webp\"\n\t\t\t\t\talt=\"Chaudi\u00e8re \u00e0 granul\u00e9s pour une maison\" \/>\n\t\t\t\n\t\t\t\t\t<\/div>\n\n\t<\/div>\n<\/section>\n\n\n\n<h2 class=\"wp-block-heading has-text-align-center\"><strong>Why choose THERMOLAB?<\/strong><\/h2>\n\n\n\n<p>Choosing THERMOLAB means investing in:<\/p>\n\n\n\n<p>\u2714 A high-performance pellet boiler<br>\u2714 An economical heating solution<br>\u2714 Renewable energy<br>\u2714 Reliable and controlled technology<br>\u2714 The SEGUIN Group&#8217;s expertise<\/p>\n\n\n\n<p>THERMOLAB offers a concrete response to current energy challenges: performance, ecological transition and budget control.<\/p>\n\n\n\n<section id=\"lanceurs-reassurance-block_506cebce8cd7b1236d747ad92f847ab9\" class=\"lanceurs-reassurance\" data-component=\"35-lanceurs-reassurance\">\n\t\t\t<div class=\"lanceurs-reassurance__grid\">\n\t\t\t\t\t\t\t<div class=\"lanceurs-reassurance__card\">\n\t\t\t\t\t\t\t\t\t\t\t<div class=\"lanceurs-reassurance__image\">\n\t\t\t\t\t\t\t<img decoding=\"async\" src=\"https:\/\/www.cheminees-seguin.com\/wp-content\/uploads\/2026\/01\/9bf2083d45b08e8da9e10dfe34ba9d647e22d541.jpg\"\n\t\t\t\t\t\t\t\talt=\"parlez nous de votre projet d&#039;installation\" \/>\n\t\t\t\t\t\t<\/div>\n\t\t\t\t\t\n\t\t\t\t\t<div class=\"lanceurs-reassurance__content\">\n\t\t\t\t\t\t\t\t\t\t\t\t\t<h3 class=\"lanceurs-reassurance__title\">\n\t\t\t\t\t\t\t\tTell us about your project\t\t\t\t\t\t\t<\/h3>\n\t\t\t\t\t\t\n\t\t\t\t\t\t\t\t\t\t\t\t\t<div class=\"lanceurs-reassurance__description\">\n\t\t\t\t\t\t\t\tA SEGUIN expert will contact you to provide a personalized quote, with no obligation\t\t\t\t\t\t\t<\/div>\n\t\t\t\t\t\t\n\t\t\t\t\t\t\t\t\t\t\t\t\t\t\t\t\t\t\t\t<div class=\"lanceurs-reassurance__cta\">\n\t\t\t\t\t\t\t\t<a href=\"https:\/\/www.cheminees-seguin.com\/en\/request-a-quote\/\"\n\t\t\t\t\t\t\t\t\tclass=\"btn btn-secondary btn-sm\"\n\t\t\t\t\t\t\t\t\t>\n\t\t\t\t\t\t\t\t\tI would like to request a quote\t\t\t\t\t\t\t\t<\/a>\n\t\t\t\t\t\t\t<\/div>\n\t\t\t\t\t\t\t\t\t\t\t<\/div>\n\t\t\t\t<\/div>\n\t\t\t\t\t\t\t<div class=\"lanceurs-reassurance__card\">\n\t\t\t\t\t\t\t\t\t\t\t<div class=\"lanceurs-reassurance__image\">\n\t\t\t\t\t\t\t<img decoding=\"async\" src=\"https:\/\/www.cheminees-seguin.com\/wp-content\/uploads\/2026\/03\/Call-Center.jpg\"\n\t\t\t\t\t\t\t\talt=\"Nos \u00e9quipes \u00e0 votre \u00e9coute\" \/>\n\t\t\t\t\t\t<\/div>\n\t\t\t\t\t\n\t\t\t\t\t<div class=\"lanceurs-reassurance__content\">\n\t\t\t\t\t\t\t\t\t\t\t\t\t<h3 class=\"lanceurs-reassurance__title\">\n\t\t\t\t\t\t\t\tOur team is here to help\t\t\t\t\t\t\t<\/h3>\n\t\t\t\t\t\t\n\t\t\t\t\t\t\t\t\t\t\t\t\t<div class=\"lanceurs-reassurance__description\">\n\t\t\t\t\t\t\t\tWould you like to discuss your project and get advice from our team? Schedule an appointment with one of our advisors.\t\t\t\t\t\t\t<\/div>\n\t\t\t\t\t\t\n\t\t\t\t\t\t\t\t\t\t\t\t\t\t\t\t\t\t\t\t<div class=\"lanceurs-reassurance__cta\">\n\t\t\t\t\t\t\t\t<a href=\"https:\/\/www.cheminees-seguin.com\/en\/contact-us\/\"\n\t\t\t\t\t\t\t\t\tclass=\"btn btn-secondary btn-sm\"\n\t\t\t\t\t\t\t\t\t>\n\t\t\t\t\t\t\t\t\tMake an appointment\t\t\t\t\t\t\t\t<\/a>\n\t\t\t\t\t\t\t<\/div>\n\t\t\t\t\t\t\t\t\t\t\t<\/div>\n\t\t\t\t<\/div>\n\t\t\t\t\t\t\t<div class=\"lanceurs-reassurance__card\">\n\t\t\t\t\t\t\t\t\t\t\t<div class=\"lanceurs-reassurance__image\">\n\t\t\t\t\t\t\t<img decoding=\"async\" src=\"https:\/\/www.cheminees-seguin.com\/wp-content\/uploads\/2026\/03\/Visuel-Catalogue.png\"\n\t\t\t\t\t\t\t\talt=\"Demande de catalogue\" \/>\n\t\t\t\t\t\t<\/div>\n\t\t\t\t\t\n\t\t\t\t\t<div class=\"lanceurs-reassurance__content\">\n\t\t\t\t\t\t\t\t\t\t\t\t\t<h3 class=\"lanceurs-reassurance__title\">\n\t\t\t\t\t\t\t\tOur Catalogs\t\t\t\t\t\t\t<\/h3>\n\t\t\t\t\t\t\n\t\t\t\t\t\t\t\t\t\t\t\t\t<div class=\"lanceurs-reassurance__description\">\n\t\t\t\t\t\t\t\tExplore our various product lines and receive our catalogs\t\t\t\t\t\t\t<\/div>\n\t\t\t\t\t\t\n\t\t\t\t\t\t\t\t\t\t\t\t\t\t\t\t\t\t\t\t<div class=\"lanceurs-reassurance__cta\">\n\t\t\t\t\t\t\t\t<a href=\"https:\/\/www.cheminees-seguin.com\/en\/catalog\/\"\n\t\t\t\t\t\t\t\t\tclass=\"btn btn-secondary btn-sm\"\n\t\t\t\t\t\t\t\t\t>\n\t\t\t\t\t\t\t\t\tBrowse our catalogs\t\t\t\t\t\t\t\t<\/a>\n\t\t\t\t\t\t\t<\/div>\n\t\t\t\t\t\t\t\t\t\t\t<\/div>\n\t\t\t\t<\/div>\n\t\t\t\t\t<\/div>\n\t<\/section>\n","protected":false},"excerpt":{"rendered":"Why choose THERMOLAB? Choosing THERMOLAB means investing in: \u2714 A high-performance pellet boiler\u2714 An economical heating solution\u2714 Renewable energy\u2714 Reliable and controlled technology\u2714 The SEGUIN Group&#8217;s expertise THERMOLAB offers a concrete response to current energy challenges: performance, ecological transition and budget control.","protected":false},"author":2,"featured_media":0,"parent":0,"menu_order":0,"comment_status":"closed","ping_status":"closed","template":"","meta":{"_acf_changed":false,"ep_exclude_from_search":false,"footnotes":""},"class_list":["post-23218","page","type-page","status-publish","hentry"],"acf":[],"yoast_head":"<!-- This site is optimized with the Yoast SEO plugin v27.4 - https:\/\/yoast.com\/product\/yoast-seo-wordpress\/ -->\n<title>Thermolab - Seguin<\/title>\n<meta name=\"description\" content=\"THERMOLAB, a brand of the SEGUIN Group, offers high-performance, reliable, and durable pellet boilers for cost-effective and environmentally friendly central heating.\" \/>\n<meta name=\"robots\" content=\"index, follow, max-snippet:-1, max-image-preview:large, max-video-preview:-1\" \/>\n<link rel=\"canonical\" href=\"https:\/\/www.cheminees-seguin.com\/en\/thermolab\/\" \/>\n<meta property=\"og:locale\" content=\"en_US\" \/>\n<meta property=\"og:type\" content=\"article\" \/>\n<meta property=\"og:title\" content=\"Thermolab - Seguin\" \/>\n<meta property=\"og:description\" content=\"THERMOLAB, a brand of the SEGUIN Group, offers high-performance, reliable, and durable pellet boilers for cost-effective and environmentally friendly central heating.\" \/>\n<meta property=\"og:url\" content=\"https:\/\/www.cheminees-seguin.com\/en\/thermolab\/\" \/>\n<meta property=\"og:site_name\" content=\"Seguin\" \/>\n<meta property=\"article:modified_time\" content=\"2026-04-21T15:01:25+00:00\" \/>\n<meta name=\"twitter:card\" content=\"summary_large_image\" \/>\n<meta name=\"twitter:label1\" content=\"Est. reading time\" \/>\n\t<meta name=\"twitter:data1\" content=\"1 minute\" \/>\n<script type=\"application\/ld+json\" class=\"yoast-schema-graph\">{\"@context\":\"https:\\\/\\\/schema.org\",\"@graph\":[{\"@type\":\"WebPage\",\"@id\":\"https:\\\/\\\/www.cheminees-seguin.com\\\/en\\\/thermolab\\\/\",\"url\":\"https:\\\/\\\/www.cheminees-seguin.com\\\/en\\\/thermolab\\\/\",\"name\":\"Thermolab - Seguin\",\"isPartOf\":{\"@id\":\"https:\\\/\\\/www.cheminees-seguin.com\\\/en\\\/#website\"},\"datePublished\":\"2026-02-25T08:26:14+00:00\",\"dateModified\":\"2026-04-21T15:01:25+00:00\",\"description\":\"THERMOLAB, a brand of the SEGUIN Group, offers high-performance, reliable, and durable pellet boilers for cost-effective and environmentally friendly central heating.\",\"breadcrumb\":{\"@id\":\"https:\\\/\\\/www.cheminees-seguin.com\\\/en\\\/thermolab\\\/#breadcrumb\"},\"inLanguage\":\"en-US\",\"potentialAction\":[{\"@type\":\"ReadAction\",\"target\":[\"https:\\\/\\\/www.cheminees-seguin.com\\\/en\\\/thermolab\\\/\"]}]},{\"@type\":\"BreadcrumbList\",\"@id\":\"https:\\\/\\\/www.cheminees-seguin.com\\\/en\\\/thermolab\\\/#breadcrumb\",\"itemListElement\":[{\"@type\":\"ListItem\",\"position\":1,\"name\":\"Home\",\"item\":\"https:\\\/\\\/www.cheminees-seguin.com\\\/en\\\/\"},{\"@type\":\"ListItem\",\"position\":2,\"name\":\"Thermolab\"}]},{\"@type\":\"WebSite\",\"@id\":\"https:\\\/\\\/www.cheminees-seguin.com\\\/en\\\/#website\",\"url\":\"https:\\\/\\\/www.cheminees-seguin.com\\\/en\\\/\",\"name\":\"SEGUIN\",\"description\":\"\",\"potentialAction\":[{\"@type\":\"SearchAction\",\"target\":{\"@type\":\"EntryPoint\",\"urlTemplate\":\"https:\\\/\\\/www.cheminees-seguin.com\\\/en\\\/?s={search_term_string}\"},\"query-input\":{\"@type\":\"PropertyValueSpecification\",\"valueRequired\":true,\"valueName\":\"search_term_string\"}}],\"inLanguage\":\"en-US\"}]}<\/script>\n<!-- \/ Yoast SEO plugin. -->","yoast_head_json":{"title":"Thermolab - Seguin","description":"THERMOLAB, a brand of the SEGUIN Group, offers high-performance, reliable, and durable pellet boilers for cost-effective and environmentally friendly central heating.","robots":{"index":"index","follow":"follow","max-snippet":"max-snippet:-1","max-image-preview":"max-image-preview:large","max-video-preview":"max-video-preview:-1"},"canonical":"https:\/\/www.cheminees-seguin.com\/en\/thermolab\/","og_locale":"en_US","og_type":"article","og_title":"Thermolab - Seguin","og_description":"THERMOLAB, a brand of the SEGUIN Group, offers high-performance, reliable, and durable pellet boilers for cost-effective and environmentally friendly central heating.","og_url":"https:\/\/www.cheminees-seguin.com\/en\/thermolab\/","og_site_name":"Seguin","article_modified_time":"2026-04-21T15:01:25+00:00","twitter_card":"summary_large_image","twitter_misc":{"Est. reading time":"1 minute"},"schema":{"@context":"https:\/\/schema.org","@graph":[{"@type":"WebPage","@id":"https:\/\/www.cheminees-seguin.com\/en\/thermolab\/","url":"https:\/\/www.cheminees-seguin.com\/en\/thermolab\/","name":"Thermolab - Seguin","isPartOf":{"@id":"https:\/\/www.cheminees-seguin.com\/en\/#website"},"datePublished":"2026-02-25T08:26:14+00:00","dateModified":"2026-04-21T15:01:25+00:00","description":"THERMOLAB, a brand of the SEGUIN Group, offers high-performance, reliable, and durable pellet boilers for cost-effective and environmentally friendly central heating.","breadcrumb":{"@id":"https:\/\/www.cheminees-seguin.com\/en\/thermolab\/#breadcrumb"},"inLanguage":"en-US","potentialAction":[{"@type":"ReadAction","target":["https:\/\/www.cheminees-seguin.com\/en\/thermolab\/"]}]},{"@type":"BreadcrumbList","@id":"https:\/\/www.cheminees-seguin.com\/en\/thermolab\/#breadcrumb","itemListElement":[{"@type":"ListItem","position":1,"name":"Home","item":"https:\/\/www.cheminees-seguin.com\/en\/"},{"@type":"ListItem","position":2,"name":"Thermolab"}]},{"@type":"WebSite","@id":"https:\/\/www.cheminees-seguin.com\/en\/#website","url":"https:\/\/www.cheminees-seguin.com\/en\/","name":"SEGUIN","description":"","potentialAction":[{"@type":"SearchAction","target":{"@type":"EntryPoint","urlTemplate":"https:\/\/www.cheminees-seguin.com\/en\/?s={search_term_string}"},"query-input":{"@type":"PropertyValueSpecification","valueRequired":true,"valueName":"search_term_string"}}],"inLanguage":"en-US"}]}},"_links":{"self":[{"href":"https:\/\/www.cheminees-seguin.com\/en\/wp-json\/wp\/v2\/pages\/23218","targetHints":{"allow":["GET"]}}],"collection":[{"href":"https:\/\/www.cheminees-seguin.com\/en\/wp-json\/wp\/v2\/pages"}],"about":[{"href":"https:\/\/www.cheminees-seguin.com\/en\/wp-json\/wp\/v2\/types\/page"}],"author":[{"embeddable":true,"href":"https:\/\/www.cheminees-seguin.com\/en\/wp-json\/wp\/v2\/users\/2"}],"replies":[{"embeddable":true,"href":"https:\/\/www.cheminees-seguin.com\/en\/wp-json\/wp\/v2\/comments?post=23218"}],"version-history":[{"count":0,"href":"https:\/\/www.cheminees-seguin.com\/en\/wp-json\/wp\/v2\/pages\/23218\/revisions"}],"wp:attachment":[{"href":"https:\/\/www.cheminees-seguin.com\/en\/wp-json\/wp\/v2\/media?parent=23218"}],"curies":[{"name":"wp","href":"https:\/\/api.w.org\/{rel}","templated":true}]}}