{"id":27419,"date":"2026-02-11T18:25:25","date_gmt":"2026-02-11T17:25:25","guid":{"rendered":"https:\/\/www.cheminees-seguin.com\/comparison\/"},"modified":"2026-04-21T16:44:26","modified_gmt":"2026-04-21T14:44:26","slug":"comparison","status":"publish","type":"page","link":"https:\/\/www.cheminees-seguin.com\/en\/comparison\/","title":{"rendered":"Comparison"},"content":{"rendered":"\n<section class=\"comparateur mt-0 pt-0\" data-component=\"48-comparateur\">\n\t<div class=\"container\">\n\n\t\t<!-- \u00c9tat vide (affich\u00e9 si aucun produit \u00e0 comparer) -->\n\t\t<div class=\"comparateur__empty\" style=\"display: none;\">\n\t\t\t<div class=\"comparateur__empty-content\">\n\t\t\t\t<svg class=\"comparateur__empty-icon\" width=\"64\" height=\"64\" viewBox=\"0 0 24 24\" fill=\"none\" stroke=\"currentColor\" stroke-width=\"1.5\">\n\t\t\t\t\t<path d=\"M9 5H7a2 2 0 00-2 2v12a2 2 0 002 2h10a2 2 0 002-2V7a2 2 0 00-2-2h-2M9 5a2 2 0 002 2h2a2 2 0 002-2M9 5a2 2 0 012-2h2a2 2 0 012 2\"\/>\n\t\t\t\t\t<path d=\"M12 11v6M9 14h6\"\/>\n\t\t\t\t<\/svg>\n\t\t\t\t<h2 class=\"comparateur__empty-title\">No products to compare<\/h2>\n\t\t\t\t<p class=\"comparateur__empty-text\">Add products to your comparison by clicking on the &quot;Compare&quot; button on the product pages.<\/p>\n\t\t\t\t<a href=\"https:\/\/www.cheminees-seguin.com\/en\/produits\/\" class=\"btn btn-primary\">\n\t\t\t\t\tDiscover our products\t\t\t\t<\/a>\n\t\t\t<\/div>\n\t\t<\/div>\n\n\t\t<!-- Tableau comparatif (affich\u00e9 si des produits sont pr\u00e9sents) -->\n\t\t<div class=\"comparateur__table-wrapper\">\n\t\t\t<table class=\"comparateur__table\">\n\n\t\t\t\t<!-- Header avec images et noms des produits -->\n\t\t\t\t<thead>\n\t\t\t\t\t<tr class=\"comparateur__row comparateur__row--header\">\n\t\t\t\t\t\t<th class=\"comparateur__cell comparateur__cell--label comparateur__cell--header-label\">\n\t\t\t\t\t\t\t<span class=\"comparateur__header-text\">Product information<\/span>\n\t\t\t\t\t\t<\/th>\n\t\t\t\t\t\t<!-- Les cellules produits seront inject\u00e9es ici via JS -->\n\t\t\t\t\t<\/tr>\n\t\t\t\t<\/thead>\n\n\t\t\t\t<tbody class=\"comparateur__body\">\n\t\t\t\t\t\t\t\t\t\t\t\t\t\t\t\t\t\t<tr class=\"comparateur__row\">\n\t\t\t\t\t\t\t\t<td colspan=\"3\" class=\"comparateur__cell comparateur__cell--mobile-label\">\n\t\t\t\t\t\t\t\t\tRated power :\t\t\t\t\t\t\t\t<\/td>\n\t\t\t\t\t\t\t<\/tr>\n\t\t\t\t\t\t\t<tr class=\"comparateur__row\" data-field=\"puissance_nominale\">\n\t\t\t\t\t\t\t\t<td class=\"comparateur__cell comparateur__cell--label\">\n\t\t\t\t\t\t\t\t\tRated power :\t\t\t\t\t\t\t\t<\/td>\n\t\t\t\t\t\t\t\t<!-- Les valeurs seront inject\u00e9es ici via JS -->\n\t\t\t\t\t\t\t<\/tr>\n\t\t\t\t\t\t\t\t\t\t\t\t\t\t\t\t\t\t\t\t\t\t\t\t<tr class=\"comparateur__row\">\n\t\t\t\t\t\t\t\t<td colspan=\"3\" class=\"comparateur__cell comparateur__cell--mobile-label\">\n\t\t\t\t\t\t\t\t\tEfficiency:\t\t\t\t\t\t\t\t<\/td>\n\t\t\t\t\t\t\t<\/tr>\n\t\t\t\t\t\t\t<tr class=\"comparateur__row\" data-field=\"rendement\">\n\t\t\t\t\t\t\t\t<td class=\"comparateur__cell comparateur__cell--label\">\n\t\t\t\t\t\t\t\t\tEfficiency:\t\t\t\t\t\t\t\t<\/td>\n\t\t\t\t\t\t\t\t<!-- Les valeurs seront inject\u00e9es ici via JS -->\n\t\t\t\t\t\t\t<\/tr>\n\t\t\t\t\t\t\t\t\t\t\t\t\t\t\t\t\t\t\t\t\t\t\t\t<tr class=\"comparateur__row\">\n\t\t\t\t\t\t\t\t<td colspan=\"3\" class=\"comparateur__cell comparateur__cell--mobile-label\">\n\t\t\t\t\t\t\t\t\tEnergy class :\t\t\t\t\t\t\t\t<\/td>\n\t\t\t\t\t\t\t<\/tr>\n\t\t\t\t\t\t\t<tr class=\"comparateur__row\" data-field=\"classe_energetique\">\n\t\t\t\t\t\t\t\t<td class=\"comparateur__cell comparateur__cell--label\">\n\t\t\t\t\t\t\t\t\tEnergy class :\t\t\t\t\t\t\t\t<\/td>\n\t\t\t\t\t\t\t\t<!-- Les valeurs seront inject\u00e9es ici via JS -->\n\t\t\t\t\t\t\t<\/tr>\n\t\t\t\t\t\t\t\t\t\t\t\t\t\t\t\t\t\t\t\t\t\t\t\t<tr class=\"comparateur__row\">\n\t\t\t\t\t\t\t\t<td colspan=\"3\" class=\"comparateur__cell comparateur__cell--mobile-label\">\n\t\t\t\t\t\t\t\t\tDimensions (H\u00d7W\u00d7D) :\t\t\t\t\t\t\t\t<\/td>\n\t\t\t\t\t\t\t<\/tr>\n\t\t\t\t\t\t\t<tr class=\"comparateur__row\" data-field=\"dimensions\">\n\t\t\t\t\t\t\t\t<td class=\"comparateur__cell comparateur__cell--label\">\n\t\t\t\t\t\t\t\t\tDimensions (H\u00d7W\u00d7D) :\t\t\t\t\t\t\t\t<\/td>\n\t\t\t\t\t\t\t\t<!-- Les valeurs seront inject\u00e9es ici via JS -->\n\t\t\t\t\t\t\t<\/tr>\n\t\t\t\t\t\t\t\t\t\t\t\t\t\t\t\t\t\t\t\t\t\t\t\t<tr class=\"comparateur__row\">\n\t\t\t\t\t\t\t\t<td colspan=\"3\" class=\"comparateur__cell comparateur__cell--mobile-label\">\n\t\t\t\t\t\t\t\t\tSeasonal efficiency:\t\t\t\t\t\t\t\t<\/td>\n\t\t\t\t\t\t\t<\/tr>\n\t\t\t\t\t\t\t<tr class=\"comparateur__row\" data-field=\"efficacite_saisonniere\">\n\t\t\t\t\t\t\t\t<td class=\"comparateur__cell comparateur__cell--label\">\n\t\t\t\t\t\t\t\t\tSeasonal efficiency:\t\t\t\t\t\t\t\t<\/td>\n\t\t\t\t\t\t\t\t<!-- Les valeurs seront inject\u00e9es ici via JS -->\n\t\t\t\t\t\t\t<\/tr>\n\t\t\t\t\t\t\t\t\t\t\t\t\t\t\t\t\t\t\t\t\t\t\t\t<tr class=\"comparateur__row\">\n\t\t\t\t\t\t\t\t<td colspan=\"3\" class=\"comparateur__cell comparateur__cell--mobile-label\">\n\t\t\t\t\t\t\t\t\tOutlet type:\t\t\t\t\t\t\t\t<\/td>\n\t\t\t\t\t\t\t<\/tr>\n\t\t\t\t\t\t\t<tr class=\"comparateur__row\" data-field=\"type_sortie\">\n\t\t\t\t\t\t\t\t<td class=\"comparateur__cell comparateur__cell--label\">\n\t\t\t\t\t\t\t\t\tOutlet type:\t\t\t\t\t\t\t\t<\/td>\n\t\t\t\t\t\t\t\t<!-- Les valeurs seront inject\u00e9es ici via JS -->\n\t\t\t\t\t\t\t<\/tr>\n\t\t\t\t\t\t\t\t\t\t\t\n\t\t\t\t\t<!-- Ligne des boutons CTA -->\n\t\t\t\t\t<tr class=\"comparateur__row comparateur__row--cta\">\n\t\t\t\t\t\t<td class=\"comparateur__cell comparateur__cell--label comparateur__cell--cta-empty\"><\/td>\n\t\t\t\t\t\t<!-- Les boutons seront inject\u00e9s ici via JS -->\n\t\t\t\t\t<\/tr>\n\t\t\t\t<\/tbody>\n\n\t\t\t<\/table>\n\t\t<\/div>\n\n\t\t<!-- Bouton principal en bas -->\n\t\t\n\t<\/div>\n<\/section>\n\n<!-- Donn\u00e9es pour le JS -->\n<script type=\"application\/json\" id=\"comparateur-config\">\n{\"ajaxUrl\":\"https:\\\/\\\/www.cheminees-seguin.com\\\/wp-admin\\\/admin-ajax.php\",\"fastApiUrl\":\"https:\\\/\\\/www.cheminees-seguin.com\\\/wp-content\\\/themes\\\/periscope\\\/api\\\/comparateur-endpoint.php\",\"nonce\":\"dd363646a7\",\"champsAffiches\":[\"puissance_nominale\",\"rendement\",\"classe_energetique\",\"dimensions\",\"efficacite_saisonniere\",\"type_sortie\"],\"ctaProduitLabel\":\"Read more\",\"labels\":{\"puissance_nominale\":\"Rated power :\",\"rendement\":\"Efficiency:\",\"classe_energetique\":\"Energy class :\",\"surface_chauffe\":\"Heating surface :\",\"habillage\":\"Dressing :\",\"design\":\"Design :\",\"foyer\":\"Home :\",\"mode_chauffe\":\"Heating mode :\",\"dimensions\":\"Dimensions (H\\u00d7W\\u00d7D) :\",\"reservoir\":\"Tank \\\/ Logs:\",\"efficacite_saisonniere\":\"Seasonal efficiency:\",\"materiau\":\"Materials :\",\"type_sortie\":\"Outlet type:\",\"etanche\":\"Air tightness:\"},\"i18n\":{\"removeProduct\":\"Remove this product from the comparison\",\"noValue\":\"\\u2014\"}}<\/script>\n","protected":false},"excerpt":{"rendered":"","protected":false},"author":1,"featured_media":0,"parent":0,"menu_order":0,"comment_status":"closed","ping_status":"closed","template":"","meta":{"_acf_changed":true,"ep_exclude_from_search":false,"footnotes":""},"class_list":["post-27419","page","type-page","status-publish","hentry"],"acf":[],"yoast_head":"<!-- This site is optimized with the Yoast SEO plugin v27.4 - https:\/\/yoast.com\/product\/yoast-seo-wordpress\/ -->\n<title>Comparison - Seguin<\/title>\n<meta name=\"robots\" content=\"index, follow, max-snippet:-1, max-image-preview:large, max-video-preview:-1\" \/>\n<link rel=\"canonical\" href=\"https:\/\/www.cheminees-seguin.com\/en\/comparison\/\" \/>\n<meta property=\"og:locale\" content=\"en_US\" \/>\n<meta property=\"og:type\" content=\"article\" \/>\n<meta property=\"og:title\" content=\"Comparison - Seguin\" \/>\n<meta property=\"og:url\" content=\"https:\/\/www.cheminees-seguin.com\/en\/comparison\/\" \/>\n<meta property=\"og:site_name\" content=\"Seguin\" \/>\n<meta property=\"article:modified_time\" content=\"2026-04-21T14:44:26+00:00\" \/>\n<meta name=\"twitter:card\" content=\"summary_large_image\" \/>\n<script type=\"application\/ld+json\" class=\"yoast-schema-graph\">{\"@context\":\"https:\\\/\\\/schema.org\",\"@graph\":[{\"@type\":\"WebPage\",\"@id\":\"https:\\\/\\\/www.cheminees-seguin.com\\\/en\\\/comparison\\\/\",\"url\":\"https:\\\/\\\/www.cheminees-seguin.com\\\/en\\\/comparison\\\/\",\"name\":\"Comparison - Seguin\",\"isPartOf\":{\"@id\":\"https:\\\/\\\/www.cheminees-seguin.com\\\/en\\\/#website\"},\"datePublished\":\"2026-02-11T17:25:25+00:00\",\"dateModified\":\"2026-04-21T14:44:26+00:00\",\"breadcrumb\":{\"@id\":\"https:\\\/\\\/www.cheminees-seguin.com\\\/en\\\/comparison\\\/#breadcrumb\"},\"inLanguage\":\"en-US\",\"potentialAction\":[{\"@type\":\"ReadAction\",\"target\":[\"https:\\\/\\\/www.cheminees-seguin.com\\\/en\\\/comparison\\\/\"]}]},{\"@type\":\"BreadcrumbList\",\"@id\":\"https:\\\/\\\/www.cheminees-seguin.com\\\/en\\\/comparison\\\/#breadcrumb\",\"itemListElement\":[{\"@type\":\"ListItem\",\"position\":1,\"name\":\"Home\",\"item\":\"https:\\\/\\\/www.cheminees-seguin.com\\\/en\\\/\"},{\"@type\":\"ListItem\",\"position\":2,\"name\":\"Comparison\"}]},{\"@type\":\"WebSite\",\"@id\":\"https:\\\/\\\/www.cheminees-seguin.com\\\/en\\\/#website\",\"url\":\"https:\\\/\\\/www.cheminees-seguin.com\\\/en\\\/\",\"name\":\"SEGUIN\",\"description\":\"\",\"potentialAction\":[{\"@type\":\"SearchAction\",\"target\":{\"@type\":\"EntryPoint\",\"urlTemplate\":\"https:\\\/\\\/www.cheminees-seguin.com\\\/en\\\/?s={search_term_string}\"},\"query-input\":{\"@type\":\"PropertyValueSpecification\",\"valueRequired\":true,\"valueName\":\"search_term_string\"}}],\"inLanguage\":\"en-US\"}]}<\/script>\n<!-- \/ Yoast SEO plugin. -->","yoast_head_json":{"title":"Comparison - Seguin","robots":{"index":"index","follow":"follow","max-snippet":"max-snippet:-1","max-image-preview":"max-image-preview:large","max-video-preview":"max-video-preview:-1"},"canonical":"https:\/\/www.cheminees-seguin.com\/en\/comparison\/","og_locale":"en_US","og_type":"article","og_title":"Comparison - Seguin","og_url":"https:\/\/www.cheminees-seguin.com\/en\/comparison\/","og_site_name":"Seguin","article_modified_time":"2026-04-21T14:44:26+00:00","twitter_card":"summary_large_image","schema":{"@context":"https:\/\/schema.org","@graph":[{"@type":"WebPage","@id":"https:\/\/www.cheminees-seguin.com\/en\/comparison\/","url":"https:\/\/www.cheminees-seguin.com\/en\/comparison\/","name":"Comparison - Seguin","isPartOf":{"@id":"https:\/\/www.cheminees-seguin.com\/en\/#website"},"datePublished":"2026-02-11T17:25:25+00:00","dateModified":"2026-04-21T14:44:26+00:00","breadcrumb":{"@id":"https:\/\/www.cheminees-seguin.com\/en\/comparison\/#breadcrumb"},"inLanguage":"en-US","potentialAction":[{"@type":"ReadAction","target":["https:\/\/www.cheminees-seguin.com\/en\/comparison\/"]}]},{"@type":"BreadcrumbList","@id":"https:\/\/www.cheminees-seguin.com\/en\/comparison\/#breadcrumb","itemListElement":[{"@type":"ListItem","position":1,"name":"Home","item":"https:\/\/www.cheminees-seguin.com\/en\/"},{"@type":"ListItem","position":2,"name":"Comparison"}]},{"@type":"WebSite","@id":"https:\/\/www.cheminees-seguin.com\/en\/#website","url":"https:\/\/www.cheminees-seguin.com\/en\/","name":"SEGUIN","description":"","potentialAction":[{"@type":"SearchAction","target":{"@type":"EntryPoint","urlTemplate":"https:\/\/www.cheminees-seguin.com\/en\/?s={search_term_string}"},"query-input":{"@type":"PropertyValueSpecification","valueRequired":true,"valueName":"search_term_string"}}],"inLanguage":"en-US"}]}},"_links":{"self":[{"href":"https:\/\/www.cheminees-seguin.com\/en\/wp-json\/wp\/v2\/pages\/27419","targetHints":{"allow":["GET"]}}],"collection":[{"href":"https:\/\/www.cheminees-seguin.com\/en\/wp-json\/wp\/v2\/pages"}],"about":[{"href":"https:\/\/www.cheminees-seguin.com\/en\/wp-json\/wp\/v2\/types\/page"}],"author":[{"embeddable":true,"href":"https:\/\/www.cheminees-seguin.com\/en\/wp-json\/wp\/v2\/users\/1"}],"replies":[{"embeddable":true,"href":"https:\/\/www.cheminees-seguin.com\/en\/wp-json\/wp\/v2\/comments?post=27419"}],"version-history":[{"count":0,"href":"https:\/\/www.cheminees-seguin.com\/en\/wp-json\/wp\/v2\/pages\/27419\/revisions"}],"wp:attachment":[{"href":"https:\/\/www.cheminees-seguin.com\/en\/wp-json\/wp\/v2\/media?parent=27419"}],"curies":[{"name":"wp","href":"https:\/\/api.w.org\/{rel}","templated":true}]}}