{"id":27487,"date":"2025-12-30T16:09:46","date_gmt":"2025-12-30T15:09:46","guid":{"rendered":"https:\/\/www.cheminees-seguin.com\/planting-for-the-future\/"},"modified":"2026-04-21T16:54:57","modified_gmt":"2026-04-21T14:54:57","slug":"planting-for-the-future","status":"publish","type":"page","link":"https:\/\/www.cheminees-seguin.com\/en\/the-group\/planting-for-the-future\/","title":{"rendered":"PLANTING FOR THE FUTURE"},"content":{"rendered":"\n<section id=\"entete-page-contenu-gutenberg-2b037c31-0813-4e49-8d45-731dda7bacbb\" class=\"entete-page-contenu\" data-component=\"18 - Ent\u00eate page de contenu\">\n\t<div class=\"container\">\n\t\t<div class=\"entete-page-contenu__content\">\n\n\t\t\t\t\t\t\t\t\t\t\t<h1 class=\"entete-page-contenu__title\">\n\t\t\t\t\tSEGUIN commits to platons pour l&#039;Avenir\t\t\t\t<\/h1>\n\t\t\t\n\t\t\t\t\t\t\t<div class=\"entete-page-contenu__description\">\n\t\t\t\t\tAware of the importance of preserving natural resources, Groupe SEGUIN places sustainable development at the heart of its actions. Since 2016, the company has proudly supported the <a href='https:\/\/www.plantonspourlavenir.fr\/'>Plantons pour l&#8217;avenir<\/a> endowment fund, whose mission is to accelerate reforestation in France as part of sustainable forest management.\t\t\t\t<\/div>\n\t\t\t\n\t\t<\/div>\n\n\t\t\t<\/div>\n<\/section>\n\n\n\n<section id=\"img-homothetique-gutenberg-5b45d50b-c0e0-45b3-bdad-07897c33fb6b\" class=\"img-homothetique\" data-component=\"23 - Img homoth\u00e9tique\">\n\t<img\n\t\tsrc=\"https:\/\/www.cheminees-seguin.com\/wp-content\/uploads\/2026\/03\/Planton-pour-lavenir.jpg\"\n\t\talt=\"Collaboration SEGUIN et Planton pour l&#039;avenir\"\n\t\tclass=\"img-homothetique__image\"\n\t\tloading=\"lazy\"\n\t\/>\n<\/section>\n\n\n\n<section class=\"bloc-texte-img bloc-texte-img--img-50\" data-component=\"11-bloc-texte-img\">\n\t<div class=\"bloc-texte-img__layout bloc-texte-img__layout--img-right\">\n\n\t\t<!-- Content bloc (text + button) -->\n\t\t<div class=\"bloc-texte-img__content bloc-texte-img__content--white\">\n\t\t\t<div class=\"bloc-texte-img__text\">\n\n\t\t\t\t\t\t\t\t\t<h2 class=\"bloc-texte-img__title\">\n\t\t\t\t\t\tACTING TODAY FOR TOMORROW&#8217;S FORESTS\t\t\t\t\t<\/h2>\n\t\t\t\t\n\t\t\t\t\t\t\t\t\t<div class=\"bloc-texte-img__description\">\n\t\t\t\t\t\t<p>Thanks to the donations of its partners, this fund supports concrete projects throughout France, with five main priorities for action:<\/p><p><strong>Planting, replanting <\/strong>: financing (re)afforestation operations on plots that are vulnerable or unsuited to climate change.<\/p><p><strong>Encourage sustainable management<\/strong>: promote responsible forestry that reconciles production, biodiversity and public access.<\/p><p><strong>Support the timber industry<\/strong>: strengthen local economic activity, create resources and promote employment in rural areas.<\/p><p><strong>Raising awareness<\/strong>: raising public awareness of the importance of forests and their essential role in environmental balance.<\/p><p><strong>Foster innovation<\/strong>: encourage the development of new forestry practices adapted to the ecological challenges of the future.<\/p>\t\t\t\t\t<\/div>\n\t\t\t\t\n\t\t\t<\/div>\n\n\t\t\t\t\t<\/div>\n\n\t\t<!-- Image bloc -->\n\t\t<div class=\"bloc-texte-img__image\">\n\t\t\t\t\t\t\t<img decoding=\"async\" src=\"https:\/\/www.cheminees-seguin.com\/wp-content\/uploads\/2026\/03\/Chiffre-cles.png\"\n\t\t\t\t\talt=\"Plantons pour l&#039;avenir chiffres-cl\u00e9s\" \/>\n\t\t\t\n\t\t\t\t\t<\/div>\n\n\t<\/div>\n<\/section>\n\n\n\n<section id=\"lanceurs-reassurance-block_1a23866f9de1c89ff49118b0f91b14d1\" class=\"lanceurs-reassurance\" data-component=\"35-lanceurs-reassurance\">\n\t\t\t<div class=\"lanceurs-reassurance__grid\">\n\t\t\t\t\t\t\t<div class=\"lanceurs-reassurance__card\">\n\t\t\t\t\t\t\t\t\t\t\t<div class=\"lanceurs-reassurance__image\">\n\t\t\t\t\t\t\t<img decoding=\"async\" src=\"https:\/\/www.cheminees-seguin.com\/wp-content\/uploads\/2026\/01\/9bf2083d45b08e8da9e10dfe34ba9d647e22d541.jpg\"\n\t\t\t\t\t\t\t\talt=\"parlez nous de votre projet d&#039;installation\" \/>\n\t\t\t\t\t\t<\/div>\n\t\t\t\t\t\n\t\t\t\t\t<div class=\"lanceurs-reassurance__content\">\n\t\t\t\t\t\t\t\t\t\t\t\t\t<h3 class=\"lanceurs-reassurance__title\">\n\t\t\t\t\t\t\t\tTell us about your project\t\t\t\t\t\t\t<\/h3>\n\t\t\t\t\t\t\n\t\t\t\t\t\t\t\t\t\t\t\t\t<div class=\"lanceurs-reassurance__description\">\n\t\t\t\t\t\t\t\tA SEGUIN expert will contact you to provide a personalized quote, with no obligation\t\t\t\t\t\t\t<\/div>\n\t\t\t\t\t\t\n\t\t\t\t\t\t\t\t\t\t\t\t\t\t\t\t\t\t\t\t<div class=\"lanceurs-reassurance__cta\">\n\t\t\t\t\t\t\t\t<a href=\"https:\/\/www.cheminees-seguin.com\/en\/request-a-quote\/\"\n\t\t\t\t\t\t\t\t\tclass=\"btn btn-secondary btn-sm\"\n\t\t\t\t\t\t\t\t\t>\n\t\t\t\t\t\t\t\t\tI would like to request a quote\t\t\t\t\t\t\t\t<\/a>\n\t\t\t\t\t\t\t<\/div>\n\t\t\t\t\t\t\t\t\t\t\t<\/div>\n\t\t\t\t<\/div>\n\t\t\t\t\t\t\t<div class=\"lanceurs-reassurance__card\">\n\t\t\t\t\t\t\t\t\t\t\t<div class=\"lanceurs-reassurance__image\">\n\t\t\t\t\t\t\t<img decoding=\"async\" src=\"https:\/\/www.cheminees-seguin.com\/wp-content\/uploads\/2026\/03\/Call-Center.jpg\"\n\t\t\t\t\t\t\t\talt=\"Nos \u00e9quipes \u00e0 votre \u00e9coute\" \/>\n\t\t\t\t\t\t<\/div>\n\t\t\t\t\t\n\t\t\t\t\t<div class=\"lanceurs-reassurance__content\">\n\t\t\t\t\t\t\t\t\t\t\t\t\t<h3 class=\"lanceurs-reassurance__title\">\n\t\t\t\t\t\t\t\tOur team is here to help\t\t\t\t\t\t\t<\/h3>\n\t\t\t\t\t\t\n\t\t\t\t\t\t\t\t\t\t\t\t\t<div class=\"lanceurs-reassurance__description\">\n\t\t\t\t\t\t\t\tWould you like to discuss your project and get advice from our team? Schedule an appointment with one of our advisors.\t\t\t\t\t\t\t<\/div>\n\t\t\t\t\t\t\n\t\t\t\t\t\t\t\t\t\t\t\t\t\t\t\t\t\t\t\t<div class=\"lanceurs-reassurance__cta\">\n\t\t\t\t\t\t\t\t<a href=\"https:\/\/www.cheminees-seguin.com\/en\/contact-us\/\"\n\t\t\t\t\t\t\t\t\tclass=\"btn btn-secondary btn-sm\"\n\t\t\t\t\t\t\t\t\t>\n\t\t\t\t\t\t\t\t\tMake an appointment\t\t\t\t\t\t\t\t<\/a>\n\t\t\t\t\t\t\t<\/div>\n\t\t\t\t\t\t\t\t\t\t\t<\/div>\n\t\t\t\t<\/div>\n\t\t\t\t\t\t\t<div class=\"lanceurs-reassurance__card\">\n\t\t\t\t\t\t\t\t\t\t\t<div class=\"lanceurs-reassurance__image\">\n\t\t\t\t\t\t\t<img decoding=\"async\" src=\"https:\/\/www.cheminees-seguin.com\/wp-content\/uploads\/2026\/03\/Visuel-Catalogue.png\"\n\t\t\t\t\t\t\t\talt=\"Demande de catalogue\" \/>\n\t\t\t\t\t\t<\/div>\n\t\t\t\t\t\n\t\t\t\t\t<div class=\"lanceurs-reassurance__content\">\n\t\t\t\t\t\t\t\t\t\t\t\t\t<h3 class=\"lanceurs-reassurance__title\">\n\t\t\t\t\t\t\t\tOur Catalogs\t\t\t\t\t\t\t<\/h3>\n\t\t\t\t\t\t\n\t\t\t\t\t\t\t\t\t\t\t\t\t<div class=\"lanceurs-reassurance__description\">\n\t\t\t\t\t\t\t\tExplore our various product lines and receive our catalogs\t\t\t\t\t\t\t<\/div>\n\t\t\t\t\t\t\n\t\t\t\t\t\t\t\t\t\t\t\t\t\t\t\t\t\t\t\t<div class=\"lanceurs-reassurance__cta\">\n\t\t\t\t\t\t\t\t<a href=\"https:\/\/www.cheminees-seguin.com\/en\/catalog\/\"\n\t\t\t\t\t\t\t\t\tclass=\"btn btn-secondary btn-sm\"\n\t\t\t\t\t\t\t\t\t>\n\t\t\t\t\t\t\t\t\tBrowse our catalogs\t\t\t\t\t\t\t\t<\/a>\n\t\t\t\t\t\t\t<\/div>\n\t\t\t\t\t\t\t\t\t\t\t<\/div>\n\t\t\t\t<\/div>\n\t\t\t\t\t<\/div>\n\t<\/section>\n","protected":false},"excerpt":{"rendered":"","protected":false},"author":1,"featured_media":0,"parent":27485,"menu_order":0,"comment_status":"closed","ping_status":"closed","template":"","meta":{"_acf_changed":false,"ep_exclude_from_search":false,"footnotes":""},"class_list":["post-27487","page","type-page","status-publish","hentry"],"acf":[],"yoast_head":"<!-- This site is optimized with the Yoast SEO plugin v27.4 - https:\/\/yoast.com\/product\/yoast-seo-wordpress\/ -->\n<title>PLANTING FOR THE FUTURE - Seguin<\/title>\n<meta name=\"description\" content=\"Discover SEGUIN partners: long-term collaborations with PIAZZETTA and a commitment alongside Plantons pour l\u2019avenir.\" \/>\n<meta name=\"robots\" content=\"index, follow, max-snippet:-1, max-image-preview:large, max-video-preview:-1\" \/>\n<link rel=\"canonical\" href=\"https:\/\/www.cheminees-seguin.com\/en\/the-group\/planting-for-the-future\/\" \/>\n<meta property=\"og:locale\" content=\"en_US\" \/>\n<meta property=\"og:type\" content=\"article\" \/>\n<meta property=\"og:title\" content=\"PLANTING FOR THE FUTURE - Seguin\" \/>\n<meta property=\"og:description\" content=\"Discover SEGUIN partners: long-term collaborations with PIAZZETTA and a commitment alongside Plantons pour l\u2019avenir.\" \/>\n<meta property=\"og:url\" content=\"https:\/\/www.cheminees-seguin.com\/en\/the-group\/planting-for-the-future\/\" \/>\n<meta property=\"og:site_name\" content=\"Seguin\" \/>\n<meta property=\"article:modified_time\" content=\"2026-04-21T14:54:57+00:00\" \/>\n<meta name=\"twitter:card\" content=\"summary_large_image\" \/>\n<script type=\"application\/ld+json\" class=\"yoast-schema-graph\">{\"@context\":\"https:\\\/\\\/schema.org\",\"@graph\":[{\"@type\":\"WebPage\",\"@id\":\"https:\\\/\\\/www.cheminees-seguin.com\\\/en\\\/the-group\\\/planting-for-the-future\\\/\",\"url\":\"https:\\\/\\\/www.cheminees-seguin.com\\\/en\\\/the-group\\\/planting-for-the-future\\\/\",\"name\":\"PLANTING FOR THE FUTURE - Seguin\",\"isPartOf\":{\"@id\":\"https:\\\/\\\/www.cheminees-seguin.com\\\/en\\\/#website\"},\"datePublished\":\"2025-12-30T15:09:46+00:00\",\"dateModified\":\"2026-04-21T14:54:57+00:00\",\"description\":\"Discover SEGUIN partners: long-term collaborations with PIAZZETTA and a commitment alongside Plantons pour l\u2019avenir.\",\"breadcrumb\":{\"@id\":\"https:\\\/\\\/www.cheminees-seguin.com\\\/en\\\/the-group\\\/planting-for-the-future\\\/#breadcrumb\"},\"inLanguage\":\"en-US\",\"potentialAction\":[{\"@type\":\"ReadAction\",\"target\":[\"https:\\\/\\\/www.cheminees-seguin.com\\\/en\\\/the-group\\\/planting-for-the-future\\\/\"]}]},{\"@type\":\"BreadcrumbList\",\"@id\":\"https:\\\/\\\/www.cheminees-seguin.com\\\/en\\\/the-group\\\/planting-for-the-future\\\/#breadcrumb\",\"itemListElement\":[{\"@type\":\"ListItem\",\"position\":1,\"name\":\"Home\",\"item\":\"https:\\\/\\\/www.cheminees-seguin.com\\\/en\\\/\"},{\"@type\":\"ListItem\",\"position\":2,\"name\":\"The Group\",\"item\":\"https:\\\/\\\/www.cheminees-seguin.com\\\/en\\\/the-group\\\/\"},{\"@type\":\"ListItem\",\"position\":3,\"name\":\"PLANTING FOR THE FUTURE\"}]},{\"@type\":\"WebSite\",\"@id\":\"https:\\\/\\\/www.cheminees-seguin.com\\\/en\\\/#website\",\"url\":\"https:\\\/\\\/www.cheminees-seguin.com\\\/en\\\/\",\"name\":\"SEGUIN\",\"description\":\"\",\"potentialAction\":[{\"@type\":\"SearchAction\",\"target\":{\"@type\":\"EntryPoint\",\"urlTemplate\":\"https:\\\/\\\/www.cheminees-seguin.com\\\/en\\\/?s={search_term_string}\"},\"query-input\":{\"@type\":\"PropertyValueSpecification\",\"valueRequired\":true,\"valueName\":\"search_term_string\"}}],\"inLanguage\":\"en-US\"}]}<\/script>\n<!-- \/ Yoast SEO plugin. -->","yoast_head_json":{"title":"PLANTING FOR THE FUTURE - Seguin","description":"Discover SEGUIN partners: long-term collaborations with PIAZZETTA and a commitment alongside Plantons pour l\u2019avenir.","robots":{"index":"index","follow":"follow","max-snippet":"max-snippet:-1","max-image-preview":"max-image-preview:large","max-video-preview":"max-video-preview:-1"},"canonical":"https:\/\/www.cheminees-seguin.com\/en\/the-group\/planting-for-the-future\/","og_locale":"en_US","og_type":"article","og_title":"PLANTING FOR THE FUTURE - Seguin","og_description":"Discover SEGUIN partners: long-term collaborations with PIAZZETTA and a commitment alongside Plantons pour l\u2019avenir.","og_url":"https:\/\/www.cheminees-seguin.com\/en\/the-group\/planting-for-the-future\/","og_site_name":"Seguin","article_modified_time":"2026-04-21T14:54:57+00:00","twitter_card":"summary_large_image","schema":{"@context":"https:\/\/schema.org","@graph":[{"@type":"WebPage","@id":"https:\/\/www.cheminees-seguin.com\/en\/the-group\/planting-for-the-future\/","url":"https:\/\/www.cheminees-seguin.com\/en\/the-group\/planting-for-the-future\/","name":"PLANTING FOR THE FUTURE - Seguin","isPartOf":{"@id":"https:\/\/www.cheminees-seguin.com\/en\/#website"},"datePublished":"2025-12-30T15:09:46+00:00","dateModified":"2026-04-21T14:54:57+00:00","description":"Discover SEGUIN partners: long-term collaborations with PIAZZETTA and a commitment alongside Plantons pour l\u2019avenir.","breadcrumb":{"@id":"https:\/\/www.cheminees-seguin.com\/en\/the-group\/planting-for-the-future\/#breadcrumb"},"inLanguage":"en-US","potentialAction":[{"@type":"ReadAction","target":["https:\/\/www.cheminees-seguin.com\/en\/the-group\/planting-for-the-future\/"]}]},{"@type":"BreadcrumbList","@id":"https:\/\/www.cheminees-seguin.com\/en\/the-group\/planting-for-the-future\/#breadcrumb","itemListElement":[{"@type":"ListItem","position":1,"name":"Home","item":"https:\/\/www.cheminees-seguin.com\/en\/"},{"@type":"ListItem","position":2,"name":"The Group","item":"https:\/\/www.cheminees-seguin.com\/en\/the-group\/"},{"@type":"ListItem","position":3,"name":"PLANTING FOR THE FUTURE"}]},{"@type":"WebSite","@id":"https:\/\/www.cheminees-seguin.com\/en\/#website","url":"https:\/\/www.cheminees-seguin.com\/en\/","name":"SEGUIN","description":"","potentialAction":[{"@type":"SearchAction","target":{"@type":"EntryPoint","urlTemplate":"https:\/\/www.cheminees-seguin.com\/en\/?s={search_term_string}"},"query-input":{"@type":"PropertyValueSpecification","valueRequired":true,"valueName":"search_term_string"}}],"inLanguage":"en-US"}]}},"_links":{"self":[{"href":"https:\/\/www.cheminees-seguin.com\/en\/wp-json\/wp\/v2\/pages\/27487","targetHints":{"allow":["GET"]}}],"collection":[{"href":"https:\/\/www.cheminees-seguin.com\/en\/wp-json\/wp\/v2\/pages"}],"about":[{"href":"https:\/\/www.cheminees-seguin.com\/en\/wp-json\/wp\/v2\/types\/page"}],"author":[{"embeddable":true,"href":"https:\/\/www.cheminees-seguin.com\/en\/wp-json\/wp\/v2\/users\/1"}],"replies":[{"embeddable":true,"href":"https:\/\/www.cheminees-seguin.com\/en\/wp-json\/wp\/v2\/comments?post=27487"}],"version-history":[{"count":0,"href":"https:\/\/www.cheminees-seguin.com\/en\/wp-json\/wp\/v2\/pages\/27487\/revisions"}],"up":[{"embeddable":true,"href":"https:\/\/www.cheminees-seguin.com\/en\/wp-json\/wp\/v2\/pages\/27485"}],"wp:attachment":[{"href":"https:\/\/www.cheminees-seguin.com\/en\/wp-json\/wp\/v2\/media?parent=27487"}],"curies":[{"name":"wp","href":"https:\/\/api.w.org\/{rel}","templated":true}]}}