{"id":501,"date":"2026-02-20T14:09:44","date_gmt":"2026-02-20T13:09:44","guid":{"rendered":"https:\/\/www.cheminees-seguin.com\/the-seguin-story\/"},"modified":"2026-04-21T16:56:13","modified_gmt":"2026-04-21T14:56:13","slug":"the-seguin-story","status":"publish","type":"page","link":"https:\/\/www.cheminees-seguin.com\/en\/the-group\/the-seguin-story\/","title":{"rendered":"SEGUIN, a French manufacturer and a major player in the wood energy sector"},"content":{"rendered":"\n<h2 class=\"wp-block-heading\">SEGUIN, a French manufacturer and a major player in the wood energy sector<\/h2>\n\n\n\n<p>For nearly 50 years, SEGUIN has been crafting wood-burning heating systems with an unwavering belief:<br>a fire is not just a source of heat\u2014it\u2019s a way of life.<\/p>\n\n\n\n<p>Founded in 1976 amid an energy crisis, the company was built on a simple idea: to offer efficient, sustainable, and affordable heating solutions, without ever compromising on the quality of craftsmanship.<\/p>\n\n\n\n<p>Today, SEGUIN has become a major player in the wood energy sector in Europe, while remaining true to its original values.<\/p>\n\n\n\n<section class=\"bloc-texte-img bloc-texte-img--img-50\" data-component=\"11-bloc-texte-img\">\n\t<div class=\"bloc-texte-img__layout bloc-texte-img__layout--img-left\">\n\n\t\t<!-- Content bloc (text + button) -->\n\t\t<div class=\"bloc-texte-img__content bloc-texte-img__content--grey\">\n\t\t\t<div class=\"bloc-texte-img__text\">\n\n\t\t\t\t\t\t\t\t\t<h2 class=\"bloc-texte-img__title\">\n\t\t\t\t\t\tSEGUIN Workshop: At the Heart of It All\t\t\t\t\t<\/h2>\n\t\t\t\t\n\t\t\t\t\t\t\t\t\t<div class=\"bloc-texte-img__description\">\n\t\t\t\t\t\t<p><a href='https:\/\/www.youtube.com\/watch?v=4gslRh6mGVM'>It all began in <strong>Randan<\/strong><\/a>, in the Puy-de-D\u00f4me department.<br>This is where SEGUIN\u2019s expertise was forged. A place of production, but above all a place of culture: the culture of materials, of fire, and of craftsmanship. Even<br>today, the workshop remains the beating heart of the group.<br>Centered around this historic site, SEGUIN relies on a structured industrial network comprising five manufacturing facilities:<br>in France, in Randan (63), Virignin (01), and Vendargues (34)<br>; in Europe, in H\u00f8rning (Denmark) and Valencia (Spain)<br>; and two integrated testing laboratories, ensuring the performance and reliability of the appliances.<br>This industrial foundation allows SEGUIN to maintain deep control over its products, with 80% of devices manufactured in its own workshops.<\/p><p>Over the years, SEGUIN has grown without losing sight of its roots.<br>The group\u2019s development has been built on<br>both solid organic growth and strategic acquisitions (AXIS, JC BORDELET, HWAM, CARBEL, THERMOLAB, VULX\u2026).<br>SEGUIN has also forged key industrial partnerships, such as with <a href='\/le-groupe\/seguin-et-piazzetta-deux-expertises-une-meme-exigence\/'>Piazzetta<\/a>, enabling it to enrich its product range and expand its expertise.<\/p><p><br>This momentum has enabled the creation of a group capable of combining industrial strength, diverse expertise, and<br>high product standards<\/p>\t\t\t\t\t<\/div>\n\t\t\t\t\n\t\t\t<\/div>\n\n\t\t\t\t\t<\/div>\n\n\t\t<!-- Image bloc -->\n\t\t<div class=\"bloc-texte-img__image\">\n\t\t\t\t\t\t\t<img decoding=\"async\" src=\"https:\/\/www.cheminees-seguin.com\/wp-content\/uploads\/2026\/03\/Les-ateliers-SEGUIN.jpg\"\n\t\t\t\t\talt=\"Les ateliers SEGUIN\" \/>\n\t\t\t\n\t\t\t\t\t<\/div>\n\n\t<\/div>\n<\/section>\n\n\n\n<section class=\"bloc-texte-img bloc-texte-img--img-50\" data-component=\"11-bloc-texte-img\">\n\t<div class=\"bloc-texte-img__layout bloc-texte-img__layout--img-left\">\n\n\t\t<!-- Content bloc (text + button) -->\n\t\t<div class=\"bloc-texte-img__content bloc-texte-img__content--black\">\n\t\t\t<div class=\"bloc-texte-img__text\">\n\n\t\t\t\t\t\t\t\t\t<h2 class=\"bloc-texte-img__title\">\n\t\t\t\t\t\tThe widest selection on the market\t\t\t\t\t<\/h2>\n\t\t\t\t\n\t\t\t\t\t\t\t\t\t<div class=\"bloc-texte-img__description\">\n\t\t\t\t\t\t<p>Today, SEGUIN offers one of the most comprehensive product ranges on the market: fireplaces, stoves, hearths, and wood- or pellet-burning inserts, as well as gas and ethanol<br>solutions. This diversity allows us to meet the needs of every project, every use, and every home layout.<br>Every product is guided by the same standard: combining performance, aesthetics, and durability.<\/p><p>SEGUIN controls the entire value chain:<br>design and development, laboratory<br><br>testing, manufacturing in its workshops, and<br>distribution through a structured<br>network. This comprehensive control ensures reliable, high-performance products, consistent quality, and a capacity for continuous<br>innovation. It is also what enables the Group to offer solutions tailored to market trends and user expectations.<\/p>\t\t\t\t\t<\/div>\n\t\t\t\t\n\t\t\t<\/div>\n\n\t\t\t\t\t<\/div>\n\n\t\t<!-- Image bloc -->\n\t\t<div class=\"bloc-texte-img__image\">\n\t\t\t\t\t\t\t<img decoding=\"async\" src=\"https:\/\/www.cheminees-seguin.com\/wp-content\/uploads\/2026\/03\/MARQUE-SEGUIN-1483X1135.jpg\"\n\t\t\t\t\talt=\"SEGUIN Depuis 1976\" \/>\n\t\t\t\n\t\t\t\t\t<\/div>\n\n\t<\/div>\n<\/section>\n\n\n\n<section class=\"bloc-texte-img bloc-texte-img--img-50\" data-component=\"11-bloc-texte-img\">\n\t<div class=\"bloc-texte-img__layout bloc-texte-img__layout--img-right\">\n\n\t\t<!-- Content bloc (text + button) -->\n\t\t<div class=\"bloc-texte-img__content bloc-texte-img__content--white\">\n\t\t\t<div class=\"bloc-texte-img__text\">\n\n\t\t\t\t\t\t\t\t\t<h2 class=\"bloc-texte-img__title\">\n\t\t\t\t\t\tThe craftsmanship of the artisan, the strength of the manufacturer\t\t\t\t\t<\/h2>\n\t\t\t\t\n\t\t\t\t\t\t\t\t\t<div class=\"bloc-texte-img__description\">\n\t\t\t\t\t\t<p>Today, SEGUIN relies on a network of more than <a href='\/je-trouve-un-revendeur\/'>170 stores across France<\/a>, including 130 exclusive retailers that are members of CLUB SEGUIN.<br>These partners have chosen to build a long-term relationship with the brand, driven by shared values of reliability and sustainability. <\/p><p>They all share the same approach to their work, focused on technical expertise, quality customer service, and building long-term relationships of trust with their customers.<\/p>\t\t\t\t\t<\/div>\n\t\t\t\t\n\t\t\t<\/div>\n\n\t\t\t\t\t<\/div>\n\n\t\t<!-- Image bloc -->\n\t\t<div class=\"bloc-texte-img__image\">\n\t\t\t\t\t\t\t<img decoding=\"async\" src=\"https:\/\/www.cheminees-seguin.com\/wp-content\/uploads\/2026\/03\/GROUPE-P11-scaled.jpg\"\n\t\t\t\t\talt=\"CLUB SEGUIN SEMINAIRE CLIENT RANDAN\" \/>\n\t\t\t\n\t\t\t\t\t<\/div>\n\n\t<\/div>\n<\/section>\n\n\n\n<section class=\"bloc-texte-img bloc-texte-img--img-50\" data-component=\"11-bloc-texte-img\">\n\t<div class=\"bloc-texte-img__layout bloc-texte-img__layout--img-left\">\n\n\t\t<!-- Content bloc (text + button) -->\n\t\t<div class=\"bloc-texte-img__content bloc-texte-img__content--black\">\n\t\t\t<div class=\"bloc-texte-img__text\">\n\n\t\t\t\t\t\t\t\t\t<h2 class=\"bloc-texte-img__title\">\n\t\t\t\t\t\tA committed player in the wood energy sector\t\t\t\t\t<\/h2>\n\t\t\t\t\n\t\t\t\t\t\t\t\t\t<div class=\"bloc-texte-img__description\">\n\t\t\t\t\t\t<p>In the context of the energy transition, SEGUIN is fully committed to advancing wood heating, a renewable and locally sourced energy source.<br>The group acts responsibly <a href='https:\/\/www.youtube.com\/watch?v=JK9SWSrnVGE&amp;t=22s'>by focusing on the energy efficiency of its appliances, reducing emissions<\/a>, <a href='https:\/\/www.youtube.com\/watch?v=JK9SWSrnVGE&amp;t=22s'>and ensuring the sustainability of its equipment<\/a>.<br>This commitment is rooted in a strong conviction: to offer heating solutions that are efficient, well-engineered, and tailored to today\u2019s challenges.<\/p><p>From its workshop in Randan to a European industrial group, SEGUIN has built its growth with consistency.<br>A story of fire, which continues today through a comprehensive product range, state-of-the-art manufacturing facilities, and a dedicated network.<br>And tomorrow, the same ambition: to continue advancing wood heating, while remaining true to what has always been SEGUIN\u2019s strength: product excellence and a passion for fire.<\/p>\t\t\t\t\t<\/div>\n\t\t\t\t\n\t\t\t<\/div>\n\n\t\t\t\t\t<\/div>\n\n\t\t<!-- Image bloc -->\n\t\t<div class=\"bloc-texte-img__image\">\n\t\t\t\t\t\t\t<img decoding=\"async\" src=\"https:\/\/www.cheminees-seguin.com\/wp-content\/uploads\/2026\/03\/coupe-rondins-boisforetbois-clair-scaled.jpg\"\n\t\t\t\t\talt=\"Quel bois utiliser pour se chauffer ?\" \/>\n\t\t\t\n\t\t\t\t\t<\/div>\n\n\t<\/div>\n<\/section>\n\n\n<section class=\"fond-img-texte\" data-component=\"15-fond-img-texte\" id=\"section-15-fond-img-texte-gutenberg-6c11a6a9-00a8-40d7-9915-7eead3afa6ca\">\n\t\t<div class=\"fond-img-texte__bg\">\n\t\t\t\t\t<img\n\t\t\t\tsrc=\"https:\/\/www.cheminees-seguin.com\/wp-content\/uploads\/2026\/01\/54a57de78b1bd6ee96768e6e9dc7f01a5ff925c2-1024x672.jpg\"\n\t\t\t\tsrcset=\"https:\/\/www.cheminees-seguin.com\/wp-content\/uploads\/2026\/01\/54a57de78b1bd6ee96768e6e9dc7f01a5ff925c2-300x197.jpg 300w, https:\/\/www.cheminees-seguin.com\/wp-content\/uploads\/2026\/01\/54a57de78b1bd6ee96768e6e9dc7f01a5ff925c2-1024x672.jpg 1024w, https:\/\/www.cheminees-seguin.com\/wp-content\/uploads\/2026\/01\/54a57de78b1bd6ee96768e6e9dc7f01a5ff925c2-768x504.jpg 768w, https:\/\/www.cheminees-seguin.com\/wp-content\/uploads\/2026\/01\/54a57de78b1bd6ee96768e6e9dc7f01a5ff925c2-1536x1008.jpg 1536w, https:\/\/www.cheminees-seguin.com\/wp-content\/uploads\/2026\/01\/54a57de78b1bd6ee96768e6e9dc7f01a5ff925c2-2048x1344.jpg 2048w\"\n\t\t\t\tsizes=\"100vw\"\n\t\t\t\talt=\"Trouvez un revendeur SEGUIN\"\n\t\t\t\tclass=\"fond-img-texte__media\"\n\t\t\t\tloading=\"lazy\"\n\t\t\t\/>\n\t\t\t\t<div class=\"fond-img-texte__overlay\"><\/div>\n\t<\/div>\n\n\t<div class=\"container\">\n\t\t<div class=\"fond-img-texte__content\">\n\t\t\t\t\t\t\t<h2 class=\"fond-img-texte__title\">\n\t\t\t\t\tFind the nearest retailer\t\t\t\t<\/h2>\n\t\t\t\n\t\t\t\t\t\t\t<div class=\"fond-img-texte__intro\">\n\t\t\t\t\tBy choosing an installer who is a member of the SEGUIN network for your installation, you\u2019ll benefit from true expertise; all of our partners are recognized professionals who regularly undergo training at our training center.\t\t\t\t<\/div>\n\t\t\t\n\t\t\t\t\t\t\t\t\t\t\t<div class=\"fond-img-texte__cta\">\n\t\t\t\t\t<a\n\t\t\t\t\t\thref=\"https:\/\/www.cheminees-seguin.com\/en\/i-find-a-dealer\/\"\n\t\t\t\t\t\tclass=\"btn btn-danger\"\n\t\t\t\t\t\t\t\t\t\t\t>\n\t\t\t\t\t\t<span>FIND A SEGUIN DEALER<\/span>\n\t\t\t\t\t<\/a>\n\t\t\t\t<\/div>\n\t\t\t\t\t<\/div>\n\t<\/div>\n<\/section>\n\n\n\n<section id=\"lanceurs-reassurance-block_1c767e8af79518f1f7b9b03f86f1a751\" class=\"lanceurs-reassurance\" data-component=\"35-lanceurs-reassurance\">\n\t\t\t<div class=\"lanceurs-reassurance__grid\">\n\t\t\t\t\t\t\t<div class=\"lanceurs-reassurance__card\">\n\t\t\t\t\t\t\t\t\t\t\t<div class=\"lanceurs-reassurance__image\">\n\t\t\t\t\t\t\t<img decoding=\"async\" src=\"https:\/\/www.cheminees-seguin.com\/wp-content\/uploads\/2026\/01\/9bf2083d45b08e8da9e10dfe34ba9d647e22d541.jpg\"\n\t\t\t\t\t\t\t\talt=\"parlez nous de votre projet d&#039;installation\" \/>\n\t\t\t\t\t\t<\/div>\n\t\t\t\t\t\n\t\t\t\t\t<div class=\"lanceurs-reassurance__content\">\n\t\t\t\t\t\t\t\t\t\t\t\t\t<h3 class=\"lanceurs-reassurance__title\">\n\t\t\t\t\t\t\t\tTell us about your project\t\t\t\t\t\t\t<\/h3>\n\t\t\t\t\t\t\n\t\t\t\t\t\t\t\t\t\t\t\t\t<div class=\"lanceurs-reassurance__description\">\n\t\t\t\t\t\t\t\tA SEGUIN expert will contact you to provide a personalized quote, with no obligation\t\t\t\t\t\t\t<\/div>\n\t\t\t\t\t\t\n\t\t\t\t\t\t\t\t\t\t\t\t\t\t\t\t\t\t\t\t<div class=\"lanceurs-reassurance__cta\">\n\t\t\t\t\t\t\t\t<a href=\"https:\/\/www.cheminees-seguin.com\/en\/request-a-quote\/\"\n\t\t\t\t\t\t\t\t\tclass=\"btn btn-secondary btn-sm\"\n\t\t\t\t\t\t\t\t\t>\n\t\t\t\t\t\t\t\t\tI would like to request a quote\t\t\t\t\t\t\t\t<\/a>\n\t\t\t\t\t\t\t<\/div>\n\t\t\t\t\t\t\t\t\t\t\t<\/div>\n\t\t\t\t<\/div>\n\t\t\t\t\t\t\t<div class=\"lanceurs-reassurance__card\">\n\t\t\t\t\t\t\t\t\t\t\t<div class=\"lanceurs-reassurance__image\">\n\t\t\t\t\t\t\t<img decoding=\"async\" src=\"https:\/\/www.cheminees-seguin.com\/wp-content\/uploads\/2026\/03\/Call-Center.jpg\"\n\t\t\t\t\t\t\t\talt=\"Nos \u00e9quipes \u00e0 votre \u00e9coute\" \/>\n\t\t\t\t\t\t<\/div>\n\t\t\t\t\t\n\t\t\t\t\t<div class=\"lanceurs-reassurance__content\">\n\t\t\t\t\t\t\t\t\t\t\t\t\t<h3 class=\"lanceurs-reassurance__title\">\n\t\t\t\t\t\t\t\tOur team is here to help\t\t\t\t\t\t\t<\/h3>\n\t\t\t\t\t\t\n\t\t\t\t\t\t\t\t\t\t\t\t\t<div class=\"lanceurs-reassurance__description\">\n\t\t\t\t\t\t\t\tWould you like to discuss your project and get advice from our team? Schedule an appointment with one of our advisors.\t\t\t\t\t\t\t<\/div>\n\t\t\t\t\t\t\n\t\t\t\t\t\t\t\t\t\t\t\t\t\t\t\t\t\t\t\t<div class=\"lanceurs-reassurance__cta\">\n\t\t\t\t\t\t\t\t<a href=\"https:\/\/www.cheminees-seguin.com\/en\/contact-us\/\"\n\t\t\t\t\t\t\t\t\tclass=\"btn btn-secondary btn-sm\"\n\t\t\t\t\t\t\t\t\t>\n\t\t\t\t\t\t\t\t\tMake an appointment\t\t\t\t\t\t\t\t<\/a>\n\t\t\t\t\t\t\t<\/div>\n\t\t\t\t\t\t\t\t\t\t\t<\/div>\n\t\t\t\t<\/div>\n\t\t\t\t\t\t\t<div class=\"lanceurs-reassurance__card\">\n\t\t\t\t\t\t\t\t\t\t\t<div class=\"lanceurs-reassurance__image\">\n\t\t\t\t\t\t\t<img decoding=\"async\" src=\"https:\/\/www.cheminees-seguin.com\/wp-content\/uploads\/2026\/03\/Visuel-Catalogue.png\"\n\t\t\t\t\t\t\t\talt=\"Demande de catalogue\" \/>\n\t\t\t\t\t\t<\/div>\n\t\t\t\t\t\n\t\t\t\t\t<div class=\"lanceurs-reassurance__content\">\n\t\t\t\t\t\t\t\t\t\t\t\t\t<h3 class=\"lanceurs-reassurance__title\">\n\t\t\t\t\t\t\t\tOur Catalogs\t\t\t\t\t\t\t<\/h3>\n\t\t\t\t\t\t\n\t\t\t\t\t\t\t\t\t\t\t\t\t<div class=\"lanceurs-reassurance__description\">\n\t\t\t\t\t\t\t\tExplore our various product lines and receive our catalogs\t\t\t\t\t\t\t<\/div>\n\t\t\t\t\t\t\n\t\t\t\t\t\t\t\t\t\t\t\t\t\t\t\t\t\t\t\t<div class=\"lanceurs-reassurance__cta\">\n\t\t\t\t\t\t\t\t<a href=\"https:\/\/www.cheminees-seguin.com\/en\/catalog\/\"\n\t\t\t\t\t\t\t\t\tclass=\"btn btn-secondary btn-sm\"\n\t\t\t\t\t\t\t\t\t>\n\t\t\t\t\t\t\t\t\tBrowse our catalogs\t\t\t\t\t\t\t\t<\/a>\n\t\t\t\t\t\t\t<\/div>\n\t\t\t\t\t\t\t\t\t\t\t<\/div>\n\t\t\t\t<\/div>\n\t\t\t\t\t<\/div>\n\t<\/section>\n\n\n","protected":false},"excerpt":{"rendered":"SEGUIN, a French manufacturer and a major player in the wood energy sector For nearly 50 years, SEGUIN has been crafting wood-burning heating systems with an unwavering belief:a fire is not just a source of heat\u2014it\u2019s a way of life. Founded in 1976 amid an energy crisis, the company was built on a simple idea: [&hellip;]","protected":false},"author":2,"featured_media":0,"parent":27485,"menu_order":0,"comment_status":"closed","ping_status":"closed","template":"","meta":{"_acf_changed":false,"ep_exclude_from_search":false,"footnotes":""},"class_list":["post-501","page","type-page","status-publish","hentry"],"acf":[],"yoast_head":"<!-- This site is optimized with the Yoast SEO plugin v27.4 - https:\/\/yoast.com\/product\/yoast-seo-wordpress\/ -->\n<title>SEGUIN, a French manufacturer and a major player in the wood energy sector - Seguin<\/title>\n<meta name=\"description\" content=\"The Seguin Group, with 40 years of history and 3 production facilities in France, specializes in wood, pellet, and gas heating.\" \/>\n<meta name=\"robots\" content=\"index, follow, max-snippet:-1, max-image-preview:large, max-video-preview:-1\" \/>\n<link rel=\"canonical\" href=\"https:\/\/www.cheminees-seguin.com\/en\/the-group\/the-seguin-story\/\" \/>\n<meta property=\"og:locale\" content=\"en_US\" \/>\n<meta property=\"og:type\" content=\"article\" \/>\n<meta property=\"og:title\" content=\"SEGUIN, a French manufacturer and a major player in the wood energy sector - Seguin\" \/>\n<meta property=\"og:description\" content=\"The Seguin Group, with 40 years of history and 3 production facilities in France, specializes in wood, pellet, and gas heating.\" \/>\n<meta property=\"og:url\" content=\"https:\/\/www.cheminees-seguin.com\/en\/the-group\/the-seguin-story\/\" \/>\n<meta property=\"og:site_name\" content=\"Seguin\" \/>\n<meta property=\"article:modified_time\" content=\"2026-04-21T14:56:13+00:00\" \/>\n<meta name=\"twitter:card\" content=\"summary_large_image\" \/>\n<meta name=\"twitter:label1\" content=\"Est. reading time\" \/>\n\t<meta name=\"twitter:data1\" content=\"1 minute\" \/>\n<script type=\"application\/ld+json\" class=\"yoast-schema-graph\">{\"@context\":\"https:\\\/\\\/schema.org\",\"@graph\":[{\"@type\":\"WebPage\",\"@id\":\"https:\\\/\\\/www.cheminees-seguin.com\\\/en\\\/the-group\\\/the-seguin-story\\\/\",\"url\":\"https:\\\/\\\/www.cheminees-seguin.com\\\/en\\\/the-group\\\/the-seguin-story\\\/\",\"name\":\"SEGUIN, a French manufacturer and a major player in the wood energy sector - Seguin\",\"isPartOf\":{\"@id\":\"https:\\\/\\\/www.cheminees-seguin.com\\\/en\\\/#website\"},\"datePublished\":\"2026-02-20T13:09:44+00:00\",\"dateModified\":\"2026-04-21T14:56:13+00:00\",\"description\":\"The Seguin Group, with 40 years of history and 3 production facilities in France, specializes in wood, pellet, and gas heating.\",\"breadcrumb\":{\"@id\":\"https:\\\/\\\/www.cheminees-seguin.com\\\/en\\\/the-group\\\/the-seguin-story\\\/#breadcrumb\"},\"inLanguage\":\"en-US\",\"potentialAction\":[{\"@type\":\"ReadAction\",\"target\":[\"https:\\\/\\\/www.cheminees-seguin.com\\\/en\\\/the-group\\\/the-seguin-story\\\/\"]}]},{\"@type\":\"BreadcrumbList\",\"@id\":\"https:\\\/\\\/www.cheminees-seguin.com\\\/en\\\/the-group\\\/the-seguin-story\\\/#breadcrumb\",\"itemListElement\":[{\"@type\":\"ListItem\",\"position\":1,\"name\":\"Home\",\"item\":\"https:\\\/\\\/www.cheminees-seguin.com\\\/en\\\/\"},{\"@type\":\"ListItem\",\"position\":2,\"name\":\"The Group\",\"item\":\"https:\\\/\\\/www.cheminees-seguin.com\\\/en\\\/the-group\\\/\"},{\"@type\":\"ListItem\",\"position\":3,\"name\":\"SEGUIN, a French manufacturer and a major player in the wood energy sector\"}]},{\"@type\":\"WebSite\",\"@id\":\"https:\\\/\\\/www.cheminees-seguin.com\\\/en\\\/#website\",\"url\":\"https:\\\/\\\/www.cheminees-seguin.com\\\/en\\\/\",\"name\":\"SEGUIN\",\"description\":\"\",\"potentialAction\":[{\"@type\":\"SearchAction\",\"target\":{\"@type\":\"EntryPoint\",\"urlTemplate\":\"https:\\\/\\\/www.cheminees-seguin.com\\\/en\\\/?s={search_term_string}\"},\"query-input\":{\"@type\":\"PropertyValueSpecification\",\"valueRequired\":true,\"valueName\":\"search_term_string\"}}],\"inLanguage\":\"en-US\"}]}<\/script>\n<!-- \/ Yoast SEO plugin. -->","yoast_head_json":{"title":"SEGUIN, a French manufacturer and a major player in the wood energy sector - Seguin","description":"The Seguin Group, with 40 years of history and 3 production facilities in France, specializes in wood, pellet, and gas heating.","robots":{"index":"index","follow":"follow","max-snippet":"max-snippet:-1","max-image-preview":"max-image-preview:large","max-video-preview":"max-video-preview:-1"},"canonical":"https:\/\/www.cheminees-seguin.com\/en\/the-group\/the-seguin-story\/","og_locale":"en_US","og_type":"article","og_title":"SEGUIN, a French manufacturer and a major player in the wood energy sector - Seguin","og_description":"The Seguin Group, with 40 years of history and 3 production facilities in France, specializes in wood, pellet, and gas heating.","og_url":"https:\/\/www.cheminees-seguin.com\/en\/the-group\/the-seguin-story\/","og_site_name":"Seguin","article_modified_time":"2026-04-21T14:56:13+00:00","twitter_card":"summary_large_image","twitter_misc":{"Est. reading time":"1 minute"},"schema":{"@context":"https:\/\/schema.org","@graph":[{"@type":"WebPage","@id":"https:\/\/www.cheminees-seguin.com\/en\/the-group\/the-seguin-story\/","url":"https:\/\/www.cheminees-seguin.com\/en\/the-group\/the-seguin-story\/","name":"SEGUIN, a French manufacturer and a major player in the wood energy sector - Seguin","isPartOf":{"@id":"https:\/\/www.cheminees-seguin.com\/en\/#website"},"datePublished":"2026-02-20T13:09:44+00:00","dateModified":"2026-04-21T14:56:13+00:00","description":"The Seguin Group, with 40 years of history and 3 production facilities in France, specializes in wood, pellet, and gas heating.","breadcrumb":{"@id":"https:\/\/www.cheminees-seguin.com\/en\/the-group\/the-seguin-story\/#breadcrumb"},"inLanguage":"en-US","potentialAction":[{"@type":"ReadAction","target":["https:\/\/www.cheminees-seguin.com\/en\/the-group\/the-seguin-story\/"]}]},{"@type":"BreadcrumbList","@id":"https:\/\/www.cheminees-seguin.com\/en\/the-group\/the-seguin-story\/#breadcrumb","itemListElement":[{"@type":"ListItem","position":1,"name":"Home","item":"https:\/\/www.cheminees-seguin.com\/en\/"},{"@type":"ListItem","position":2,"name":"The Group","item":"https:\/\/www.cheminees-seguin.com\/en\/the-group\/"},{"@type":"ListItem","position":3,"name":"SEGUIN, a French manufacturer and a major player in the wood energy sector"}]},{"@type":"WebSite","@id":"https:\/\/www.cheminees-seguin.com\/en\/#website","url":"https:\/\/www.cheminees-seguin.com\/en\/","name":"SEGUIN","description":"","potentialAction":[{"@type":"SearchAction","target":{"@type":"EntryPoint","urlTemplate":"https:\/\/www.cheminees-seguin.com\/en\/?s={search_term_string}"},"query-input":{"@type":"PropertyValueSpecification","valueRequired":true,"valueName":"search_term_string"}}],"inLanguage":"en-US"}]}},"_links":{"self":[{"href":"https:\/\/www.cheminees-seguin.com\/en\/wp-json\/wp\/v2\/pages\/501","targetHints":{"allow":["GET"]}}],"collection":[{"href":"https:\/\/www.cheminees-seguin.com\/en\/wp-json\/wp\/v2\/pages"}],"about":[{"href":"https:\/\/www.cheminees-seguin.com\/en\/wp-json\/wp\/v2\/types\/page"}],"author":[{"embeddable":true,"href":"https:\/\/www.cheminees-seguin.com\/en\/wp-json\/wp\/v2\/users\/2"}],"replies":[{"embeddable":true,"href":"https:\/\/www.cheminees-seguin.com\/en\/wp-json\/wp\/v2\/comments?post=501"}],"version-history":[{"count":0,"href":"https:\/\/www.cheminees-seguin.com\/en\/wp-json\/wp\/v2\/pages\/501\/revisions"}],"up":[{"embeddable":true,"href":"https:\/\/www.cheminees-seguin.com\/en\/wp-json\/wp\/v2\/pages\/27485"}],"wp:attachment":[{"href":"https:\/\/www.cheminees-seguin.com\/en\/wp-json\/wp\/v2\/media?parent=501"}],"curies":[{"name":"wp","href":"https:\/\/api.w.org\/{rel}","templated":true}]}}