{"id":508,"date":"2025-12-30T10:28:23","date_gmt":"2025-12-30T09:28:23","guid":{"rendered":"https:\/\/www.cheminees-seguin.com\/simulate-my-wood-heating-project\/"},"modified":"2026-04-21T16:48:13","modified_gmt":"2026-04-21T14:48:13","slug":"simulate-my-wood-heating-project","status":"publish","type":"page","link":"https:\/\/www.cheminees-seguin.com\/en\/simulate-my-wood-heating-project\/","title":{"rendered":"Simulate my project"},"content":{"rendered":"\n<section id=\"hero-carrefour-gutenberg-5089511f-818b-4f4b-a21c-5b8d39b45a0a\" class=\"hero-carrefour\">\n\n\t<!-- Section Hero (Image + Logo mobile + Titre desktop) -->\n\t<div class=\"hero-carrefour__hero\">\n\t\t\t\t\t<div class=\"hero-carrefour__image-wrapper\">\n\t\t\t\t<img\n\t\t\t\t\tsrc=\"https:\/\/www.cheminees-seguin.com\/wp-content\/uploads\/2026\/04\/Estimer-sa-consommation.jpg\"\n\t\t\t\t\talt=\"Simuler mon projet\"\n\t\t\t\t\tclass=\"hero-carrefour__image\"\n\t\t\t\t\tloading=\"eager\"\n\t\t\t\t\tfetchpriority=\"high\"\n\t\t\t\t\/>\n\t\t\t<\/div>\n\t\t\n\t\t<!-- Shadow gradient (mobile only) -->\n\t\t<div class=\"hero-carrefour__shadow\"><\/div>\n\n\t\t<!-- Logo (mobile only) -->\n\t\t\n\t\t<!-- Titre (desktop only) -->\n\t\t\t\t\t\t\t\t<div class=\"hero-carrefour__title-desktop\">\n\t\t\t\t<h1>SIMULATE MY PROJECT<\/h1>\n\t\t\t<\/div>\n\t\t\t<\/div>\n\n\t<!-- Bandeau message (WYSIWYG) -->\n\t\n\t<!-- Section Content (mobile only - titre + description) -->\n\t<div class=\"hero-carrefour__content\">\n\t\t\t\t\t<span class=\"hero-carrefour__title-mobile\" aria-hidden=\"true\">SIMULATE MY PROJECT<\/span>\n\t\t\n\t\t\t<\/div>\n\n<\/section>\n\n\n\n<h2 class=\"wp-block-heading\">Prepare your SEGUIN project with peace of mind<\/h2>\n\n\n\n<p>Thinking about buying a <strong>wood stove, pellet stove or a SEGUIN fireplace or insert<\/strong>?<br>Before you start, it is essential to <strong>simulate your project<\/strong> to make the right choices: adapted power, estimate of available aid, annual consumption&#8230;<\/p>\n\n\n\n<p>At SEGUIN, we provide you with <strong>3 free and easy-to-use simulators<\/strong> to accompany you at every stage of your reflection.<\/p>\n\n\n\n<p>\ud83d\udc49 <strong>Goal: To help you choose the right device for your space, budget, and comfort expectations<\/strong>:<\/p>\n\n\n\n<h2 class=\"wp-block-heading\">Power simulator: choose the right power of your SEGUIN DEVICE<\/h2>\n\n\n\n<section class=\"bloc-texte-img bloc-texte-img--img-50\" data-component=\"11-bloc-texte-img\">\n\t<div class=\"bloc-texte-img__layout bloc-texte-img__layout--img-left\">\n\n\t\t<!-- Content bloc (text + button) -->\n\t\t<div class=\"bloc-texte-img__content bloc-texte-img__content--black\">\n\t\t\t<div class=\"bloc-texte-img__text\">\n\n\t\t\t\t\t\t\t\t\t<h2 class=\"bloc-texte-img__title\">\n\t\t\t\t\t\tEstimate the power of your future SEGUIN DEVICE\t\t\t\t\t<\/h2>\n\t\t\t\t\n\t\t\t\t\t\t\t\t\t<div class=\"bloc-texte-img__description\">\n\t\t\t\t\t\tDo you have a heating or furnishing project?u2028Wood or pellet stove, fireplace or stove: start with a simulation.A quick first step towards long-lasting thermal comfort.\t\t\t\t\t<\/div>\n\t\t\t\t\n\t\t\t<\/div>\n\n\t\t\t\t\t\t\t\t\t\t\t<div class=\"bloc-texte-img__cta\">\n\t\t\t\t\t<a href=\"https:\/\/www.cheminees-seguin.com\/en\/simulate-my-wood-heating-project\/power-calculator-simulate-the-ideal-output-of-your-future-seguin-appliance\/\"\n\t\t\t\t\t\tclass=\"btn btn-primary\"\n\t\t\t\t\t\t>\n\t\t\t\t\t\tESTIMATE MY REQUIRED POWER\t\t\t\t\t<\/a>\n\t\t\t\t<\/div>\n\t\t\t\t\t<\/div>\n\n\t\t<!-- Image bloc -->\n\t\t<div class=\"bloc-texte-img__image\">\n\t\t\t\t\t\t\t<img decoding=\"async\" src=\"https:\/\/www.cheminees-seguin.com\/wp-content\/uploads\/2026\/04\/Estimer-sa-puissance.jpg\"\n\t\t\t\t\talt=\"Calculateur de puissance\" \/>\n\t\t\t\n\t\t\t\t\t<\/div>\n\n\t<\/div>\n<\/section>\n\n\n\n<p>The power of a stove or fireplace is a key element.<\/p>\n\n\n\n<p>Too little power will not heat your home properly.<br>Too much power will cause discomfort and overconsumption.<\/p>\n\n\n\n<p>Our <strong>power simulator<\/strong> takes into account:<\/p>\n\n\n\n<ul class=\"wp-block-list\">\n<li>Surface \u00e0 chauffer<\/li>\n\n\n\n<li>Isolation du logement<\/li>\n\n\n\n<li>Localisation g\u00e9ographique<\/li>\n\n\n\n<li>Hauteur sous plafond<\/li>\n\n\n\n<li>Type d\u2019habitat (neuf ou r\u00e9novation)<\/li>\n<\/ul>\n\n\n\n<p>With just a few clicks, get a <strong>personalized estimate of the power needed<\/strong> for your project.<\/p>\n\n\n\n<h2 class=\"wp-block-heading\">Consumption simulator: controlling your heating budget<\/h2>\n\n\n\n<section class=\"bloc-texte-img bloc-texte-img--img-50\" data-component=\"11-bloc-texte-img\">\n\t<div class=\"bloc-texte-img__layout bloc-texte-img__layout--img-right\">\n\n\t\t<!-- Content bloc (text + button) -->\n\t\t<div class=\"bloc-texte-img__content bloc-texte-img__content--black\">\n\t\t\t<div class=\"bloc-texte-img__text\">\n\n\t\t\t\t\t\t\t\t\t<h2 class=\"bloc-texte-img__title\">\n\t\t\t\t\t\tConsumption simulator\t\t\t\t\t<\/h2>\n\t\t\t\t\n\t\t\t\t\t\t\t\t\t<div class=\"bloc-texte-img__description\">\n\t\t\t\t\t\t<p>Do you have a heating or furnishing project? Wood or pellet stove, fireplace, insert or stove: discover an estimate of your consumption of wood or pellets<\/p>\t\t\t\t\t<\/div>\n\t\t\t\t\n\t\t\t<\/div>\n\n\t\t\t\t\t\t\t\t\t\t\t<div class=\"bloc-texte-img__cta\">\n\t\t\t\t\t<a href=\"https:\/\/www.cheminees-seguin.com\/en\/simulate-my-wood-heating-project\/estimate-my-wood-or-pellet-consumption\/\"\n\t\t\t\t\t\tclass=\"btn btn-primary\"\n\t\t\t\t\t\t>\n\t\t\t\t\t\tI ESTIMATE MY CONSUMPTION\t\t\t\t\t<\/a>\n\t\t\t\t<\/div>\n\t\t\t\t\t<\/div>\n\n\t\t<!-- Image bloc -->\n\t\t<div class=\"bloc-texte-img__image\">\n\t\t\t\t\t\t\t<img decoding=\"async\" src=\"https:\/\/www.cheminees-seguin.com\/wp-content\/uploads\/2026\/04\/Estimer-sa-consommation-2.jpg\"\n\t\t\t\t\talt=\"Estimer ma consommation de bois\" \/>\n\t\t\t\n\t\t\t\t\t<\/div>\n\n\t<\/div>\n<\/section>\n\n\n\n<p>Wood heating is known to be economical, but how much will you actually consume?<\/p>\n\n\n\n<p>Our <strong>consumption simulator<\/strong> allows you to estimate:<\/p>\n\n\n\n<ul class=\"wp-block-list\">\n<li>Votre consommation annuelle de bois ou granul\u00e9s<\/li>\n\n\n\n<li>Le budget pr\u00e9visionnel<\/li>\n\n\n\n<li>Les \u00e9conomies potentielles par rapport \u00e0 votre ancien syst\u00e8me<\/li>\n\n\n\n<li>L\u2019impact environnemental de votre installation<\/li>\n<\/ul>\n\n\n\n<p>This helps you to:<\/p>\n\n\n\n<p>\u2714 Compare different solutions<br>\u2714 Anticipate your expenses<br>\u2714 Measuring the profitability of your investment<\/p>\n\n\n\n<h2 class=\"wp-block-heading\"><strong>Aid simulator: immediately reduce the cost of your heating project<\/strong><\/h2>\n\n\n\n<section class=\"bloc-texte-img bloc-texte-img--img-50\" data-component=\"11-bloc-texte-img\">\n\t<div class=\"bloc-texte-img__layout bloc-texte-img__layout--img-left\">\n\n\t\t<!-- Content bloc (text + button) -->\n\t\t<div class=\"bloc-texte-img__content bloc-texte-img__content--black\">\n\t\t\t<div class=\"bloc-texte-img__text\">\n\n\t\t\t\t\t\t\t\t\t<h2 class=\"bloc-texte-img__title\">\n\t\t\t\t\t\tEstimate your aid for the purchase of a SEGUIN HEATER\t\t\t\t\t<\/h2>\n\t\t\t\t\n\t\t\t\t\t\t\t\t\t<div class=\"bloc-texte-img__description\">\n\t\t\t\t\t\t<p>A heating or development project?<br data-start='353' data-end='356' \/>Stove, fireplace, insert or stove: identify in a few clicks the aids you can benefit from.<\/p>\t\t\t\t\t<\/div>\n\t\t\t\t\n\t\t\t<\/div>\n\n\t\t\t\t\t\t\t\t\t\t\t<div class=\"bloc-texte-img__cta\">\n\t\t\t\t\t<a href=\"https:\/\/www.cheminees-seguin.com\/en\/simulate-my-wood-heating-project\/estimate-my-financial-aid-for-the-purchase-of-a-wood-or-pellet-appliance\/\"\n\t\t\t\t\t\tclass=\"btn btn-primary\"\n\t\t\t\t\t\t>\n\t\t\t\t\t\tI ESTIMATE MY AIDS\t\t\t\t\t<\/a>\n\t\t\t\t<\/div>\n\t\t\t\t\t<\/div>\n\n\t\t<!-- Image bloc -->\n\t\t<div class=\"bloc-texte-img__image\">\n\t\t\t\t\t\t\t<img decoding=\"async\" src=\"https:\/\/www.cheminees-seguin.com\/wp-content\/uploads\/2026\/04\/Estimer-mes-aides.jpg\"\n\t\t\t\t\talt=\"Estimer mes aides\" \/>\n\t\t\t\n\t\t\t\t\t<\/div>\n\n\t<\/div>\n<\/section>\n\n\n\n<p>What if you could finance part of your heater with state aid?<\/p>\n\n\n\n<p>With just a few clicks, find out how much you can save.<\/p>\n\n\n\n<p>Our aid simulator allows you to:<\/p>\n\n\n\n<p>Quickly estimate the amount of aid to which you are entitled<br>Identify the cumulative devices (MaPrimeR\u00e9nov\u2019, energy premiums&#8230;<\/p>\n\n\n\n<p><strong>Take action with confidence:<\/strong><\/p>\n\n\n\n<p>Concretely\u2714 visualize your budget after aid<br>\u2714 Accelerate your purchasing decision<br>\u2714 Enjoy efficient heating at a lower cost<br>\u2714 Simplify your steps from the start<\/p>\n\n\n\n<p><strong>Don&#8217;t miss out on support &#8211; test your eligibility now<\/strong><\/p>\n\n\n\n<h2 class=\"wp-block-heading\">Simulating my SEGUIN project: a key step before installation<\/h2>\n\n\n\n<p>At SEGUIN, every project is unique.<\/p>\n\n\n\n<p>By using our simulators, you:<\/p>\n\n\n\n<ul class=\"wp-block-list\">\n<li>Save time<\/li>\n\n\n\n<li>Refine your choice of appliance<\/li>\n\n\n\n<li>Secure your investment<\/li>\n\n\n\n<li>Arrive better prepared at a retailer<\/li>\n<\/ul>\n\n\n\n<p>Our experts can then refine your project and offer you a solution perfectly adapted to your interior and your lifestyle.<\/p>\n\n\n<section\n\tclass=\"bloc-seo\"\n\tdata-component=\"21-bloc-seo\"\n\tid=\"section-21-bloc-seo-gutenberg-ec1ae5d4-5f5c-4903-ab92-6c82cc97b586\"\n>\n\t<div class=\"bloc-seo__layout\">\n\t\t\n\t\t<div class=\"bloc-seo__content-col\">\n\t\t\t\t\t\t\t<div class=\"bloc-seo__title-wrapper\">\n\t\t\t\t\t<h2 class=\"bloc-seo__title\">\n\t\t\t\t\t\tWhy simulate your project before buying?\t\t\t\t\t<\/h2>\n\t\t\t\t<\/div>\n\t\t\t\n\t\t\t<div class=\"bloc-seo__text-wrapper\">\n\t\t\t\t\t\t\t\t\t<div class=\"bloc-seo__first-paragraph\">\n\t\t\t\t\t\t<p><!u002du002d wp:paragraph u002du002d><\/p><p>A wood-burning appliance is not chosen at random. A poor estimate can result in:<\/p><p><!u002du002d \/wp:paragraph u002du002d><!u002du002d wp:list u002du002d><\/p><ul class='wp-block-list'><!u002du002d wp:list-item u002du002d><li>Inadequate power (overheating or lack of heat)<\/li><!u002du002d\/wp:list-item u002du002d><!u002du002d wp:list-item u002du002d><li>Excessive consumption<\/li><!u002du002d\/wp:list-item u002du002d><!u002du002d wp:list-item u002du002d><li>Loss of eligibility for financial aid<\/li><!u002du002d\/wp:list-item u002du002d><!u002du002d wp:list-item u002du002d><li>A poorly optimised investment<\/li><!u002du002d\/wp:list-item u002du002d><\/ul><p><!u002du002d \/wp:list u002du002d><!u002du002dwp:paragraph u002du002d><\/p>\t\t\t\t\t<\/div>\n\t\t\t\t\n\t\t\t\t\t\t\t\t\t<div class=\"bloc-seo__more-content\" data-expanded=\"false\">\n\t\t\t\t\t\t<p>Simulating your project allows you to:<\/p><p><!u002du002d\/wp:paragraph u002du002d><!u002du002d wp:paragraph u002du002d><\/p><p>Estimate the <strong>ideal power<\/strong> for your home<br \/>\u2714 \u2714 Calculate your <strong>estimated annual consumption<\/strong><br \/>\u2714 Identify the <strong>financial aid available<\/strong><br \/>\u2714 Build a clear and realistic budget<br \/>\u2714 Proceed calmly towards the purchase<\/p><p><!u002du002d\/wp:paragraph u002du002d><\/p>\t\t\t\t\t<\/div>\n\t\t\t\t\t<button\n\t\t\t\t\t\ttype=\"button\"\n\t\t\t\t\t\tclass=\"bloc-seo__toggle\"\n\t\t\t\t\t\tdata-label-more=\"Show more\"\n\t\t\t\t\t\tdata-label-less=\"Show less\"\n\t\t\t\t\t\taria-expanded=\"false\"\n\t\t\t\t\t>\n\t\t\t\t\t\t<span class=\"bloc-seo__toggle-text\">Show more<\/span>\n\t\t\t\t\t<\/button>\n\t\t\t\t\t\t\t<\/div>\n\t\t<\/div>\n\t<\/div>\n<\/section>\n\n\n<section class=\"fond-img-texte\" data-component=\"15-fond-img-texte\" id=\"section-15-fond-img-texte-gutenberg-870bbc05-d52e-4534-9375-7f3a09f974d9\">\n\t\t<div class=\"fond-img-texte__bg\">\n\t\t\t\t\t<img\n\t\t\t\tsrc=\"https:\/\/www.cheminees-seguin.com\/wp-content\/uploads\/2026\/01\/54a57de78b1bd6ee96768e6e9dc7f01a5ff925c2-1024x672.jpg\"\n\t\t\t\tsrcset=\"https:\/\/www.cheminees-seguin.com\/wp-content\/uploads\/2026\/01\/54a57de78b1bd6ee96768e6e9dc7f01a5ff925c2-300x197.jpg 300w, https:\/\/www.cheminees-seguin.com\/wp-content\/uploads\/2026\/01\/54a57de78b1bd6ee96768e6e9dc7f01a5ff925c2-1024x672.jpg 1024w, https:\/\/www.cheminees-seguin.com\/wp-content\/uploads\/2026\/01\/54a57de78b1bd6ee96768e6e9dc7f01a5ff925c2-768x504.jpg 768w, https:\/\/www.cheminees-seguin.com\/wp-content\/uploads\/2026\/01\/54a57de78b1bd6ee96768e6e9dc7f01a5ff925c2-1536x1008.jpg 1536w, https:\/\/www.cheminees-seguin.com\/wp-content\/uploads\/2026\/01\/54a57de78b1bd6ee96768e6e9dc7f01a5ff925c2-2048x1344.jpg 2048w\"\n\t\t\t\tsizes=\"100vw\"\n\t\t\t\talt=\"Trouvez un revendeur SEGUIN\"\n\t\t\t\tclass=\"fond-img-texte__media\"\n\t\t\t\tloading=\"lazy\"\n\t\t\t\/>\n\t\t\t\t<div class=\"fond-img-texte__overlay\"><\/div>\n\t<\/div>\n\n\t<div class=\"container\">\n\t\t<div class=\"fond-img-texte__content\">\n\t\t\t\t\t\t\t<h2 class=\"fond-img-texte__title\">\n\t\t\t\t\tFIND LOCATION\t\t\t\t<\/h2>\n\t\t\t\n\t\t\t\t\t\t\t<div class=\"fond-img-texte__intro\">\n\t\t\t\t\tBy choosing an installer who is a member of the SEGUIN network for your installation, you will be able to benefit from real know-how, all of our partners are recognised professionals who train regularly in our training centre.\t\t\t\t<\/div>\n\t\t\t\n\t\t\t\t\t\t\t\t\t\t\t<div class=\"fond-img-texte__cta\">\n\t\t\t\t\t<a\n\t\t\t\t\t\thref=\"https:\/\/www.cheminees-seguin.com\/en\/i-find-a-dealer\/\"\n\t\t\t\t\t\tclass=\"btn btn-danger\"\n\t\t\t\t\t\t\t\t\t\t\t>\n\t\t\t\t\t\t<span>FIND A SEGUIN DEALER<\/span>\n\t\t\t\t\t<\/a>\n\t\t\t\t<\/div>\n\t\t\t\t\t<\/div>\n\t<\/div>\n<\/section>\n\n\n\n<section id=\"lanceurs-reassurance-block_233a24c47a276fc03171539a93eee19f\" class=\"lanceurs-reassurance\" data-component=\"35-lanceurs-reassurance\">\n\t\t\t<div class=\"lanceurs-reassurance__grid\">\n\t\t\t\t\t\t\t<div class=\"lanceurs-reassurance__card\">\n\t\t\t\t\t\t\t\t\t\t\t<div class=\"lanceurs-reassurance__image\">\n\t\t\t\t\t\t\t<img decoding=\"async\" src=\"https:\/\/www.cheminees-seguin.com\/wp-content\/uploads\/2026\/01\/9bf2083d45b08e8da9e10dfe34ba9d647e22d541.jpg\"\n\t\t\t\t\t\t\t\talt=\"parlez nous de votre projet d&#039;installation\" \/>\n\t\t\t\t\t\t<\/div>\n\t\t\t\t\t\n\t\t\t\t\t<div class=\"lanceurs-reassurance__content\">\n\t\t\t\t\t\t\t\t\t\t\t\t\t<h3 class=\"lanceurs-reassurance__title\">\n\t\t\t\t\t\t\t\tTell us about your project\t\t\t\t\t\t\t<\/h3>\n\t\t\t\t\t\t\n\t\t\t\t\t\t\t\t\t\t\t\t\t<div class=\"lanceurs-reassurance__description\">\n\t\t\t\t\t\t\t\tA SEGUIN expert will contact you to provide a personalized quote, with no obligation\t\t\t\t\t\t\t<\/div>\n\t\t\t\t\t\t\n\t\t\t\t\t\t\t\t\t\t\t\t\t\t\t\t\t\t\t\t<div class=\"lanceurs-reassurance__cta\">\n\t\t\t\t\t\t\t\t<a href=\"https:\/\/www.cheminees-seguin.com\/en\/request-a-quote\/\"\n\t\t\t\t\t\t\t\t\tclass=\"btn btn-secondary btn-sm\"\n\t\t\t\t\t\t\t\t\t>\n\t\t\t\t\t\t\t\t\tI would like to request a quote\t\t\t\t\t\t\t\t<\/a>\n\t\t\t\t\t\t\t<\/div>\n\t\t\t\t\t\t\t\t\t\t\t<\/div>\n\t\t\t\t<\/div>\n\t\t\t\t\t\t\t<div class=\"lanceurs-reassurance__card\">\n\t\t\t\t\t\t\t\t\t\t\t<div class=\"lanceurs-reassurance__image\">\n\t\t\t\t\t\t\t<img decoding=\"async\" src=\"https:\/\/www.cheminees-seguin.com\/wp-content\/uploads\/2026\/03\/Call-Center.jpg\"\n\t\t\t\t\t\t\t\talt=\"Nos \u00e9quipes \u00e0 votre \u00e9coute\" \/>\n\t\t\t\t\t\t<\/div>\n\t\t\t\t\t\n\t\t\t\t\t<div class=\"lanceurs-reassurance__content\">\n\t\t\t\t\t\t\t\t\t\t\t\t\t<h3 class=\"lanceurs-reassurance__title\">\n\t\t\t\t\t\t\t\tOur team is here to help\t\t\t\t\t\t\t<\/h3>\n\t\t\t\t\t\t\n\t\t\t\t\t\t\t\t\t\t\t\t\t<div class=\"lanceurs-reassurance__description\">\n\t\t\t\t\t\t\t\tWould you like to discuss your project and get advice from our team? Schedule an appointment with one of our advisors.\t\t\t\t\t\t\t<\/div>\n\t\t\t\t\t\t\n\t\t\t\t\t\t\t\t\t\t\t\t\t\t\t\t\t\t\t\t<div class=\"lanceurs-reassurance__cta\">\n\t\t\t\t\t\t\t\t<a href=\"https:\/\/www.cheminees-seguin.com\/en\/contact-us\/\"\n\t\t\t\t\t\t\t\t\tclass=\"btn btn-secondary btn-sm\"\n\t\t\t\t\t\t\t\t\t>\n\t\t\t\t\t\t\t\t\tMake an appointment\t\t\t\t\t\t\t\t<\/a>\n\t\t\t\t\t\t\t<\/div>\n\t\t\t\t\t\t\t\t\t\t\t<\/div>\n\t\t\t\t<\/div>\n\t\t\t\t\t\t\t<div class=\"lanceurs-reassurance__card\">\n\t\t\t\t\t\t\t\t\t\t\t<div class=\"lanceurs-reassurance__image\">\n\t\t\t\t\t\t\t<img decoding=\"async\" src=\"https:\/\/www.cheminees-seguin.com\/wp-content\/uploads\/2026\/03\/Visuel-Catalogue.png\"\n\t\t\t\t\t\t\t\talt=\"Demande de catalogue\" \/>\n\t\t\t\t\t\t<\/div>\n\t\t\t\t\t\n\t\t\t\t\t<div class=\"lanceurs-reassurance__content\">\n\t\t\t\t\t\t\t\t\t\t\t\t\t<h3 class=\"lanceurs-reassurance__title\">\n\t\t\t\t\t\t\t\tOur Catalogs\t\t\t\t\t\t\t<\/h3>\n\t\t\t\t\t\t\n\t\t\t\t\t\t\t\t\t\t\t\t\t<div class=\"lanceurs-reassurance__description\">\n\t\t\t\t\t\t\t\tExplore our various product lines and receive our catalogs\t\t\t\t\t\t\t<\/div>\n\t\t\t\t\t\t\n\t\t\t\t\t\t\t\t\t\t\t\t\t\t\t\t\t\t\t\t<div class=\"lanceurs-reassurance__cta\">\n\t\t\t\t\t\t\t\t<a href=\"https:\/\/www.cheminees-seguin.com\/en\/catalog\/\"\n\t\t\t\t\t\t\t\t\tclass=\"btn btn-secondary btn-sm\"\n\t\t\t\t\t\t\t\t\t>\n\t\t\t\t\t\t\t\t\tBrowse our catalogs\t\t\t\t\t\t\t\t<\/a>\n\t\t\t\t\t\t\t<\/div>\n\t\t\t\t\t\t\t\t\t\t\t<\/div>\n\t\t\t\t<\/div>\n\t\t\t\t\t<\/div>\n\t<\/section>\n","protected":false},"excerpt":{"rendered":"Prepare your SEGUIN project with peace of mind Thinking about buying a wood stove, pellet stove or a SEGUIN fireplace or insert?Before you start, it is essential to simulate your project to make the right choices: adapted power, estimate of available aid, annual consumption&#8230; At SEGUIN, we provide you with 3 free and easy-to-use simulators [&hellip;]","protected":false},"author":1,"featured_media":0,"parent":0,"menu_order":0,"comment_status":"closed","ping_status":"closed","template":"","meta":{"_acf_changed":false,"ep_exclude_from_search":false,"footnotes":""},"class_list":["post-508","page","type-page","status-publish","hentry"],"acf":[],"yoast_head":"<!-- This site is optimized with the Yoast SEO plugin v27.4 - https:\/\/yoast.com\/product\/yoast-seo-wordpress\/ -->\n<title>Simulate my project - Seguin<\/title>\n<meta name=\"description\" content=\"Simulate your SEGUIN wood heating project: ideal output, estimated consumption, and financial assistance. Start your free simulation.\" \/>\n<meta name=\"robots\" content=\"index, follow, max-snippet:-1, max-image-preview:large, max-video-preview:-1\" \/>\n<link rel=\"canonical\" href=\"https:\/\/www.cheminees-seguin.com\/en\/simulate-my-wood-heating-project\/\" \/>\n<meta property=\"og:locale\" content=\"en_US\" \/>\n<meta property=\"og:type\" content=\"article\" \/>\n<meta property=\"og:title\" content=\"Simulate my project - Seguin\" \/>\n<meta property=\"og:description\" content=\"Simulate your SEGUIN wood heating project: ideal output, estimated consumption, and financial assistance. Start your free simulation.\" \/>\n<meta property=\"og:url\" content=\"https:\/\/www.cheminees-seguin.com\/en\/simulate-my-wood-heating-project\/\" \/>\n<meta property=\"og:site_name\" content=\"Seguin\" \/>\n<meta property=\"article:modified_time\" content=\"2026-04-21T14:48:13+00:00\" \/>\n<meta name=\"twitter:card\" content=\"summary_large_image\" \/>\n<meta name=\"twitter:label1\" content=\"Est. reading time\" \/>\n\t<meta name=\"twitter:data1\" content=\"2 minutes\" \/>\n<script type=\"application\/ld+json\" class=\"yoast-schema-graph\">{\"@context\":\"https:\\\/\\\/schema.org\",\"@graph\":[{\"@type\":\"WebPage\",\"@id\":\"https:\\\/\\\/www.cheminees-seguin.com\\\/en\\\/simulate-my-wood-heating-project\\\/\",\"url\":\"https:\\\/\\\/www.cheminees-seguin.com\\\/en\\\/simulate-my-wood-heating-project\\\/\",\"name\":\"Simulate my project - Seguin\",\"isPartOf\":{\"@id\":\"https:\\\/\\\/www.cheminees-seguin.com\\\/en\\\/#website\"},\"datePublished\":\"2025-12-30T09:28:23+00:00\",\"dateModified\":\"2026-04-21T14:48:13+00:00\",\"description\":\"Simulate your SEGUIN wood heating project: ideal output, estimated consumption, and financial assistance. Start your free simulation.\",\"breadcrumb\":{\"@id\":\"https:\\\/\\\/www.cheminees-seguin.com\\\/en\\\/simulate-my-wood-heating-project\\\/#breadcrumb\"},\"inLanguage\":\"en-US\",\"potentialAction\":[{\"@type\":\"ReadAction\",\"target\":[\"https:\\\/\\\/www.cheminees-seguin.com\\\/en\\\/simulate-my-wood-heating-project\\\/\"]}]},{\"@type\":\"BreadcrumbList\",\"@id\":\"https:\\\/\\\/www.cheminees-seguin.com\\\/en\\\/simulate-my-wood-heating-project\\\/#breadcrumb\",\"itemListElement\":[{\"@type\":\"ListItem\",\"position\":1,\"name\":\"Home\",\"item\":\"https:\\\/\\\/www.cheminees-seguin.com\\\/en\\\/\"},{\"@type\":\"ListItem\",\"position\":2,\"name\":\"Simulate my project\"}]},{\"@type\":\"WebSite\",\"@id\":\"https:\\\/\\\/www.cheminees-seguin.com\\\/en\\\/#website\",\"url\":\"https:\\\/\\\/www.cheminees-seguin.com\\\/en\\\/\",\"name\":\"SEGUIN\",\"description\":\"\",\"potentialAction\":[{\"@type\":\"SearchAction\",\"target\":{\"@type\":\"EntryPoint\",\"urlTemplate\":\"https:\\\/\\\/www.cheminees-seguin.com\\\/en\\\/?s={search_term_string}\"},\"query-input\":{\"@type\":\"PropertyValueSpecification\",\"valueRequired\":true,\"valueName\":\"search_term_string\"}}],\"inLanguage\":\"en-US\"}]}<\/script>\n<!-- \/ Yoast SEO plugin. -->","yoast_head_json":{"title":"Simulate my project - Seguin","description":"Simulate your SEGUIN wood heating project: ideal output, estimated consumption, and financial assistance. Start your free simulation.","robots":{"index":"index","follow":"follow","max-snippet":"max-snippet:-1","max-image-preview":"max-image-preview:large","max-video-preview":"max-video-preview:-1"},"canonical":"https:\/\/www.cheminees-seguin.com\/en\/simulate-my-wood-heating-project\/","og_locale":"en_US","og_type":"article","og_title":"Simulate my project - Seguin","og_description":"Simulate your SEGUIN wood heating project: ideal output, estimated consumption, and financial assistance. Start your free simulation.","og_url":"https:\/\/www.cheminees-seguin.com\/en\/simulate-my-wood-heating-project\/","og_site_name":"Seguin","article_modified_time":"2026-04-21T14:48:13+00:00","twitter_card":"summary_large_image","twitter_misc":{"Est. reading time":"2 minutes"},"schema":{"@context":"https:\/\/schema.org","@graph":[{"@type":"WebPage","@id":"https:\/\/www.cheminees-seguin.com\/en\/simulate-my-wood-heating-project\/","url":"https:\/\/www.cheminees-seguin.com\/en\/simulate-my-wood-heating-project\/","name":"Simulate my project - Seguin","isPartOf":{"@id":"https:\/\/www.cheminees-seguin.com\/en\/#website"},"datePublished":"2025-12-30T09:28:23+00:00","dateModified":"2026-04-21T14:48:13+00:00","description":"Simulate your SEGUIN wood heating project: ideal output, estimated consumption, and financial assistance. Start your free simulation.","breadcrumb":{"@id":"https:\/\/www.cheminees-seguin.com\/en\/simulate-my-wood-heating-project\/#breadcrumb"},"inLanguage":"en-US","potentialAction":[{"@type":"ReadAction","target":["https:\/\/www.cheminees-seguin.com\/en\/simulate-my-wood-heating-project\/"]}]},{"@type":"BreadcrumbList","@id":"https:\/\/www.cheminees-seguin.com\/en\/simulate-my-wood-heating-project\/#breadcrumb","itemListElement":[{"@type":"ListItem","position":1,"name":"Home","item":"https:\/\/www.cheminees-seguin.com\/en\/"},{"@type":"ListItem","position":2,"name":"Simulate my project"}]},{"@type":"WebSite","@id":"https:\/\/www.cheminees-seguin.com\/en\/#website","url":"https:\/\/www.cheminees-seguin.com\/en\/","name":"SEGUIN","description":"","potentialAction":[{"@type":"SearchAction","target":{"@type":"EntryPoint","urlTemplate":"https:\/\/www.cheminees-seguin.com\/en\/?s={search_term_string}"},"query-input":{"@type":"PropertyValueSpecification","valueRequired":true,"valueName":"search_term_string"}}],"inLanguage":"en-US"}]}},"_links":{"self":[{"href":"https:\/\/www.cheminees-seguin.com\/en\/wp-json\/wp\/v2\/pages\/508","targetHints":{"allow":["GET"]}}],"collection":[{"href":"https:\/\/www.cheminees-seguin.com\/en\/wp-json\/wp\/v2\/pages"}],"about":[{"href":"https:\/\/www.cheminees-seguin.com\/en\/wp-json\/wp\/v2\/types\/page"}],"author":[{"embeddable":true,"href":"https:\/\/www.cheminees-seguin.com\/en\/wp-json\/wp\/v2\/users\/1"}],"replies":[{"embeddable":true,"href":"https:\/\/www.cheminees-seguin.com\/en\/wp-json\/wp\/v2\/comments?post=508"}],"version-history":[{"count":0,"href":"https:\/\/www.cheminees-seguin.com\/en\/wp-json\/wp\/v2\/pages\/508\/revisions"}],"wp:attachment":[{"href":"https:\/\/www.cheminees-seguin.com\/en\/wp-json\/wp\/v2\/media?parent=508"}],"curies":[{"name":"wp","href":"https:\/\/api.w.org\/{rel}","templated":true}]}}