{"id":7862,"date":"2020-11-17T12:07:05","date_gmt":"2020-11-17T11:07:05","guid":{"rendered":"https:\/\/www.cheminees-seguin.com\/?page_id=7862\/"},"modified":"2020-11-17T12:07:06","modified_gmt":"2020-11-17T11:07:06","slug":"contact-form","status":"publish","type":"page","link":"https:\/\/www.cheminees-seguin.com\/en\/contact-form\/","title":{"rendered":"Contact-form"},"content":{"rendered":"","protected":false},"excerpt":{"rendered":"","protected":false},"author":1,"featured_media":0,"parent":0,"menu_order":0,"comment_status":"closed","ping_status":"closed","template":"formulaires\/contact.php","meta":[],"acf":[],"yoast_head":"<!-- This site is optimized with the Yoast SEO plugin v21.0 - https:\/\/yoast.com\/wordpress\/plugins\/seo\/ -->\n<title>Contact-form - PO\u00caLE \u00c0 BOIS, GRANUL\u00c9S, CHEMIN\u00c9E, FOYER, INSERT<\/title>\n<meta name=\"robots\" content=\"index, follow, max-snippet:-1, max-image-preview:large, max-video-preview:-1\" \/>\n<link rel=\"canonical\" href=\"https:\/\/www.cheminees-seguin.com\/en\/contact-form\/\" \/>\n<meta property=\"og:locale\" content=\"en_GB\" \/>\n<meta property=\"og:type\" content=\"article\" \/>\n<meta property=\"og:title\" content=\"Contact-form - PO\u00caLE \u00c0 BOIS, GRANUL\u00c9S, CHEMIN\u00c9E, FOYER, INSERT\" \/>\n<meta property=\"og:url\" content=\"https:\/\/www.cheminees-seguin.com\/en\/contact-form\/\" \/>\n<meta property=\"og:site_name\" content=\"PO\u00caLE \u00c0 BOIS, GRANUL\u00c9S, CHEMIN\u00c9E, FOYER, INSERT\" \/>\n<meta property=\"article:publisher\" content=\"https:\/\/fr-fr.facebook.com\/GroupeSeguin\" \/>\n<meta property=\"article:modified_time\" content=\"2020-11-17T11:07:06+00:00\" \/>\n<meta name=\"twitter:card\" content=\"summary_large_image\" \/>\n<script type=\"application\/ld+json\" class=\"yoast-schema-graph\">{\"@context\":\"https:\/\/schema.org\",\"@graph\":[{\"@type\":\"WebPage\",\"@id\":\"https:\/\/www.cheminees-seguin.com\/en\/contact-form\/\",\"url\":\"https:\/\/www.cheminees-seguin.com\/en\/contact-form\/\",\"name\":\"Contact-form - PO\u00caLE \u00c0 BOIS, GRANUL\u00c9S, CHEMIN\u00c9E, FOYER, INSERT\",\"isPartOf\":{\"@id\":\"https:\/\/www.cheminees-seguin.com\/#website\"},\"datePublished\":\"2020-11-17T11:07:05+00:00\",\"dateModified\":\"2020-11-17T11:07:06+00:00\",\"breadcrumb\":{\"@id\":\"https:\/\/www.cheminees-seguin.com\/en\/contact-form\/#breadcrumb\"},\"inLanguage\":\"en-GB\",\"potentialAction\":[{\"@type\":\"ReadAction\",\"target\":[\"https:\/\/www.cheminees-seguin.com\/en\/contact-form\/\"]}]},{\"@type\":\"BreadcrumbList\",\"@id\":\"https:\/\/www.cheminees-seguin.com\/en\/contact-form\/#breadcrumb\",\"itemListElement\":[{\"@type\":\"ListItem\",\"position\":1,\"name\":\"Home\",\"item\":\"https:\/\/www.cheminees-seguin.com\/en\/\"},{\"@type\":\"ListItem\",\"position\":2,\"name\":\"Contact-form\"}]},{\"@type\":\"WebSite\",\"@id\":\"https:\/\/www.cheminees-seguin.com\/#website\",\"url\":\"https:\/\/www.cheminees-seguin.com\/\",\"name\":\"PO\u00caLE \u00c0 BOIS, GRANUL\u00c9S, CHEMIN\u00c9E, FOYER, INSERT\",\"description\":\"Faire de votre foyer le coeur de votre maison\",\"publisher\":{\"@id\":\"https:\/\/www.cheminees-seguin.com\/#organization\"},\"potentialAction\":[{\"@type\":\"SearchAction\",\"target\":{\"@type\":\"EntryPoint\",\"urlTemplate\":\"https:\/\/www.cheminees-seguin.com\/?s={search_term_string}\"},\"query-input\":\"required name=search_term_string\"}],\"inLanguage\":\"en-GB\"},{\"@type\":\"Organization\",\"@id\":\"https:\/\/www.cheminees-seguin.com\/#organization\",\"name\":\"SEGUIN\",\"url\":\"https:\/\/www.cheminees-seguin.com\/\",\"logo\":{\"@type\":\"ImageObject\",\"inLanguage\":\"en-GB\",\"@id\":\"https:\/\/www.cheminees-seguin.com\/#\/schema\/logo\/image\/\",\"url\":\"https:\/\/www.cheminees-seguin.com\/wp-content\/uploads\/2025\/09\/SEGUIN-RESEAU-DEPUIS-1976-fd-noir.png\",\"contentUrl\":\"https:\/\/www.cheminees-seguin.com\/wp-content\/uploads\/2025\/09\/SEGUIN-RESEAU-DEPUIS-1976-fd-noir.png\",\"width\":1181,\"height\":590,\"caption\":\"SEGUIN\"},\"image\":{\"@id\":\"https:\/\/www.cheminees-seguin.com\/#\/schema\/logo\/image\/\"},\"sameAs\":[\"https:\/\/fr-fr.facebook.com\/GroupeSeguin\",\"https:\/\/www.instagram.com\/seguinunehistoiredeflamme\/\",\"https:\/\/www.youtube.com\/user\/SeguinDuteriez\"]}]}<\/script>\n<!-- \/ Yoast SEO plugin. -->","yoast_head_json":{"title":"Contact-form - PO\u00caLE \u00c0 BOIS, GRANUL\u00c9S, CHEMIN\u00c9E, FOYER, INSERT","robots":{"index":"index","follow":"follow","max-snippet":"max-snippet:-1","max-image-preview":"max-image-preview:large","max-video-preview":"max-video-preview:-1"},"canonical":"https:\/\/www.cheminees-seguin.com\/en\/contact-form\/","og_locale":"en_GB","og_type":"article","og_title":"Contact-form - PO\u00caLE \u00c0 BOIS, GRANUL\u00c9S, CHEMIN\u00c9E, FOYER, INSERT","og_url":"https:\/\/www.cheminees-seguin.com\/en\/contact-form\/","og_site_name":"PO\u00caLE \u00c0 BOIS, GRANUL\u00c9S, CHEMIN\u00c9E, FOYER, INSERT","article_publisher":"https:\/\/fr-fr.facebook.com\/GroupeSeguin","article_modified_time":"2020-11-17T11:07:06+00:00","twitter_card":"summary_large_image","schema":{"@context":"https:\/\/schema.org","@graph":[{"@type":"WebPage","@id":"https:\/\/www.cheminees-seguin.com\/en\/contact-form\/","url":"https:\/\/www.cheminees-seguin.com\/en\/contact-form\/","name":"Contact-form - PO\u00caLE \u00c0 BOIS, GRANUL\u00c9S, CHEMIN\u00c9E, FOYER, INSERT","isPartOf":{"@id":"https:\/\/www.cheminees-seguin.com\/#website"},"datePublished":"2020-11-17T11:07:05+00:00","dateModified":"2020-11-17T11:07:06+00:00","breadcrumb":{"@id":"https:\/\/www.cheminees-seguin.com\/en\/contact-form\/#breadcrumb"},"inLanguage":"en-GB","potentialAction":[{"@type":"ReadAction","target":["https:\/\/www.cheminees-seguin.com\/en\/contact-form\/"]}]},{"@type":"BreadcrumbList","@id":"https:\/\/www.cheminees-seguin.com\/en\/contact-form\/#breadcrumb","itemListElement":[{"@type":"ListItem","position":1,"name":"Home","item":"https:\/\/www.cheminees-seguin.com\/en\/"},{"@type":"ListItem","position":2,"name":"Contact-form"}]},{"@type":"WebSite","@id":"https:\/\/www.cheminees-seguin.com\/#website","url":"https:\/\/www.cheminees-seguin.com\/","name":"PO\u00caLE \u00c0 BOIS, GRANUL\u00c9S, CHEMIN\u00c9E, FOYER, INSERT","description":"Faire de votre foyer le coeur de votre maison","publisher":{"@id":"https:\/\/www.cheminees-seguin.com\/#organization"},"potentialAction":[{"@type":"SearchAction","target":{"@type":"EntryPoint","urlTemplate":"https:\/\/www.cheminees-seguin.com\/?s={search_term_string}"},"query-input":"required name=search_term_string"}],"inLanguage":"en-GB"},{"@type":"Organization","@id":"https:\/\/www.cheminees-seguin.com\/#organization","name":"SEGUIN","url":"https:\/\/www.cheminees-seguin.com\/","logo":{"@type":"ImageObject","inLanguage":"en-GB","@id":"https:\/\/www.cheminees-seguin.com\/#\/schema\/logo\/image\/","url":"https:\/\/www.cheminees-seguin.com\/wp-content\/uploads\/2025\/09\/SEGUIN-RESEAU-DEPUIS-1976-fd-noir.png","contentUrl":"https:\/\/www.cheminees-seguin.com\/wp-content\/uploads\/2025\/09\/SEGUIN-RESEAU-DEPUIS-1976-fd-noir.png","width":1181,"height":590,"caption":"SEGUIN"},"image":{"@id":"https:\/\/www.cheminees-seguin.com\/#\/schema\/logo\/image\/"},"sameAs":["https:\/\/fr-fr.facebook.com\/GroupeSeguin","https:\/\/www.instagram.com\/seguinunehistoiredeflamme\/","https:\/\/www.youtube.com\/user\/SeguinDuteriez"]}]}},"brizy_media":[],"_links":{"self":[{"href":"https:\/\/www.cheminees-seguin.com\/en\/wp-json\/wp\/v2\/pages\/7862"}],"collection":[{"href":"https:\/\/www.cheminees-seguin.com\/en\/wp-json\/wp\/v2\/pages"}],"about":[{"href":"https:\/\/www.cheminees-seguin.com\/en\/wp-json\/wp\/v2\/types\/page"}],"author":[{"embeddable":true,"href":"https:\/\/www.cheminees-seguin.com\/en\/wp-json\/wp\/v2\/users\/1"}],"replies":[{"embeddable":true,"href":"https:\/\/www.cheminees-seguin.com\/en\/wp-json\/wp\/v2\/comments?post=7862"}],"version-history":[{"count":0,"href":"https:\/\/www.cheminees-seguin.com\/en\/wp-json\/wp\/v2\/pages\/7862\/revisions"}],"wp:attachment":[{"href":"https:\/\/www.cheminees-seguin.com\/en\/wp-json\/wp\/v2\/media?parent=7862"}],"curies":[{"name":"wp","href":"https:\/\/api.w.org\/{rel}","templated":true}]}}